{"id":661,"date":"2025-04-25T15:23:58","date_gmt":"2025-04-25T15:23:58","guid":{"rendered":"https:\/\/labaiethai.fr\/?post_type=product&#038;p=661"},"modified":"2025-04-25T15:23:58","modified_gmt":"2025-04-25T15:23:58","slug":"bo-bun-a-la-crevette","status":"publish","type":"product","link":"https:\/\/labaiethai.fr\/index.php\/produit\/bo-bun-a-la-crevette\/","title":{"rendered":"Bo Bun \u00e0 la crevette"},"content":{"rendered":"<ul>\n<li>Se d\u00e9cline avec de la truite marin\u00e9 et nems : 14.50\u20ac<\/li>\n<li>Se d\u00e9cline au b\u0153uf aux oignons et nems : 14.90\u20ac<\/li>\n<\/ul>\n<p>Ingr\u00e9dients au complets \/ Allerg\u00e8nes : nouille vermicelle de riz, persil, coriandre, soja, poivre, ail en poudre, sauce soja sal\u00e9, sauce soja sucr\u00e9e, huile de s\u00e9same, truite mari\u00e9, sauce huitre, citron, concombre, sucre de palme, b\u0153uf, oignons, carotte, concombre, cacahu\u00e8te, basilic<\/p>\n<p>Photos non contractuelles<\/p>\n","protected":false},"excerpt":{"rendered":"<p>Le bo bun (b\u00f2 = viande de b\u0153uf, b\u00fan = vermicelles de riz) est une pr\u00e9paration associ\u00e9e \u00e0 la gastronomie vietnamienne.<\/p>\n<p>Cette salade de vermicelles de riz, aux crevettes saut\u00e9es, nems, crudit\u00e9s, herbes aromatiques\u2026 Est \u00e0 la fois di\u00e9t\u00e9tique et \u00e9quilibr\u00e9e, l\u2019exemple parfait du mode de vie vietnamien. Se mange aussi bien chaud que froid en salade.<\/p>\n<p>Recommandation de la cheffe : \u00ab Bien garder au frais, et a consommer dans les deux jours. Si on a prit plusieurs diff\u00e9rents plats, mettez les tous au milieu de votre table et mangez dans le partage, comme \u00e0 la Tha\u00eflandaise ! \u00bb<\/p>\n","protected":false},"featured_media":662,"comment_status":"open","ping_status":"closed","template":"","meta":[],"product_cat":[26,29,28],"product_tag":[],"class_list":{"0":"post-661","1":"product","2":"type-product","3":"status-publish","4":"has-post-thumbnail","6":"product_cat-plats-a-commander","7":"product_cat-plats-chauds","8":"product_cat-plats-froid","10":"first","11":"instock","12":"taxable","13":"shipping-taxable","14":"purchasable","15":"product-type-simple"},"yoast_head":"<!-- This site is optimized with the Yoast SEO plugin v23.0 - https:\/\/yoast.com\/wordpress\/plugins\/seo\/ -->\n<title>Bo Bun \u00e0 la crevette - La Baie Thai<\/title>\n<meta name=\"description\" content=\"Le bo bun (b\u00f2 = viande de b\u0153uf, b\u00fan = vermicelles de riz) est une pr\u00e9paration associ\u00e9e \u00e0 la gastronomie vietnamienne. Cette salade de vermicelles de riz, lamelles de b\u0153uf \u00e0 la citronnelle, nems, crudit\u00e9s, herbes aromatiques\u2026 Est \u00e0 la fois di\u00e9t\u00e9tique et \u00e9quilibr\u00e9e, l\u2019exemple parfait du mode de vie vietnamien. Se mange aussi bien chaud que froid en salade.\u00a0Recommandation de la cheffe : \u00ab Bien garder au frais, et a consommer dans les deux jours. Si on a prit plusieurs diff\u00e9rents plats, mettez les tous au milieu de votre table et mangez dans le partage, comme \u00e0 la Tha\u00eflandaise ! \u00bb Se d\u00e9cline avec de la truite marin\u00e9 et nems : 14.50\u20acSe d\u00e9cline au b\u0153uf aux oignons et nems : 14.90\u20acIngr\u00e9dients au complets \/ Allerg\u00e8nes : nouille vermicelle de riz, persil, coriandre, soja, poivre, ail en poudre, sauce soja sal\u00e9, sauce soja sucr\u00e9e, huile de s\u00e9same, truite mari\u00e9, citron, concombre, b\u0153uf, oignons, carotte, concombre, cacahu\u00e8te\u00a0Photos non contractuelles\" \/>\n<meta name=\"robots\" content=\"index, follow, max-snippet:-1, max-image-preview:large, max-video-preview:-1\" \/>\n<link rel=\"canonical\" href=\"https:\/\/labaiethai.fr\/index.php\/produit\/bo-bun-a-la-crevette\/\" \/>\n<meta property=\"og:locale\" content=\"fr_FR\" \/>\n<meta property=\"og:type\" content=\"article\" \/>\n<meta property=\"og:title\" content=\"Bo Bun \u00e0 la crevette - La Baie Thai\" \/>\n<meta property=\"og:description\" content=\"Le bo bun (b\u00f2 = viande de b\u0153uf, b\u00fan = vermicelles de riz) est une pr\u00e9paration associ\u00e9e \u00e0 la gastronomie vietnamienne. Cette salade de vermicelles de riz, lamelles de b\u0153uf \u00e0 la citronnelle, nems, crudit\u00e9s, herbes aromatiques\u2026 Est \u00e0 la fois di\u00e9t\u00e9tique et \u00e9quilibr\u00e9e, l\u2019exemple parfait du mode de vie vietnamien. Se mange aussi bien chaud que froid en salade.\u00a0Recommandation de la cheffe : \u00ab Bien garder au frais, et a consommer dans les deux jours. Si on a prit plusieurs diff\u00e9rents plats, mettez les tous au milieu de votre table et mangez dans le partage, comme \u00e0 la Tha\u00eflandaise ! \u00bb Se d\u00e9cline avec de la truite marin\u00e9 et nems : 14.50\u20acSe d\u00e9cline au b\u0153uf aux oignons et nems : 14.90\u20acIngr\u00e9dients au complets \/ Allerg\u00e8nes : nouille vermicelle de riz, persil, coriandre, soja, poivre, ail en poudre, sauce soja sal\u00e9, sauce soja sucr\u00e9e, huile de s\u00e9same, truite mari\u00e9, citron, concombre, b\u0153uf, oignons, carotte, concombre, cacahu\u00e8te\u00a0Photos non contractuelles\" \/>\n<meta property=\"og:url\" content=\"https:\/\/labaiethai.fr\/index.php\/produit\/bo-bun-a-la-crevette\/\" \/>\n<meta property=\"og:site_name\" content=\"La Baie Thai\" \/>\n<meta property=\"og:image\" content=\"https:\/\/labaiethai.fr\/wp-content\/uploads\/2025\/04\/6A5AA601-11B5-4337-89A8-CDD8E045016D.jpeg\" \/>\n\t<meta property=\"og:image:width\" content=\"960\" \/>\n\t<meta property=\"og:image:height\" content=\"960\" \/>\n\t<meta property=\"og:image:type\" content=\"image\/jpeg\" \/>\n<meta name=\"twitter:card\" content=\"summary_large_image\" \/>\n<meta name=\"twitter:label1\" content=\"Dur\u00e9e de lecture estim\u00e9e\" \/>\n\t<meta name=\"twitter:data1\" content=\"1 minute\" \/>\n<script type=\"application\/ld+json\" class=\"yoast-schema-graph\">{\"@context\":\"https:\/\/schema.org\",\"@graph\":[{\"@type\":\"WebPage\",\"@id\":\"https:\/\/labaiethai.fr\/index.php\/produit\/bo-bun-a-la-crevette\/\",\"url\":\"https:\/\/labaiethai.fr\/index.php\/produit\/bo-bun-a-la-crevette\/\",\"name\":\"Bo Bun \u00e0 la crevette - La Baie Thai\",\"isPartOf\":{\"@id\":\"https:\/\/labaiethai.fr\/#website\"},\"primaryImageOfPage\":{\"@id\":\"https:\/\/labaiethai.fr\/index.php\/produit\/bo-bun-a-la-crevette\/#primaryimage\"},\"image\":{\"@id\":\"https:\/\/labaiethai.fr\/index.php\/produit\/bo-bun-a-la-crevette\/#primaryimage\"},\"thumbnailUrl\":\"https:\/\/labaiethai.fr\/wp-content\/uploads\/2025\/04\/6A5AA601-11B5-4337-89A8-CDD8E045016D.jpeg\",\"datePublished\":\"2025-04-25T15:23:58+00:00\",\"dateModified\":\"2025-04-25T15:23:58+00:00\",\"description\":\"Le bo bun (b\u00f2 = viande de b\u0153uf, b\u00fan = vermicelles de riz) est une pr\u00e9paration associ\u00e9e \u00e0 la gastronomie vietnamienne. Cette salade de vermicelles de riz, lamelles de b\u0153uf \u00e0 la citronnelle, nems, crudit\u00e9s, herbes aromatiques\u2026 Est \u00e0 la fois di\u00e9t\u00e9tique et \u00e9quilibr\u00e9e, l\u2019exemple parfait du mode de vie vietnamien. Se mange aussi bien chaud que froid en salade.\u00a0Recommandation de la cheffe : \u00ab Bien garder au frais, et a consommer dans les deux jours. Si on a prit plusieurs diff\u00e9rents plats, mettez les tous au milieu de votre table et mangez dans le partage, comme \u00e0 la Tha\u00eflandaise ! \u00bb Se d\u00e9cline avec de la truite marin\u00e9 et nems : 14.50\u20acSe d\u00e9cline au b\u0153uf aux oignons et nems : 14.90\u20acIngr\u00e9dients au complets \/ Allerg\u00e8nes : nouille vermicelle de riz, persil, coriandre, soja, poivre, ail en poudre, sauce soja sal\u00e9, sauce soja sucr\u00e9e, huile de s\u00e9same, truite mari\u00e9, citron, concombre, b\u0153uf, oignons, carotte, concombre, cacahu\u00e8te\u00a0Photos non contractuelles\",\"breadcrumb\":{\"@id\":\"https:\/\/labaiethai.fr\/index.php\/produit\/bo-bun-a-la-crevette\/#breadcrumb\"},\"inLanguage\":\"fr-FR\",\"potentialAction\":[{\"@type\":\"ReadAction\",\"target\":[\"https:\/\/labaiethai.fr\/index.php\/produit\/bo-bun-a-la-crevette\/\"]}]},{\"@type\":\"ImageObject\",\"inLanguage\":\"fr-FR\",\"@id\":\"https:\/\/labaiethai.fr\/index.php\/produit\/bo-bun-a-la-crevette\/#primaryimage\",\"url\":\"https:\/\/labaiethai.fr\/wp-content\/uploads\/2025\/04\/6A5AA601-11B5-4337-89A8-CDD8E045016D.jpeg\",\"contentUrl\":\"https:\/\/labaiethai.fr\/wp-content\/uploads\/2025\/04\/6A5AA601-11B5-4337-89A8-CDD8E045016D.jpeg\",\"width\":960,\"height\":960},{\"@type\":\"BreadcrumbList\",\"@id\":\"https:\/\/labaiethai.fr\/index.php\/produit\/bo-bun-a-la-crevette\/#breadcrumb\",\"itemListElement\":[{\"@type\":\"ListItem\",\"position\":1,\"name\":\"Accueil\",\"item\":\"https:\/\/labaiethai.fr\/\"},{\"@type\":\"ListItem\",\"position\":2,\"name\":\"Boutique\",\"item\":\"https:\/\/labaiethai.fr\/index.php\/boutique\/\"},{\"@type\":\"ListItem\",\"position\":3,\"name\":\"Bo Bun \u00e0 la crevette\"}]},{\"@type\":\"WebSite\",\"@id\":\"https:\/\/labaiethai.fr\/#website\",\"url\":\"https:\/\/labaiethai.fr\/\",\"name\":\"La Baie Thai\",\"description\":\"\",\"publisher\":{\"@id\":\"https:\/\/labaiethai.fr\/#organization\"},\"potentialAction\":[{\"@type\":\"SearchAction\",\"target\":{\"@type\":\"EntryPoint\",\"urlTemplate\":\"https:\/\/labaiethai.fr\/?s={search_term_string}\"},\"query-input\":\"required name=search_term_string\"}],\"inLanguage\":\"fr-FR\"},{\"@type\":\"Organization\",\"@id\":\"https:\/\/labaiethai.fr\/#organization\",\"name\":\"La Baie Thai\",\"url\":\"https:\/\/labaiethai.fr\/\",\"logo\":{\"@type\":\"ImageObject\",\"inLanguage\":\"fr-FR\",\"@id\":\"https:\/\/labaiethai.fr\/#\/schema\/logo\/image\/\",\"url\":\"https:\/\/labaiethai.fr\/wp-content\/uploads\/2024\/07\/2-removebg-preview.png\",\"contentUrl\":\"https:\/\/labaiethai.fr\/wp-content\/uploads\/2024\/07\/2-removebg-preview.png\",\"width\":690,\"height\":362,\"caption\":\"La Baie Thai\"},\"image\":{\"@id\":\"https:\/\/labaiethai.fr\/#\/schema\/logo\/image\/\"}}]}<\/script>\n<!-- \/ Yoast SEO plugin. -->","yoast_head_json":{"title":"Bo Bun \u00e0 la crevette - La Baie Thai","description":"Le bo bun (b\u00f2 = viande de b\u0153uf, b\u00fan = vermicelles de riz) est une pr\u00e9paration associ\u00e9e \u00e0 la gastronomie vietnamienne. Cette salade de vermicelles de riz, lamelles de b\u0153uf \u00e0 la citronnelle, nems, crudit\u00e9s, herbes aromatiques\u2026 Est \u00e0 la fois di\u00e9t\u00e9tique et \u00e9quilibr\u00e9e, l\u2019exemple parfait du mode de vie vietnamien. Se mange aussi bien chaud que froid en salade.\u00a0Recommandation de la cheffe : \u00ab Bien garder au frais, et a consommer dans les deux jours. Si on a prit plusieurs diff\u00e9rents plats, mettez les tous au milieu de votre table et mangez dans le partage, comme \u00e0 la Tha\u00eflandaise ! \u00bb Se d\u00e9cline avec de la truite marin\u00e9 et nems : 14.50\u20acSe d\u00e9cline au b\u0153uf aux oignons et nems : 14.90\u20acIngr\u00e9dients au complets \/ Allerg\u00e8nes : nouille vermicelle de riz, persil, coriandre, soja, poivre, ail en poudre, sauce soja sal\u00e9, sauce soja sucr\u00e9e, huile de s\u00e9same, truite mari\u00e9, citron, concombre, b\u0153uf, oignons, carotte, concombre, cacahu\u00e8te\u00a0Photos non contractuelles","robots":{"index":"index","follow":"follow","max-snippet":"max-snippet:-1","max-image-preview":"max-image-preview:large","max-video-preview":"max-video-preview:-1"},"canonical":"https:\/\/labaiethai.fr\/index.php\/produit\/bo-bun-a-la-crevette\/","og_locale":"fr_FR","og_type":"article","og_title":"Bo Bun \u00e0 la crevette - La Baie Thai","og_description":"Le bo bun (b\u00f2 = viande de b\u0153uf, b\u00fan = vermicelles de riz) est une pr\u00e9paration associ\u00e9e \u00e0 la gastronomie vietnamienne. Cette salade de vermicelles de riz, lamelles de b\u0153uf \u00e0 la citronnelle, nems, crudit\u00e9s, herbes aromatiques\u2026 Est \u00e0 la fois di\u00e9t\u00e9tique et \u00e9quilibr\u00e9e, l\u2019exemple parfait du mode de vie vietnamien. Se mange aussi bien chaud que froid en salade.\u00a0Recommandation de la cheffe : \u00ab Bien garder au frais, et a consommer dans les deux jours. Si on a prit plusieurs diff\u00e9rents plats, mettez les tous au milieu de votre table et mangez dans le partage, comme \u00e0 la Tha\u00eflandaise ! \u00bb Se d\u00e9cline avec de la truite marin\u00e9 et nems : 14.50\u20acSe d\u00e9cline au b\u0153uf aux oignons et nems : 14.90\u20acIngr\u00e9dients au complets \/ Allerg\u00e8nes : nouille vermicelle de riz, persil, coriandre, soja, poivre, ail en poudre, sauce soja sal\u00e9, sauce soja sucr\u00e9e, huile de s\u00e9same, truite mari\u00e9, citron, concombre, b\u0153uf, oignons, carotte, concombre, cacahu\u00e8te\u00a0Photos non contractuelles","og_url":"https:\/\/labaiethai.fr\/index.php\/produit\/bo-bun-a-la-crevette\/","og_site_name":"La Baie Thai","og_image":[{"width":960,"height":960,"url":"https:\/\/labaiethai.fr\/wp-content\/uploads\/2025\/04\/6A5AA601-11B5-4337-89A8-CDD8E045016D.jpeg","type":"image\/jpeg"}],"twitter_card":"summary_large_image","twitter_misc":{"Dur\u00e9e de lecture estim\u00e9e":"1 minute"},"schema":{"@context":"https:\/\/schema.org","@graph":[{"@type":"WebPage","@id":"https:\/\/labaiethai.fr\/index.php\/produit\/bo-bun-a-la-crevette\/","url":"https:\/\/labaiethai.fr\/index.php\/produit\/bo-bun-a-la-crevette\/","name":"Bo Bun \u00e0 la crevette - La Baie Thai","isPartOf":{"@id":"https:\/\/labaiethai.fr\/#website"},"primaryImageOfPage":{"@id":"https:\/\/labaiethai.fr\/index.php\/produit\/bo-bun-a-la-crevette\/#primaryimage"},"image":{"@id":"https:\/\/labaiethai.fr\/index.php\/produit\/bo-bun-a-la-crevette\/#primaryimage"},"thumbnailUrl":"https:\/\/labaiethai.fr\/wp-content\/uploads\/2025\/04\/6A5AA601-11B5-4337-89A8-CDD8E045016D.jpeg","datePublished":"2025-04-25T15:23:58+00:00","dateModified":"2025-04-25T15:23:58+00:00","description":"Le bo bun (b\u00f2 = viande de b\u0153uf, b\u00fan = vermicelles de riz) est une pr\u00e9paration associ\u00e9e \u00e0 la gastronomie vietnamienne. Cette salade de vermicelles de riz, lamelles de b\u0153uf \u00e0 la citronnelle, nems, crudit\u00e9s, herbes aromatiques\u2026 Est \u00e0 la fois di\u00e9t\u00e9tique et \u00e9quilibr\u00e9e, l\u2019exemple parfait du mode de vie vietnamien. Se mange aussi bien chaud que froid en salade.\u00a0Recommandation de la cheffe : \u00ab Bien garder au frais, et a consommer dans les deux jours. Si on a prit plusieurs diff\u00e9rents plats, mettez les tous au milieu de votre table et mangez dans le partage, comme \u00e0 la Tha\u00eflandaise ! \u00bb Se d\u00e9cline avec de la truite marin\u00e9 et nems : 14.50\u20acSe d\u00e9cline au b\u0153uf aux oignons et nems : 14.90\u20acIngr\u00e9dients au complets \/ Allerg\u00e8nes : nouille vermicelle de riz, persil, coriandre, soja, poivre, ail en poudre, sauce soja sal\u00e9, sauce soja sucr\u00e9e, huile de s\u00e9same, truite mari\u00e9, citron, concombre, b\u0153uf, oignons, carotte, concombre, cacahu\u00e8te\u00a0Photos non contractuelles","breadcrumb":{"@id":"https:\/\/labaiethai.fr\/index.php\/produit\/bo-bun-a-la-crevette\/#breadcrumb"},"inLanguage":"fr-FR","potentialAction":[{"@type":"ReadAction","target":["https:\/\/labaiethai.fr\/index.php\/produit\/bo-bun-a-la-crevette\/"]}]},{"@type":"ImageObject","inLanguage":"fr-FR","@id":"https:\/\/labaiethai.fr\/index.php\/produit\/bo-bun-a-la-crevette\/#primaryimage","url":"https:\/\/labaiethai.fr\/wp-content\/uploads\/2025\/04\/6A5AA601-11B5-4337-89A8-CDD8E045016D.jpeg","contentUrl":"https:\/\/labaiethai.fr\/wp-content\/uploads\/2025\/04\/6A5AA601-11B5-4337-89A8-CDD8E045016D.jpeg","width":960,"height":960},{"@type":"BreadcrumbList","@id":"https:\/\/labaiethai.fr\/index.php\/produit\/bo-bun-a-la-crevette\/#breadcrumb","itemListElement":[{"@type":"ListItem","position":1,"name":"Accueil","item":"https:\/\/labaiethai.fr\/"},{"@type":"ListItem","position":2,"name":"Boutique","item":"https:\/\/labaiethai.fr\/index.php\/boutique\/"},{"@type":"ListItem","position":3,"name":"Bo Bun \u00e0 la crevette"}]},{"@type":"WebSite","@id":"https:\/\/labaiethai.fr\/#website","url":"https:\/\/labaiethai.fr\/","name":"La Baie Thai","description":"","publisher":{"@id":"https:\/\/labaiethai.fr\/#organization"},"potentialAction":[{"@type":"SearchAction","target":{"@type":"EntryPoint","urlTemplate":"https:\/\/labaiethai.fr\/?s={search_term_string}"},"query-input":"required name=search_term_string"}],"inLanguage":"fr-FR"},{"@type":"Organization","@id":"https:\/\/labaiethai.fr\/#organization","name":"La Baie Thai","url":"https:\/\/labaiethai.fr\/","logo":{"@type":"ImageObject","inLanguage":"fr-FR","@id":"https:\/\/labaiethai.fr\/#\/schema\/logo\/image\/","url":"https:\/\/labaiethai.fr\/wp-content\/uploads\/2024\/07\/2-removebg-preview.png","contentUrl":"https:\/\/labaiethai.fr\/wp-content\/uploads\/2024\/07\/2-removebg-preview.png","width":690,"height":362,"caption":"La Baie Thai"},"image":{"@id":"https:\/\/labaiethai.fr\/#\/schema\/logo\/image\/"}}]}},"jetpack_sharing_enabled":true,"_links":{"self":[{"href":"https:\/\/labaiethai.fr\/index.php\/wp-json\/wp\/v2\/product\/661","targetHints":{"allow":["GET"]}}],"collection":[{"href":"https:\/\/labaiethai.fr\/index.php\/wp-json\/wp\/v2\/product"}],"about":[{"href":"https:\/\/labaiethai.fr\/index.php\/wp-json\/wp\/v2\/types\/product"}],"replies":[{"embeddable":true,"href":"https:\/\/labaiethai.fr\/index.php\/wp-json\/wp\/v2\/comments?post=661"}],"wp:featuredmedia":[{"embeddable":true,"href":"https:\/\/labaiethai.fr\/index.php\/wp-json\/wp\/v2\/media\/662"}],"wp:attachment":[{"href":"https:\/\/labaiethai.fr\/index.php\/wp-json\/wp\/v2\/media?parent=661"}],"wp:term":[{"taxonomy":"product_cat","embeddable":true,"href":"https:\/\/labaiethai.fr\/index.php\/wp-json\/wp\/v2\/product_cat?post=661"},{"taxonomy":"product_tag","embeddable":true,"href":"https:\/\/labaiethai.fr\/index.php\/wp-json\/wp\/v2\/product_tag?post=661"}],"curies":[{"name":"wp","href":"https:\/\/api.w.org\/{rel}","templated":true}]}}