{"id":656,"date":"2025-04-10T12:34:44","date_gmt":"2025-04-10T12:34:44","guid":{"rendered":"https:\/\/labaiethai.fr\/?post_type=product&#038;p=656"},"modified":"2025-04-10T12:37:41","modified_gmt":"2025-04-10T12:37:41","slug":"nem-au-crevette","status":"publish","type":"product","link":"https:\/\/labaiethai.fr\/index.php\/produit\/nem-au-crevette\/","title":{"rendered":"Nem a la crevette"},"content":{"rendered":"<p><strong>Pour une commande de plus de 30 nems, merci de faire votre commande 2 jours avant.<\/strong><\/p>\n<p><strong>Ingr\u00e9dients au complet \/ Allerg\u00e8nes : Eminc\u00e9 de crevette, carotte, \u0153uf, galette de riz, ail, oignon, sauce soja, sauce huitre, sauce poisson<\/strong><\/p>\n<p><strong>Photos non contractuelle.<\/strong><\/p>\n","protected":false},"excerpt":{"rendered":"<p><strong>Prix a l\u2019unit\u00e9.<\/strong><\/p>\n<p><strong>Id\u00e9al en ap\u00e9ro ou en entr\u00e9e avant de d\u00e9buter votre repas.<\/strong><\/p>\n<p><strong>Recommandation de la cheffe : \u00ab\u00a0<em>A accompagner avec de la bonne salade, menthe et Coriandre fraiche. R\u00e9chauffez quelques instant au grill si n\u00e9cessaire\u00a0\u00bb.<\/em><\/strong><\/p>\n","protected":false},"featured_media":400,"comment_status":"open","ping_status":"closed","template":"","meta":[],"product_cat":[26,27],"product_tag":[],"class_list":{"0":"post-656","1":"product","2":"type-product","3":"status-publish","4":"has-post-thumbnail","6":"product_cat-plats-a-commander","7":"product_cat-starters","9":"first","10":"instock","11":"taxable","12":"shipping-taxable","13":"purchasable","14":"product-type-simple"},"yoast_head":"<!-- This site is optimized with the Yoast SEO plugin v23.0 - https:\/\/yoast.com\/wordpress\/plugins\/seo\/ -->\n<title>Nem a la crevette - La Baie Thai<\/title>\n<meta name=\"description\" content=\"Id\u00e9al en ap\u00e9ro ou entr\u00e9 avant de d\u00e9buter votre repas. A accompagner avec de la salade, menthe et Coriandre. Prix a l&#039;unit\u00e9. Pour une commande de plus de 30 nems, merci de faire votre commande 2 jours avant. Ingr\u00e9dients au complet : Eminc\u00e9 de Poulet, carotte, champignon noir, \u0153uf, vermicelle de riz, galette de riz, ail, oignon. Photos non contractuelle.\" \/>\n<meta name=\"robots\" content=\"index, follow, max-snippet:-1, max-image-preview:large, max-video-preview:-1\" \/>\n<link rel=\"canonical\" href=\"https:\/\/labaiethai.fr\/index.php\/produit\/nem-au-crevette\/\" \/>\n<meta property=\"og:locale\" content=\"fr_FR\" \/>\n<meta property=\"og:type\" content=\"article\" \/>\n<meta property=\"og:title\" content=\"Nem a la crevette - La Baie Thai\" \/>\n<meta property=\"og:description\" content=\"Id\u00e9al en ap\u00e9ro ou entr\u00e9 avant de d\u00e9buter votre repas. A accompagner avec de la salade, menthe et Coriandre. Prix a l&#039;unit\u00e9. Pour une commande de plus de 30 nems, merci de faire votre commande 2 jours avant. Ingr\u00e9dients au complet : Eminc\u00e9 de Poulet, carotte, champignon noir, \u0153uf, vermicelle de riz, galette de riz, ail, oignon. Photos non contractuelle.\" \/>\n<meta property=\"og:url\" content=\"https:\/\/labaiethai.fr\/index.php\/produit\/nem-au-crevette\/\" \/>\n<meta property=\"og:site_name\" content=\"La Baie Thai\" \/>\n<meta property=\"article:modified_time\" content=\"2025-04-10T12:37:41+00:00\" \/>\n<meta property=\"og:image\" content=\"https:\/\/labaiethai.fr\/wp-content\/uploads\/2024\/08\/image_123650291-5.jpg\" \/>\n\t<meta property=\"og:image:width\" content=\"750\" \/>\n\t<meta property=\"og:image:height\" content=\"1000\" \/>\n\t<meta property=\"og:image:type\" content=\"image\/jpeg\" \/>\n<meta name=\"twitter:card\" content=\"summary_large_image\" \/>\n<meta name=\"twitter:label1\" content=\"Dur\u00e9e de lecture estim\u00e9e\" \/>\n\t<meta name=\"twitter:data1\" content=\"1 minute\" \/>\n<script type=\"application\/ld+json\" class=\"yoast-schema-graph\">{\"@context\":\"https:\/\/schema.org\",\"@graph\":[{\"@type\":\"WebPage\",\"@id\":\"https:\/\/labaiethai.fr\/index.php\/produit\/nem-au-crevette\/\",\"url\":\"https:\/\/labaiethai.fr\/index.php\/produit\/nem-au-crevette\/\",\"name\":\"Nem a la crevette - La Baie Thai\",\"isPartOf\":{\"@id\":\"https:\/\/labaiethai.fr\/#website\"},\"primaryImageOfPage\":{\"@id\":\"https:\/\/labaiethai.fr\/index.php\/produit\/nem-au-crevette\/#primaryimage\"},\"image\":{\"@id\":\"https:\/\/labaiethai.fr\/index.php\/produit\/nem-au-crevette\/#primaryimage\"},\"thumbnailUrl\":\"https:\/\/labaiethai.fr\/wp-content\/uploads\/2024\/08\/image_123650291-5.jpg\",\"datePublished\":\"2025-04-10T12:34:44+00:00\",\"dateModified\":\"2025-04-10T12:37:41+00:00\",\"description\":\"Id\u00e9al en ap\u00e9ro ou entr\u00e9 avant de d\u00e9buter votre repas. A accompagner avec de la salade, menthe et Coriandre. Prix a l'unit\u00e9. Pour une commande de plus de 30 nems, merci de faire votre commande 2 jours avant. Ingr\u00e9dients au complet : Eminc\u00e9 de Poulet, carotte, champignon noir, \u0153uf, vermicelle de riz, galette de riz, ail, oignon. Photos non contractuelle.\",\"breadcrumb\":{\"@id\":\"https:\/\/labaiethai.fr\/index.php\/produit\/nem-au-crevette\/#breadcrumb\"},\"inLanguage\":\"fr-FR\",\"potentialAction\":[{\"@type\":\"ReadAction\",\"target\":[\"https:\/\/labaiethai.fr\/index.php\/produit\/nem-au-crevette\/\"]}]},{\"@type\":\"ImageObject\",\"inLanguage\":\"fr-FR\",\"@id\":\"https:\/\/labaiethai.fr\/index.php\/produit\/nem-au-crevette\/#primaryimage\",\"url\":\"https:\/\/labaiethai.fr\/wp-content\/uploads\/2024\/08\/image_123650291-5.jpg\",\"contentUrl\":\"https:\/\/labaiethai.fr\/wp-content\/uploads\/2024\/08\/image_123650291-5.jpg\",\"width\":750,\"height\":1000},{\"@type\":\"BreadcrumbList\",\"@id\":\"https:\/\/labaiethai.fr\/index.php\/produit\/nem-au-crevette\/#breadcrumb\",\"itemListElement\":[{\"@type\":\"ListItem\",\"position\":1,\"name\":\"Accueil\",\"item\":\"https:\/\/labaiethai.fr\/\"},{\"@type\":\"ListItem\",\"position\":2,\"name\":\"Boutique\",\"item\":\"https:\/\/labaiethai.fr\/index.php\/boutique\/\"},{\"@type\":\"ListItem\",\"position\":3,\"name\":\"Nem a la crevette\"}]},{\"@type\":\"WebSite\",\"@id\":\"https:\/\/labaiethai.fr\/#website\",\"url\":\"https:\/\/labaiethai.fr\/\",\"name\":\"La Baie Thai\",\"description\":\"\",\"publisher\":{\"@id\":\"https:\/\/labaiethai.fr\/#organization\"},\"potentialAction\":[{\"@type\":\"SearchAction\",\"target\":{\"@type\":\"EntryPoint\",\"urlTemplate\":\"https:\/\/labaiethai.fr\/?s={search_term_string}\"},\"query-input\":\"required name=search_term_string\"}],\"inLanguage\":\"fr-FR\"},{\"@type\":\"Organization\",\"@id\":\"https:\/\/labaiethai.fr\/#organization\",\"name\":\"La Baie Thai\",\"url\":\"https:\/\/labaiethai.fr\/\",\"logo\":{\"@type\":\"ImageObject\",\"inLanguage\":\"fr-FR\",\"@id\":\"https:\/\/labaiethai.fr\/#\/schema\/logo\/image\/\",\"url\":\"https:\/\/labaiethai.fr\/wp-content\/uploads\/2024\/07\/2-removebg-preview.png\",\"contentUrl\":\"https:\/\/labaiethai.fr\/wp-content\/uploads\/2024\/07\/2-removebg-preview.png\",\"width\":690,\"height\":362,\"caption\":\"La Baie Thai\"},\"image\":{\"@id\":\"https:\/\/labaiethai.fr\/#\/schema\/logo\/image\/\"}}]}<\/script>\n<!-- \/ Yoast SEO plugin. -->","yoast_head_json":{"title":"Nem a la crevette - La Baie Thai","description":"Id\u00e9al en ap\u00e9ro ou entr\u00e9 avant de d\u00e9buter votre repas. A accompagner avec de la salade, menthe et Coriandre. Prix a l'unit\u00e9. Pour une commande de plus de 30 nems, merci de faire votre commande 2 jours avant. Ingr\u00e9dients au complet : Eminc\u00e9 de Poulet, carotte, champignon noir, \u0153uf, vermicelle de riz, galette de riz, ail, oignon. Photos non contractuelle.","robots":{"index":"index","follow":"follow","max-snippet":"max-snippet:-1","max-image-preview":"max-image-preview:large","max-video-preview":"max-video-preview:-1"},"canonical":"https:\/\/labaiethai.fr\/index.php\/produit\/nem-au-crevette\/","og_locale":"fr_FR","og_type":"article","og_title":"Nem a la crevette - La Baie Thai","og_description":"Id\u00e9al en ap\u00e9ro ou entr\u00e9 avant de d\u00e9buter votre repas. A accompagner avec de la salade, menthe et Coriandre. Prix a l'unit\u00e9. Pour une commande de plus de 30 nems, merci de faire votre commande 2 jours avant. Ingr\u00e9dients au complet : Eminc\u00e9 de Poulet, carotte, champignon noir, \u0153uf, vermicelle de riz, galette de riz, ail, oignon. Photos non contractuelle.","og_url":"https:\/\/labaiethai.fr\/index.php\/produit\/nem-au-crevette\/","og_site_name":"La Baie Thai","article_modified_time":"2025-04-10T12:37:41+00:00","og_image":[{"width":750,"height":1000,"url":"https:\/\/labaiethai.fr\/wp-content\/uploads\/2024\/08\/image_123650291-5.jpg","type":"image\/jpeg"}],"twitter_card":"summary_large_image","twitter_misc":{"Dur\u00e9e de lecture estim\u00e9e":"1 minute"},"schema":{"@context":"https:\/\/schema.org","@graph":[{"@type":"WebPage","@id":"https:\/\/labaiethai.fr\/index.php\/produit\/nem-au-crevette\/","url":"https:\/\/labaiethai.fr\/index.php\/produit\/nem-au-crevette\/","name":"Nem a la crevette - La Baie Thai","isPartOf":{"@id":"https:\/\/labaiethai.fr\/#website"},"primaryImageOfPage":{"@id":"https:\/\/labaiethai.fr\/index.php\/produit\/nem-au-crevette\/#primaryimage"},"image":{"@id":"https:\/\/labaiethai.fr\/index.php\/produit\/nem-au-crevette\/#primaryimage"},"thumbnailUrl":"https:\/\/labaiethai.fr\/wp-content\/uploads\/2024\/08\/image_123650291-5.jpg","datePublished":"2025-04-10T12:34:44+00:00","dateModified":"2025-04-10T12:37:41+00:00","description":"Id\u00e9al en ap\u00e9ro ou entr\u00e9 avant de d\u00e9buter votre repas. A accompagner avec de la salade, menthe et Coriandre. Prix a l'unit\u00e9. Pour une commande de plus de 30 nems, merci de faire votre commande 2 jours avant. Ingr\u00e9dients au complet : Eminc\u00e9 de Poulet, carotte, champignon noir, \u0153uf, vermicelle de riz, galette de riz, ail, oignon. Photos non contractuelle.","breadcrumb":{"@id":"https:\/\/labaiethai.fr\/index.php\/produit\/nem-au-crevette\/#breadcrumb"},"inLanguage":"fr-FR","potentialAction":[{"@type":"ReadAction","target":["https:\/\/labaiethai.fr\/index.php\/produit\/nem-au-crevette\/"]}]},{"@type":"ImageObject","inLanguage":"fr-FR","@id":"https:\/\/labaiethai.fr\/index.php\/produit\/nem-au-crevette\/#primaryimage","url":"https:\/\/labaiethai.fr\/wp-content\/uploads\/2024\/08\/image_123650291-5.jpg","contentUrl":"https:\/\/labaiethai.fr\/wp-content\/uploads\/2024\/08\/image_123650291-5.jpg","width":750,"height":1000},{"@type":"BreadcrumbList","@id":"https:\/\/labaiethai.fr\/index.php\/produit\/nem-au-crevette\/#breadcrumb","itemListElement":[{"@type":"ListItem","position":1,"name":"Accueil","item":"https:\/\/labaiethai.fr\/"},{"@type":"ListItem","position":2,"name":"Boutique","item":"https:\/\/labaiethai.fr\/index.php\/boutique\/"},{"@type":"ListItem","position":3,"name":"Nem a la crevette"}]},{"@type":"WebSite","@id":"https:\/\/labaiethai.fr\/#website","url":"https:\/\/labaiethai.fr\/","name":"La Baie Thai","description":"","publisher":{"@id":"https:\/\/labaiethai.fr\/#organization"},"potentialAction":[{"@type":"SearchAction","target":{"@type":"EntryPoint","urlTemplate":"https:\/\/labaiethai.fr\/?s={search_term_string}"},"query-input":"required name=search_term_string"}],"inLanguage":"fr-FR"},{"@type":"Organization","@id":"https:\/\/labaiethai.fr\/#organization","name":"La Baie Thai","url":"https:\/\/labaiethai.fr\/","logo":{"@type":"ImageObject","inLanguage":"fr-FR","@id":"https:\/\/labaiethai.fr\/#\/schema\/logo\/image\/","url":"https:\/\/labaiethai.fr\/wp-content\/uploads\/2024\/07\/2-removebg-preview.png","contentUrl":"https:\/\/labaiethai.fr\/wp-content\/uploads\/2024\/07\/2-removebg-preview.png","width":690,"height":362,"caption":"La Baie Thai"},"image":{"@id":"https:\/\/labaiethai.fr\/#\/schema\/logo\/image\/"}}]}},"jetpack_sharing_enabled":true,"_links":{"self":[{"href":"https:\/\/labaiethai.fr\/index.php\/wp-json\/wp\/v2\/product\/656","targetHints":{"allow":["GET"]}}],"collection":[{"href":"https:\/\/labaiethai.fr\/index.php\/wp-json\/wp\/v2\/product"}],"about":[{"href":"https:\/\/labaiethai.fr\/index.php\/wp-json\/wp\/v2\/types\/product"}],"replies":[{"embeddable":true,"href":"https:\/\/labaiethai.fr\/index.php\/wp-json\/wp\/v2\/comments?post=656"}],"wp:featuredmedia":[{"embeddable":true,"href":"https:\/\/labaiethai.fr\/index.php\/wp-json\/wp\/v2\/media\/400"}],"wp:attachment":[{"href":"https:\/\/labaiethai.fr\/index.php\/wp-json\/wp\/v2\/media?parent=656"}],"wp:term":[{"taxonomy":"product_cat","embeddable":true,"href":"https:\/\/labaiethai.fr\/index.php\/wp-json\/wp\/v2\/product_cat?post=656"},{"taxonomy":"product_tag","embeddable":true,"href":"https:\/\/labaiethai.fr\/index.php\/wp-json\/wp\/v2\/product_tag?post=656"}],"curies":[{"name":"wp","href":"https:\/\/api.w.org\/{rel}","templated":true}]}}