{"id":647,"date":"2024-10-17T07:59:51","date_gmt":"2024-10-17T07:59:51","guid":{"rendered":"https:\/\/labaiethai.fr\/?post_type=product&#038;p=647"},"modified":"2025-04-10T12:17:42","modified_gmt":"2025-04-10T12:17:42","slug":"la-perle-de-coco","status":"publish","type":"product","link":"https:\/\/labaiethai.fr\/index.php\/produit\/la-perle-de-coco\/","title":{"rendered":"La perle de coco"},"content":{"rendered":"<p>La perle de coco est un dessert qui allie la douceur du lait de coco, \u00e0 la texture unique du mochi.<\/p>\n<p>Ingr\u00e9dients au complets \/ Allerg\u00e8nes : Haricots mungo d\u00e9cortiqu\u00e9s (de couleur jaune), noix de coco r\u00e2p\u00e9e, sucre en poudre, farine de riz gluant, sucre<\/p>\n<p>Photos non contractuelles<\/p>\n","protected":false},"excerpt":{"rendered":"<p>Un bol = une unit\u00e9 = un plat = une personne.<\/p>\n<p>Un best seller chez la Baie Tha\u00ef ! Ultra fondant et r\u00e9confortant !<\/p>\n<p>Recommandation de la cheffe :<em> \u00ab A r\u00e9chauffer quelques secondes (20sec) au micro onde, rajoutez du lait de coco si souhaiter \u00bb<\/em><\/p>\n","protected":false},"featured_media":648,"comment_status":"open","ping_status":"closed","template":"","meta":[],"product_cat":[24,26],"product_tag":[],"class_list":{"0":"post-647","1":"product","2":"type-product","3":"status-publish","4":"has-post-thumbnail","6":"product_cat-desserts","7":"product_cat-plats-a-commander","9":"first","10":"instock","11":"taxable","12":"shipping-taxable","13":"purchasable","14":"product-type-simple"},"yoast_head":"<!-- This site is optimized with the Yoast SEO plugin v23.0 - https:\/\/yoast.com\/wordpress\/plugins\/seo\/ -->\n<title>La perle de coco - La Baie Thai<\/title>\n<meta name=\"description\" content=\"La perle de coco est un dessert qui allie la douceur du lait de coco, \u00e0 la texture unique du mochi.\u00a0Ingr\u00e9dients au complets \/ Allerg\u00e8nes : Haricots mungo d\u00e9cortiqu\u00e9s (de couleur jaune), noix de coco r\u00e2p\u00e9e, sucre en poudre, farine de riz gluant, sucre. Photos non contractuelles. Un bol = une unit\u00e9 = un plat = une personne. Un best seller chez la Baie Tha\u00ef ! Ultra fondant et r\u00e9confortant !Recommandation de la cheffe : \u00ab A r\u00e9chauffer quelques secondes (20sec) au micro onde, rajoutez du lait de coco si souhaiter \u00bb\" \/>\n<meta name=\"robots\" content=\"index, follow, max-snippet:-1, max-image-preview:large, max-video-preview:-1\" \/>\n<link rel=\"canonical\" href=\"https:\/\/labaiethai.fr\/index.php\/produit\/la-perle-de-coco\/\" \/>\n<meta property=\"og:locale\" content=\"fr_FR\" \/>\n<meta property=\"og:type\" content=\"article\" \/>\n<meta property=\"og:title\" content=\"La perle de coco - La Baie Thai\" \/>\n<meta property=\"og:description\" content=\"La perle de coco est un dessert qui allie la douceur du lait de coco, \u00e0 la texture unique du mochi.\u00a0Ingr\u00e9dients au complets \/ Allerg\u00e8nes : Haricots mungo d\u00e9cortiqu\u00e9s (de couleur jaune), noix de coco r\u00e2p\u00e9e, sucre en poudre, farine de riz gluant, sucre. Photos non contractuelles. Un bol = une unit\u00e9 = un plat = une personne. Un best seller chez la Baie Tha\u00ef ! Ultra fondant et r\u00e9confortant !Recommandation de la cheffe : \u00ab A r\u00e9chauffer quelques secondes (20sec) au micro onde, rajoutez du lait de coco si souhaiter \u00bb\" \/>\n<meta property=\"og:url\" content=\"https:\/\/labaiethai.fr\/index.php\/produit\/la-perle-de-coco\/\" \/>\n<meta property=\"og:site_name\" content=\"La Baie Thai\" \/>\n<meta property=\"article:modified_time\" content=\"2025-04-10T12:17:42+00:00\" \/>\n<meta property=\"og:image\" content=\"https:\/\/labaiethai.fr\/wp-content\/uploads\/2024\/10\/Perles-de-coco-sans-gluten-et-vegan.jpg\" \/>\n\t<meta property=\"og:image:width\" content=\"950\" \/>\n\t<meta property=\"og:image:height\" content=\"1310\" \/>\n\t<meta property=\"og:image:type\" content=\"image\/jpeg\" \/>\n<meta name=\"twitter:card\" content=\"summary_large_image\" \/>\n<meta name=\"twitter:label1\" content=\"Dur\u00e9e de lecture estim\u00e9e\" \/>\n\t<meta name=\"twitter:data1\" content=\"1 minute\" \/>\n<script type=\"application\/ld+json\" class=\"yoast-schema-graph\">{\"@context\":\"https:\/\/schema.org\",\"@graph\":[{\"@type\":\"WebPage\",\"@id\":\"https:\/\/labaiethai.fr\/index.php\/produit\/la-perle-de-coco\/\",\"url\":\"https:\/\/labaiethai.fr\/index.php\/produit\/la-perle-de-coco\/\",\"name\":\"La perle de coco - La Baie Thai\",\"isPartOf\":{\"@id\":\"https:\/\/labaiethai.fr\/#website\"},\"primaryImageOfPage\":{\"@id\":\"https:\/\/labaiethai.fr\/index.php\/produit\/la-perle-de-coco\/#primaryimage\"},\"image\":{\"@id\":\"https:\/\/labaiethai.fr\/index.php\/produit\/la-perle-de-coco\/#primaryimage\"},\"thumbnailUrl\":\"https:\/\/labaiethai.fr\/wp-content\/uploads\/2024\/10\/Perles-de-coco-sans-gluten-et-vegan.jpg\",\"datePublished\":\"2024-10-17T07:59:51+00:00\",\"dateModified\":\"2025-04-10T12:17:42+00:00\",\"description\":\"La perle de coco est un dessert qui allie la douceur du lait de coco, \u00e0 la texture unique du mochi.\u00a0Ingr\u00e9dients au complets \/ Allerg\u00e8nes : Haricots mungo d\u00e9cortiqu\u00e9s (de couleur jaune), noix de coco r\u00e2p\u00e9e, sucre en poudre, farine de riz gluant, sucre. Photos non contractuelles. Un bol = une unit\u00e9 = un plat = une personne. Un best seller chez la Baie Tha\u00ef ! Ultra fondant et r\u00e9confortant !Recommandation de la cheffe : \u00ab A r\u00e9chauffer quelques secondes (20sec) au micro onde, rajoutez du lait de coco si souhaiter \u00bb\",\"breadcrumb\":{\"@id\":\"https:\/\/labaiethai.fr\/index.php\/produit\/la-perle-de-coco\/#breadcrumb\"},\"inLanguage\":\"fr-FR\",\"potentialAction\":[{\"@type\":\"ReadAction\",\"target\":[\"https:\/\/labaiethai.fr\/index.php\/produit\/la-perle-de-coco\/\"]}]},{\"@type\":\"ImageObject\",\"inLanguage\":\"fr-FR\",\"@id\":\"https:\/\/labaiethai.fr\/index.php\/produit\/la-perle-de-coco\/#primaryimage\",\"url\":\"https:\/\/labaiethai.fr\/wp-content\/uploads\/2024\/10\/Perles-de-coco-sans-gluten-et-vegan.jpg\",\"contentUrl\":\"https:\/\/labaiethai.fr\/wp-content\/uploads\/2024\/10\/Perles-de-coco-sans-gluten-et-vegan.jpg\",\"width\":950,\"height\":1310},{\"@type\":\"BreadcrumbList\",\"@id\":\"https:\/\/labaiethai.fr\/index.php\/produit\/la-perle-de-coco\/#breadcrumb\",\"itemListElement\":[{\"@type\":\"ListItem\",\"position\":1,\"name\":\"Accueil\",\"item\":\"https:\/\/labaiethai.fr\/\"},{\"@type\":\"ListItem\",\"position\":2,\"name\":\"Boutique\",\"item\":\"https:\/\/labaiethai.fr\/index.php\/boutique\/\"},{\"@type\":\"ListItem\",\"position\":3,\"name\":\"La perle de coco\"}]},{\"@type\":\"WebSite\",\"@id\":\"https:\/\/labaiethai.fr\/#website\",\"url\":\"https:\/\/labaiethai.fr\/\",\"name\":\"La Baie Thai\",\"description\":\"\",\"publisher\":{\"@id\":\"https:\/\/labaiethai.fr\/#organization\"},\"potentialAction\":[{\"@type\":\"SearchAction\",\"target\":{\"@type\":\"EntryPoint\",\"urlTemplate\":\"https:\/\/labaiethai.fr\/?s={search_term_string}\"},\"query-input\":\"required name=search_term_string\"}],\"inLanguage\":\"fr-FR\"},{\"@type\":\"Organization\",\"@id\":\"https:\/\/labaiethai.fr\/#organization\",\"name\":\"La Baie Thai\",\"url\":\"https:\/\/labaiethai.fr\/\",\"logo\":{\"@type\":\"ImageObject\",\"inLanguage\":\"fr-FR\",\"@id\":\"https:\/\/labaiethai.fr\/#\/schema\/logo\/image\/\",\"url\":\"https:\/\/labaiethai.fr\/wp-content\/uploads\/2024\/07\/2-removebg-preview.png\",\"contentUrl\":\"https:\/\/labaiethai.fr\/wp-content\/uploads\/2024\/07\/2-removebg-preview.png\",\"width\":690,\"height\":362,\"caption\":\"La Baie Thai\"},\"image\":{\"@id\":\"https:\/\/labaiethai.fr\/#\/schema\/logo\/image\/\"}}]}<\/script>\n<!-- \/ Yoast SEO plugin. -->","yoast_head_json":{"title":"La perle de coco - La Baie Thai","description":"La perle de coco est un dessert qui allie la douceur du lait de coco, \u00e0 la texture unique du mochi.\u00a0Ingr\u00e9dients au complets \/ Allerg\u00e8nes : Haricots mungo d\u00e9cortiqu\u00e9s (de couleur jaune), noix de coco r\u00e2p\u00e9e, sucre en poudre, farine de riz gluant, sucre. Photos non contractuelles. Un bol = une unit\u00e9 = un plat = une personne. Un best seller chez la Baie Tha\u00ef ! Ultra fondant et r\u00e9confortant !Recommandation de la cheffe : \u00ab A r\u00e9chauffer quelques secondes (20sec) au micro onde, rajoutez du lait de coco si souhaiter \u00bb","robots":{"index":"index","follow":"follow","max-snippet":"max-snippet:-1","max-image-preview":"max-image-preview:large","max-video-preview":"max-video-preview:-1"},"canonical":"https:\/\/labaiethai.fr\/index.php\/produit\/la-perle-de-coco\/","og_locale":"fr_FR","og_type":"article","og_title":"La perle de coco - La Baie Thai","og_description":"La perle de coco est un dessert qui allie la douceur du lait de coco, \u00e0 la texture unique du mochi.\u00a0Ingr\u00e9dients au complets \/ Allerg\u00e8nes : Haricots mungo d\u00e9cortiqu\u00e9s (de couleur jaune), noix de coco r\u00e2p\u00e9e, sucre en poudre, farine de riz gluant, sucre. Photos non contractuelles. Un bol = une unit\u00e9 = un plat = une personne. Un best seller chez la Baie Tha\u00ef ! Ultra fondant et r\u00e9confortant !Recommandation de la cheffe : \u00ab A r\u00e9chauffer quelques secondes (20sec) au micro onde, rajoutez du lait de coco si souhaiter \u00bb","og_url":"https:\/\/labaiethai.fr\/index.php\/produit\/la-perle-de-coco\/","og_site_name":"La Baie Thai","article_modified_time":"2025-04-10T12:17:42+00:00","og_image":[{"width":950,"height":1310,"url":"https:\/\/labaiethai.fr\/wp-content\/uploads\/2024\/10\/Perles-de-coco-sans-gluten-et-vegan.jpg","type":"image\/jpeg"}],"twitter_card":"summary_large_image","twitter_misc":{"Dur\u00e9e de lecture estim\u00e9e":"1 minute"},"schema":{"@context":"https:\/\/schema.org","@graph":[{"@type":"WebPage","@id":"https:\/\/labaiethai.fr\/index.php\/produit\/la-perle-de-coco\/","url":"https:\/\/labaiethai.fr\/index.php\/produit\/la-perle-de-coco\/","name":"La perle de coco - La Baie Thai","isPartOf":{"@id":"https:\/\/labaiethai.fr\/#website"},"primaryImageOfPage":{"@id":"https:\/\/labaiethai.fr\/index.php\/produit\/la-perle-de-coco\/#primaryimage"},"image":{"@id":"https:\/\/labaiethai.fr\/index.php\/produit\/la-perle-de-coco\/#primaryimage"},"thumbnailUrl":"https:\/\/labaiethai.fr\/wp-content\/uploads\/2024\/10\/Perles-de-coco-sans-gluten-et-vegan.jpg","datePublished":"2024-10-17T07:59:51+00:00","dateModified":"2025-04-10T12:17:42+00:00","description":"La perle de coco est un dessert qui allie la douceur du lait de coco, \u00e0 la texture unique du mochi.\u00a0Ingr\u00e9dients au complets \/ Allerg\u00e8nes : Haricots mungo d\u00e9cortiqu\u00e9s (de couleur jaune), noix de coco r\u00e2p\u00e9e, sucre en poudre, farine de riz gluant, sucre. Photos non contractuelles. Un bol = une unit\u00e9 = un plat = une personne. Un best seller chez la Baie Tha\u00ef ! Ultra fondant et r\u00e9confortant !Recommandation de la cheffe : \u00ab A r\u00e9chauffer quelques secondes (20sec) au micro onde, rajoutez du lait de coco si souhaiter \u00bb","breadcrumb":{"@id":"https:\/\/labaiethai.fr\/index.php\/produit\/la-perle-de-coco\/#breadcrumb"},"inLanguage":"fr-FR","potentialAction":[{"@type":"ReadAction","target":["https:\/\/labaiethai.fr\/index.php\/produit\/la-perle-de-coco\/"]}]},{"@type":"ImageObject","inLanguage":"fr-FR","@id":"https:\/\/labaiethai.fr\/index.php\/produit\/la-perle-de-coco\/#primaryimage","url":"https:\/\/labaiethai.fr\/wp-content\/uploads\/2024\/10\/Perles-de-coco-sans-gluten-et-vegan.jpg","contentUrl":"https:\/\/labaiethai.fr\/wp-content\/uploads\/2024\/10\/Perles-de-coco-sans-gluten-et-vegan.jpg","width":950,"height":1310},{"@type":"BreadcrumbList","@id":"https:\/\/labaiethai.fr\/index.php\/produit\/la-perle-de-coco\/#breadcrumb","itemListElement":[{"@type":"ListItem","position":1,"name":"Accueil","item":"https:\/\/labaiethai.fr\/"},{"@type":"ListItem","position":2,"name":"Boutique","item":"https:\/\/labaiethai.fr\/index.php\/boutique\/"},{"@type":"ListItem","position":3,"name":"La perle de coco"}]},{"@type":"WebSite","@id":"https:\/\/labaiethai.fr\/#website","url":"https:\/\/labaiethai.fr\/","name":"La Baie Thai","description":"","publisher":{"@id":"https:\/\/labaiethai.fr\/#organization"},"potentialAction":[{"@type":"SearchAction","target":{"@type":"EntryPoint","urlTemplate":"https:\/\/labaiethai.fr\/?s={search_term_string}"},"query-input":"required name=search_term_string"}],"inLanguage":"fr-FR"},{"@type":"Organization","@id":"https:\/\/labaiethai.fr\/#organization","name":"La Baie Thai","url":"https:\/\/labaiethai.fr\/","logo":{"@type":"ImageObject","inLanguage":"fr-FR","@id":"https:\/\/labaiethai.fr\/#\/schema\/logo\/image\/","url":"https:\/\/labaiethai.fr\/wp-content\/uploads\/2024\/07\/2-removebg-preview.png","contentUrl":"https:\/\/labaiethai.fr\/wp-content\/uploads\/2024\/07\/2-removebg-preview.png","width":690,"height":362,"caption":"La Baie Thai"},"image":{"@id":"https:\/\/labaiethai.fr\/#\/schema\/logo\/image\/"}}]}},"jetpack_sharing_enabled":true,"_links":{"self":[{"href":"https:\/\/labaiethai.fr\/index.php\/wp-json\/wp\/v2\/product\/647","targetHints":{"allow":["GET"]}}],"collection":[{"href":"https:\/\/labaiethai.fr\/index.php\/wp-json\/wp\/v2\/product"}],"about":[{"href":"https:\/\/labaiethai.fr\/index.php\/wp-json\/wp\/v2\/types\/product"}],"replies":[{"embeddable":true,"href":"https:\/\/labaiethai.fr\/index.php\/wp-json\/wp\/v2\/comments?post=647"}],"wp:featuredmedia":[{"embeddable":true,"href":"https:\/\/labaiethai.fr\/index.php\/wp-json\/wp\/v2\/media\/648"}],"wp:attachment":[{"href":"https:\/\/labaiethai.fr\/index.php\/wp-json\/wp\/v2\/media?parent=647"}],"wp:term":[{"taxonomy":"product_cat","embeddable":true,"href":"https:\/\/labaiethai.fr\/index.php\/wp-json\/wp\/v2\/product_cat?post=647"},{"taxonomy":"product_tag","embeddable":true,"href":"https:\/\/labaiethai.fr\/index.php\/wp-json\/wp\/v2\/product_tag?post=647"}],"curies":[{"name":"wp","href":"https:\/\/api.w.org\/{rel}","templated":true}]}}