{"id":646,"date":"2024-10-15T16:11:13","date_gmt":"2024-10-15T16:11:13","guid":{"rendered":"https:\/\/labaiethai.fr\/?post_type=product&#038;p=646"},"modified":"2025-04-25T14:51:56","modified_gmt":"2025-04-25T14:51:56","slug":"soupe-de-raviolis-aux-crevettes-nouilles","status":"publish","type":"product","link":"https:\/\/labaiethai.fr\/index.php\/produit\/soupe-de-raviolis-aux-crevettes-nouilles\/","title":{"rendered":"Soupe de raviolis aux crevettes, nouilles udon"},"content":{"rendered":"<p>Ingr\u00e9dients au complets \/ Allerg\u00e8nes : Nouilles Udon de bl\u00e9, crevettes, persil, coriandre, oignon cebette, sel, poivre, ail en poudre, sauce soja sal\u00e9, sauce soja sucr\u00e9e, sauce nioc nam, huile de s\u00e9same, sucre roux, gingembre, mirin,<\/p>\n<p>Les raviolis et les nouilles seront s\u00e9par\u00e9s pour une meilleure sauvegarde du gout, conditionnement et confort de transport.<\/p>\n<p>N&rsquo;h\u00e9sitez pas \u00e0 m\u00e9langer les deux\u2026<\/p>\n<p>Photos non contractuelles<\/p>\n","protected":false},"excerpt":{"rendered":"<p>Un bol = une unit\u00e9 = un plat = une personne.<\/p>\n<p>Un best seller chez la Baie Tha\u00ef<\/p>\n<p>Recommandation de la cheffe :<em> \u00ab A r\u00e9chauffer quelques minutes au micro onde ou \u00e0 la casserole. Si on a prit plusieurs diff\u00e9rents plats, mettez les tous au milieu de votre table et mangez dans le partage, comme \u00e0 la Tha\u00eflandaise ! \u00bb<\/em><\/p>\n","protected":false},"featured_media":644,"comment_status":"open","ping_status":"closed","template":"","meta":[],"product_cat":[26,29,30],"product_tag":[],"class_list":{"0":"post-646","1":"product","2":"type-product","3":"status-publish","4":"has-post-thumbnail","6":"product_cat-plats-a-commander","7":"product_cat-plats-chauds","8":"product_cat-soupes","10":"first","11":"instock","12":"taxable","13":"shipping-taxable","14":"purchasable","15":"product-type-simple"},"yoast_head":"<!-- This site is optimized with the Yoast SEO plugin v23.0 - https:\/\/yoast.com\/wordpress\/plugins\/seo\/ -->\n<title>Soupe de raviolis aux crevettes, nouilles udon - La Baie Thai<\/title>\n<meta name=\"description\" content=\"Un bol = une unit\u00e9 = un plat = une personne. Un best seller chez la Baie Tha\u00ef. Recommandation de la cheffe :\u00a0\u00ab\u00a0A r\u00e9chauffer quelques minutes au micro onde, Si on a prit plusieurs diff\u00e9rents plats, mettez les tous au milieu de votre table et mangez dans le partage, comme \u00e0 la Tha\u00eflandaise !\u00a0\u00bb Ingr\u00e9dients au complets \/ Allerg\u00e8nes : Nouilles fines jaunes de bl\u00e9, crevettes, persil, coriandre, oignon cebette, sel, poivre, ail en poudre, sauce soja sal\u00e9, sauce soja sucr\u00e9e, sauce nioc nam, huile de s\u00e9same, sucre roux, gingembre, mirin,\u00a0Photos non contractuelles\" \/>\n<meta name=\"robots\" content=\"index, follow, max-snippet:-1, max-image-preview:large, max-video-preview:-1\" \/>\n<link rel=\"canonical\" href=\"https:\/\/labaiethai.fr\/index.php\/produit\/soupe-de-raviolis-aux-crevettes-nouilles\/\" \/>\n<meta property=\"og:locale\" content=\"fr_FR\" \/>\n<meta property=\"og:type\" content=\"article\" \/>\n<meta property=\"og:title\" content=\"Soupe de raviolis aux crevettes, nouilles udon - La Baie Thai\" \/>\n<meta property=\"og:description\" content=\"Un bol = une unit\u00e9 = un plat = une personne. Un best seller chez la Baie Tha\u00ef. Recommandation de la cheffe :\u00a0\u00ab\u00a0A r\u00e9chauffer quelques minutes au micro onde, Si on a prit plusieurs diff\u00e9rents plats, mettez les tous au milieu de votre table et mangez dans le partage, comme \u00e0 la Tha\u00eflandaise !\u00a0\u00bb Ingr\u00e9dients au complets \/ Allerg\u00e8nes : Nouilles fines jaunes de bl\u00e9, crevettes, persil, coriandre, oignon cebette, sel, poivre, ail en poudre, sauce soja sal\u00e9, sauce soja sucr\u00e9e, sauce nioc nam, huile de s\u00e9same, sucre roux, gingembre, mirin,\u00a0Photos non contractuelles\" \/>\n<meta property=\"og:url\" content=\"https:\/\/labaiethai.fr\/index.php\/produit\/soupe-de-raviolis-aux-crevettes-nouilles\/\" \/>\n<meta property=\"og:site_name\" content=\"La Baie Thai\" \/>\n<meta property=\"article:modified_time\" content=\"2025-04-25T14:51:56+00:00\" \/>\n<meta property=\"og:image\" content=\"https:\/\/labaiethai.fr\/wp-content\/uploads\/2024\/10\/0441C769-5816-4D95-8F18-9EFC4B4F7ED9.jpeg\" \/>\n\t<meta property=\"og:image:width\" content=\"786\" \/>\n\t<meta property=\"og:image:height\" content=\"640\" \/>\n\t<meta property=\"og:image:type\" content=\"image\/jpeg\" \/>\n<meta name=\"twitter:card\" content=\"summary_large_image\" \/>\n<meta name=\"twitter:label1\" content=\"Dur\u00e9e de lecture estim\u00e9e\" \/>\n\t<meta name=\"twitter:data1\" content=\"1 minute\" \/>\n<script type=\"application\/ld+json\" class=\"yoast-schema-graph\">{\"@context\":\"https:\/\/schema.org\",\"@graph\":[{\"@type\":\"WebPage\",\"@id\":\"https:\/\/labaiethai.fr\/index.php\/produit\/soupe-de-raviolis-aux-crevettes-nouilles\/\",\"url\":\"https:\/\/labaiethai.fr\/index.php\/produit\/soupe-de-raviolis-aux-crevettes-nouilles\/\",\"name\":\"Soupe de raviolis aux crevettes, nouilles udon - La Baie Thai\",\"isPartOf\":{\"@id\":\"https:\/\/labaiethai.fr\/#website\"},\"primaryImageOfPage\":{\"@id\":\"https:\/\/labaiethai.fr\/index.php\/produit\/soupe-de-raviolis-aux-crevettes-nouilles\/#primaryimage\"},\"image\":{\"@id\":\"https:\/\/labaiethai.fr\/index.php\/produit\/soupe-de-raviolis-aux-crevettes-nouilles\/#primaryimage\"},\"thumbnailUrl\":\"https:\/\/labaiethai.fr\/wp-content\/uploads\/2024\/10\/0441C769-5816-4D95-8F18-9EFC4B4F7ED9.jpeg\",\"datePublished\":\"2024-10-15T16:11:13+00:00\",\"dateModified\":\"2025-04-25T14:51:56+00:00\",\"description\":\"Un bol = une unit\u00e9 = un plat = une personne. Un best seller chez la Baie Tha\u00ef. Recommandation de la cheffe :\u00a0\u00ab\u00a0A r\u00e9chauffer quelques minutes au micro onde, Si on a prit plusieurs diff\u00e9rents plats, mettez les tous au milieu de votre table et mangez dans le partage, comme \u00e0 la Tha\u00eflandaise !\u00a0\u00bb Ingr\u00e9dients au complets \/ Allerg\u00e8nes : Nouilles fines jaunes de bl\u00e9, crevettes, persil, coriandre, oignon cebette, sel, poivre, ail en poudre, sauce soja sal\u00e9, sauce soja sucr\u00e9e, sauce nioc nam, huile de s\u00e9same, sucre roux, gingembre, mirin,\u00a0Photos non contractuelles\",\"breadcrumb\":{\"@id\":\"https:\/\/labaiethai.fr\/index.php\/produit\/soupe-de-raviolis-aux-crevettes-nouilles\/#breadcrumb\"},\"inLanguage\":\"fr-FR\",\"potentialAction\":[{\"@type\":\"ReadAction\",\"target\":[\"https:\/\/labaiethai.fr\/index.php\/produit\/soupe-de-raviolis-aux-crevettes-nouilles\/\"]}]},{\"@type\":\"ImageObject\",\"inLanguage\":\"fr-FR\",\"@id\":\"https:\/\/labaiethai.fr\/index.php\/produit\/soupe-de-raviolis-aux-crevettes-nouilles\/#primaryimage\",\"url\":\"https:\/\/labaiethai.fr\/wp-content\/uploads\/2024\/10\/0441C769-5816-4D95-8F18-9EFC4B4F7ED9.jpeg\",\"contentUrl\":\"https:\/\/labaiethai.fr\/wp-content\/uploads\/2024\/10\/0441C769-5816-4D95-8F18-9EFC4B4F7ED9.jpeg\",\"width\":786,\"height\":640},{\"@type\":\"BreadcrumbList\",\"@id\":\"https:\/\/labaiethai.fr\/index.php\/produit\/soupe-de-raviolis-aux-crevettes-nouilles\/#breadcrumb\",\"itemListElement\":[{\"@type\":\"ListItem\",\"position\":1,\"name\":\"Accueil\",\"item\":\"https:\/\/labaiethai.fr\/\"},{\"@type\":\"ListItem\",\"position\":2,\"name\":\"Boutique\",\"item\":\"https:\/\/labaiethai.fr\/index.php\/boutique\/\"},{\"@type\":\"ListItem\",\"position\":3,\"name\":\"Soupe de raviolis aux crevettes, nouilles udon\"}]},{\"@type\":\"WebSite\",\"@id\":\"https:\/\/labaiethai.fr\/#website\",\"url\":\"https:\/\/labaiethai.fr\/\",\"name\":\"La Baie Thai\",\"description\":\"\",\"publisher\":{\"@id\":\"https:\/\/labaiethai.fr\/#organization\"},\"potentialAction\":[{\"@type\":\"SearchAction\",\"target\":{\"@type\":\"EntryPoint\",\"urlTemplate\":\"https:\/\/labaiethai.fr\/?s={search_term_string}\"},\"query-input\":\"required name=search_term_string\"}],\"inLanguage\":\"fr-FR\"},{\"@type\":\"Organization\",\"@id\":\"https:\/\/labaiethai.fr\/#organization\",\"name\":\"La Baie Thai\",\"url\":\"https:\/\/labaiethai.fr\/\",\"logo\":{\"@type\":\"ImageObject\",\"inLanguage\":\"fr-FR\",\"@id\":\"https:\/\/labaiethai.fr\/#\/schema\/logo\/image\/\",\"url\":\"https:\/\/labaiethai.fr\/wp-content\/uploads\/2024\/07\/2-removebg-preview.png\",\"contentUrl\":\"https:\/\/labaiethai.fr\/wp-content\/uploads\/2024\/07\/2-removebg-preview.png\",\"width\":690,\"height\":362,\"caption\":\"La Baie Thai\"},\"image\":{\"@id\":\"https:\/\/labaiethai.fr\/#\/schema\/logo\/image\/\"}}]}<\/script>\n<!-- \/ Yoast SEO plugin. -->","yoast_head_json":{"title":"Soupe de raviolis aux crevettes, nouilles udon - La Baie Thai","description":"Un bol = une unit\u00e9 = un plat = une personne. Un best seller chez la Baie Tha\u00ef. Recommandation de la cheffe :\u00a0\u00ab\u00a0A r\u00e9chauffer quelques minutes au micro onde, Si on a prit plusieurs diff\u00e9rents plats, mettez les tous au milieu de votre table et mangez dans le partage, comme \u00e0 la Tha\u00eflandaise !\u00a0\u00bb Ingr\u00e9dients au complets \/ Allerg\u00e8nes : Nouilles fines jaunes de bl\u00e9, crevettes, persil, coriandre, oignon cebette, sel, poivre, ail en poudre, sauce soja sal\u00e9, sauce soja sucr\u00e9e, sauce nioc nam, huile de s\u00e9same, sucre roux, gingembre, mirin,\u00a0Photos non contractuelles","robots":{"index":"index","follow":"follow","max-snippet":"max-snippet:-1","max-image-preview":"max-image-preview:large","max-video-preview":"max-video-preview:-1"},"canonical":"https:\/\/labaiethai.fr\/index.php\/produit\/soupe-de-raviolis-aux-crevettes-nouilles\/","og_locale":"fr_FR","og_type":"article","og_title":"Soupe de raviolis aux crevettes, nouilles udon - La Baie Thai","og_description":"Un bol = une unit\u00e9 = un plat = une personne. Un best seller chez la Baie Tha\u00ef. Recommandation de la cheffe :\u00a0\u00ab\u00a0A r\u00e9chauffer quelques minutes au micro onde, Si on a prit plusieurs diff\u00e9rents plats, mettez les tous au milieu de votre table et mangez dans le partage, comme \u00e0 la Tha\u00eflandaise !\u00a0\u00bb Ingr\u00e9dients au complets \/ Allerg\u00e8nes : Nouilles fines jaunes de bl\u00e9, crevettes, persil, coriandre, oignon cebette, sel, poivre, ail en poudre, sauce soja sal\u00e9, sauce soja sucr\u00e9e, sauce nioc nam, huile de s\u00e9same, sucre roux, gingembre, mirin,\u00a0Photos non contractuelles","og_url":"https:\/\/labaiethai.fr\/index.php\/produit\/soupe-de-raviolis-aux-crevettes-nouilles\/","og_site_name":"La Baie Thai","article_modified_time":"2025-04-25T14:51:56+00:00","og_image":[{"width":786,"height":640,"url":"https:\/\/labaiethai.fr\/wp-content\/uploads\/2024\/10\/0441C769-5816-4D95-8F18-9EFC4B4F7ED9.jpeg","type":"image\/jpeg"}],"twitter_card":"summary_large_image","twitter_misc":{"Dur\u00e9e de lecture estim\u00e9e":"1 minute"},"schema":{"@context":"https:\/\/schema.org","@graph":[{"@type":"WebPage","@id":"https:\/\/labaiethai.fr\/index.php\/produit\/soupe-de-raviolis-aux-crevettes-nouilles\/","url":"https:\/\/labaiethai.fr\/index.php\/produit\/soupe-de-raviolis-aux-crevettes-nouilles\/","name":"Soupe de raviolis aux crevettes, nouilles udon - La Baie Thai","isPartOf":{"@id":"https:\/\/labaiethai.fr\/#website"},"primaryImageOfPage":{"@id":"https:\/\/labaiethai.fr\/index.php\/produit\/soupe-de-raviolis-aux-crevettes-nouilles\/#primaryimage"},"image":{"@id":"https:\/\/labaiethai.fr\/index.php\/produit\/soupe-de-raviolis-aux-crevettes-nouilles\/#primaryimage"},"thumbnailUrl":"https:\/\/labaiethai.fr\/wp-content\/uploads\/2024\/10\/0441C769-5816-4D95-8F18-9EFC4B4F7ED9.jpeg","datePublished":"2024-10-15T16:11:13+00:00","dateModified":"2025-04-25T14:51:56+00:00","description":"Un bol = une unit\u00e9 = un plat = une personne. Un best seller chez la Baie Tha\u00ef. Recommandation de la cheffe :\u00a0\u00ab\u00a0A r\u00e9chauffer quelques minutes au micro onde, Si on a prit plusieurs diff\u00e9rents plats, mettez les tous au milieu de votre table et mangez dans le partage, comme \u00e0 la Tha\u00eflandaise !\u00a0\u00bb Ingr\u00e9dients au complets \/ Allerg\u00e8nes : Nouilles fines jaunes de bl\u00e9, crevettes, persil, coriandre, oignon cebette, sel, poivre, ail en poudre, sauce soja sal\u00e9, sauce soja sucr\u00e9e, sauce nioc nam, huile de s\u00e9same, sucre roux, gingembre, mirin,\u00a0Photos non contractuelles","breadcrumb":{"@id":"https:\/\/labaiethai.fr\/index.php\/produit\/soupe-de-raviolis-aux-crevettes-nouilles\/#breadcrumb"},"inLanguage":"fr-FR","potentialAction":[{"@type":"ReadAction","target":["https:\/\/labaiethai.fr\/index.php\/produit\/soupe-de-raviolis-aux-crevettes-nouilles\/"]}]},{"@type":"ImageObject","inLanguage":"fr-FR","@id":"https:\/\/labaiethai.fr\/index.php\/produit\/soupe-de-raviolis-aux-crevettes-nouilles\/#primaryimage","url":"https:\/\/labaiethai.fr\/wp-content\/uploads\/2024\/10\/0441C769-5816-4D95-8F18-9EFC4B4F7ED9.jpeg","contentUrl":"https:\/\/labaiethai.fr\/wp-content\/uploads\/2024\/10\/0441C769-5816-4D95-8F18-9EFC4B4F7ED9.jpeg","width":786,"height":640},{"@type":"BreadcrumbList","@id":"https:\/\/labaiethai.fr\/index.php\/produit\/soupe-de-raviolis-aux-crevettes-nouilles\/#breadcrumb","itemListElement":[{"@type":"ListItem","position":1,"name":"Accueil","item":"https:\/\/labaiethai.fr\/"},{"@type":"ListItem","position":2,"name":"Boutique","item":"https:\/\/labaiethai.fr\/index.php\/boutique\/"},{"@type":"ListItem","position":3,"name":"Soupe de raviolis aux crevettes, nouilles udon"}]},{"@type":"WebSite","@id":"https:\/\/labaiethai.fr\/#website","url":"https:\/\/labaiethai.fr\/","name":"La Baie Thai","description":"","publisher":{"@id":"https:\/\/labaiethai.fr\/#organization"},"potentialAction":[{"@type":"SearchAction","target":{"@type":"EntryPoint","urlTemplate":"https:\/\/labaiethai.fr\/?s={search_term_string}"},"query-input":"required name=search_term_string"}],"inLanguage":"fr-FR"},{"@type":"Organization","@id":"https:\/\/labaiethai.fr\/#organization","name":"La Baie Thai","url":"https:\/\/labaiethai.fr\/","logo":{"@type":"ImageObject","inLanguage":"fr-FR","@id":"https:\/\/labaiethai.fr\/#\/schema\/logo\/image\/","url":"https:\/\/labaiethai.fr\/wp-content\/uploads\/2024\/07\/2-removebg-preview.png","contentUrl":"https:\/\/labaiethai.fr\/wp-content\/uploads\/2024\/07\/2-removebg-preview.png","width":690,"height":362,"caption":"La Baie Thai"},"image":{"@id":"https:\/\/labaiethai.fr\/#\/schema\/logo\/image\/"}}]}},"jetpack_sharing_enabled":true,"_links":{"self":[{"href":"https:\/\/labaiethai.fr\/index.php\/wp-json\/wp\/v2\/product\/646","targetHints":{"allow":["GET"]}}],"collection":[{"href":"https:\/\/labaiethai.fr\/index.php\/wp-json\/wp\/v2\/product"}],"about":[{"href":"https:\/\/labaiethai.fr\/index.php\/wp-json\/wp\/v2\/types\/product"}],"replies":[{"embeddable":true,"href":"https:\/\/labaiethai.fr\/index.php\/wp-json\/wp\/v2\/comments?post=646"}],"wp:featuredmedia":[{"embeddable":true,"href":"https:\/\/labaiethai.fr\/index.php\/wp-json\/wp\/v2\/media\/644"}],"wp:attachment":[{"href":"https:\/\/labaiethai.fr\/index.php\/wp-json\/wp\/v2\/media?parent=646"}],"wp:term":[{"taxonomy":"product_cat","embeddable":true,"href":"https:\/\/labaiethai.fr\/index.php\/wp-json\/wp\/v2\/product_cat?post=646"},{"taxonomy":"product_tag","embeddable":true,"href":"https:\/\/labaiethai.fr\/index.php\/wp-json\/wp\/v2\/product_tag?post=646"}],"curies":[{"name":"wp","href":"https:\/\/api.w.org\/{rel}","templated":true}]}}