{"id":643,"date":"2024-10-15T16:02:41","date_gmt":"2024-10-15T16:02:41","guid":{"rendered":"https:\/\/labaiethai.fr\/?post_type=product&#038;p=643"},"modified":"2024-10-15T16:04:18","modified_gmt":"2024-10-15T16:04:18","slug":"beignet-de-calamars-frit","status":"publish","type":"product","link":"https:\/\/labaiethai.fr\/index.php\/produit\/beignet-de-calamars-frit\/","title":{"rendered":"Beignet de calamars frit"},"content":{"rendered":"<p><strong>Pour une commande de plus de 30 beignets de calamars frits, merci de faire votre commande 2 jours avant.<\/strong><\/p>\n<p><strong>Ingr\u00e9dients au complet \/ Allerg\u00e8nes : Calamars, sel, poivre, ail, farine, \u0153uf, lait, eau, levure chimique, huile\u00a0<\/strong><\/p>\n<p><strong>Photos non contractuelle.<\/strong><\/p>\n","protected":false},"excerpt":{"rendered":"<p><strong>Prix a l\u2019unit\u00e9.<\/strong><\/p>\n<p><strong>Id\u00e9al en ap\u00e9ro ou en entr\u00e9e avant de d\u00e9buter votre repas.<\/strong><\/p>\n<p><strong>Recommandation de la cheffe : \u00ab\u00a0<em>A accompagner avec de la bonne salade, menthe et Coriandre fraiche. R\u00e9chauffez quelques instant au micro onde si n\u00e9cessaire avec un mini filet d\u2019eau dans le fond du bol (effet vapeur en chauffant) \u00bb.<\/em><\/strong><\/p>\n","protected":false},"featured_media":645,"comment_status":"open","ping_status":"closed","template":"","meta":[],"product_cat":[26,27],"product_tag":[],"class_list":{"0":"post-643","1":"product","2":"type-product","3":"status-publish","4":"has-post-thumbnail","6":"product_cat-plats-a-commander","7":"product_cat-starters","9":"first","10":"instock","11":"taxable","12":"shipping-taxable","13":"purchasable","14":"product-type-simple"},"yoast_head":"<!-- This site is optimized with the Yoast SEO plugin v23.0 - https:\/\/yoast.com\/wordpress\/plugins\/seo\/ -->\n<title>Beignet de calamars frit - La Baie Thai<\/title>\n<meta name=\"description\" content=\"Prix a l\u2019unit\u00e9. Id\u00e9al en ap\u00e9ro ou en entr\u00e9e avant de d\u00e9buter votre repas. Recommandation de la cheffe : \u00ab\u00a0A accompagner avec de la bonne salade, menthe et Coriandre fraiche. R\u00e9chauffez quelques instant au micro onde si n\u00e9cessaire avec un mini filet d\u2019eau dans le fond du bol (effet vapeur en chauffant) \u00bb. Pour une commande de plus de 30 beignets de calamars frits, merci de faire votre commande 2 jours avant. Ingr\u00e9dients au complet \/ Allerg\u00e8nes : Calamars, sel, poivre, ail, farine, \u0153uf, lait, eau, levure chimique, huile\u00a0Photos non contractuelle.\" \/>\n<meta name=\"robots\" content=\"index, follow, max-snippet:-1, max-image-preview:large, max-video-preview:-1\" \/>\n<link rel=\"canonical\" href=\"https:\/\/labaiethai.fr\/index.php\/produit\/beignet-de-calamars-frit\/\" \/>\n<meta property=\"og:locale\" content=\"fr_FR\" \/>\n<meta property=\"og:type\" content=\"article\" \/>\n<meta property=\"og:title\" content=\"Beignet de calamars frit - La Baie Thai\" \/>\n<meta property=\"og:description\" content=\"Prix a l\u2019unit\u00e9. Id\u00e9al en ap\u00e9ro ou en entr\u00e9e avant de d\u00e9buter votre repas. Recommandation de la cheffe : \u00ab\u00a0A accompagner avec de la bonne salade, menthe et Coriandre fraiche. R\u00e9chauffez quelques instant au micro onde si n\u00e9cessaire avec un mini filet d\u2019eau dans le fond du bol (effet vapeur en chauffant) \u00bb. Pour une commande de plus de 30 beignets de calamars frits, merci de faire votre commande 2 jours avant. Ingr\u00e9dients au complet \/ Allerg\u00e8nes : Calamars, sel, poivre, ail, farine, \u0153uf, lait, eau, levure chimique, huile\u00a0Photos non contractuelle.\" \/>\n<meta property=\"og:url\" content=\"https:\/\/labaiethai.fr\/index.php\/produit\/beignet-de-calamars-frit\/\" \/>\n<meta property=\"og:site_name\" content=\"La Baie Thai\" \/>\n<meta property=\"article:modified_time\" content=\"2024-10-15T16:04:18+00:00\" \/>\n<meta property=\"og:image\" content=\"https:\/\/labaiethai.fr\/wp-content\/uploads\/2024\/10\/IMG_4269.jpeg\" \/>\n\t<meta property=\"og:image:width\" content=\"660\" \/>\n\t<meta property=\"og:image:height\" content=\"660\" \/>\n\t<meta property=\"og:image:type\" content=\"image\/jpeg\" \/>\n<meta name=\"twitter:card\" content=\"summary_large_image\" \/>\n<meta name=\"twitter:label1\" content=\"Dur\u00e9e de lecture estim\u00e9e\" \/>\n\t<meta name=\"twitter:data1\" content=\"1 minute\" \/>\n<script type=\"application\/ld+json\" class=\"yoast-schema-graph\">{\"@context\":\"https:\/\/schema.org\",\"@graph\":[{\"@type\":\"WebPage\",\"@id\":\"https:\/\/labaiethai.fr\/index.php\/produit\/beignet-de-calamars-frit\/\",\"url\":\"https:\/\/labaiethai.fr\/index.php\/produit\/beignet-de-calamars-frit\/\",\"name\":\"Beignet de calamars frit - La Baie Thai\",\"isPartOf\":{\"@id\":\"https:\/\/labaiethai.fr\/#website\"},\"primaryImageOfPage\":{\"@id\":\"https:\/\/labaiethai.fr\/index.php\/produit\/beignet-de-calamars-frit\/#primaryimage\"},\"image\":{\"@id\":\"https:\/\/labaiethai.fr\/index.php\/produit\/beignet-de-calamars-frit\/#primaryimage\"},\"thumbnailUrl\":\"https:\/\/labaiethai.fr\/wp-content\/uploads\/2024\/10\/IMG_4269.jpeg\",\"datePublished\":\"2024-10-15T16:02:41+00:00\",\"dateModified\":\"2024-10-15T16:04:18+00:00\",\"description\":\"Prix a l\u2019unit\u00e9. Id\u00e9al en ap\u00e9ro ou en entr\u00e9e avant de d\u00e9buter votre repas. Recommandation de la cheffe : \u00ab\u00a0A accompagner avec de la bonne salade, menthe et Coriandre fraiche. R\u00e9chauffez quelques instant au micro onde si n\u00e9cessaire avec un mini filet d\u2019eau dans le fond du bol (effet vapeur en chauffant) \u00bb. Pour une commande de plus de 30 beignets de calamars frits, merci de faire votre commande 2 jours avant. Ingr\u00e9dients au complet \/ Allerg\u00e8nes : Calamars, sel, poivre, ail, farine, \u0153uf, lait, eau, levure chimique, huile\u00a0Photos non contractuelle.\",\"breadcrumb\":{\"@id\":\"https:\/\/labaiethai.fr\/index.php\/produit\/beignet-de-calamars-frit\/#breadcrumb\"},\"inLanguage\":\"fr-FR\",\"potentialAction\":[{\"@type\":\"ReadAction\",\"target\":[\"https:\/\/labaiethai.fr\/index.php\/produit\/beignet-de-calamars-frit\/\"]}]},{\"@type\":\"ImageObject\",\"inLanguage\":\"fr-FR\",\"@id\":\"https:\/\/labaiethai.fr\/index.php\/produit\/beignet-de-calamars-frit\/#primaryimage\",\"url\":\"https:\/\/labaiethai.fr\/wp-content\/uploads\/2024\/10\/IMG_4269.jpeg\",\"contentUrl\":\"https:\/\/labaiethai.fr\/wp-content\/uploads\/2024\/10\/IMG_4269.jpeg\",\"width\":660,\"height\":660},{\"@type\":\"BreadcrumbList\",\"@id\":\"https:\/\/labaiethai.fr\/index.php\/produit\/beignet-de-calamars-frit\/#breadcrumb\",\"itemListElement\":[{\"@type\":\"ListItem\",\"position\":1,\"name\":\"Accueil\",\"item\":\"https:\/\/labaiethai.fr\/\"},{\"@type\":\"ListItem\",\"position\":2,\"name\":\"Boutique\",\"item\":\"https:\/\/labaiethai.fr\/index.php\/boutique\/\"},{\"@type\":\"ListItem\",\"position\":3,\"name\":\"Beignet de calamars frit\"}]},{\"@type\":\"WebSite\",\"@id\":\"https:\/\/labaiethai.fr\/#website\",\"url\":\"https:\/\/labaiethai.fr\/\",\"name\":\"La Baie Thai\",\"description\":\"\",\"publisher\":{\"@id\":\"https:\/\/labaiethai.fr\/#organization\"},\"potentialAction\":[{\"@type\":\"SearchAction\",\"target\":{\"@type\":\"EntryPoint\",\"urlTemplate\":\"https:\/\/labaiethai.fr\/?s={search_term_string}\"},\"query-input\":\"required name=search_term_string\"}],\"inLanguage\":\"fr-FR\"},{\"@type\":\"Organization\",\"@id\":\"https:\/\/labaiethai.fr\/#organization\",\"name\":\"La Baie Thai\",\"url\":\"https:\/\/labaiethai.fr\/\",\"logo\":{\"@type\":\"ImageObject\",\"inLanguage\":\"fr-FR\",\"@id\":\"https:\/\/labaiethai.fr\/#\/schema\/logo\/image\/\",\"url\":\"https:\/\/labaiethai.fr\/wp-content\/uploads\/2024\/07\/2-removebg-preview.png\",\"contentUrl\":\"https:\/\/labaiethai.fr\/wp-content\/uploads\/2024\/07\/2-removebg-preview.png\",\"width\":690,\"height\":362,\"caption\":\"La Baie Thai\"},\"image\":{\"@id\":\"https:\/\/labaiethai.fr\/#\/schema\/logo\/image\/\"}}]}<\/script>\n<!-- \/ Yoast SEO plugin. -->","yoast_head_json":{"title":"Beignet de calamars frit - La Baie Thai","description":"Prix a l\u2019unit\u00e9. Id\u00e9al en ap\u00e9ro ou en entr\u00e9e avant de d\u00e9buter votre repas. Recommandation de la cheffe : \u00ab\u00a0A accompagner avec de la bonne salade, menthe et Coriandre fraiche. R\u00e9chauffez quelques instant au micro onde si n\u00e9cessaire avec un mini filet d\u2019eau dans le fond du bol (effet vapeur en chauffant) \u00bb. Pour une commande de plus de 30 beignets de calamars frits, merci de faire votre commande 2 jours avant. Ingr\u00e9dients au complet \/ Allerg\u00e8nes : Calamars, sel, poivre, ail, farine, \u0153uf, lait, eau, levure chimique, huile\u00a0Photos non contractuelle.","robots":{"index":"index","follow":"follow","max-snippet":"max-snippet:-1","max-image-preview":"max-image-preview:large","max-video-preview":"max-video-preview:-1"},"canonical":"https:\/\/labaiethai.fr\/index.php\/produit\/beignet-de-calamars-frit\/","og_locale":"fr_FR","og_type":"article","og_title":"Beignet de calamars frit - La Baie Thai","og_description":"Prix a l\u2019unit\u00e9. Id\u00e9al en ap\u00e9ro ou en entr\u00e9e avant de d\u00e9buter votre repas. Recommandation de la cheffe : \u00ab\u00a0A accompagner avec de la bonne salade, menthe et Coriandre fraiche. R\u00e9chauffez quelques instant au micro onde si n\u00e9cessaire avec un mini filet d\u2019eau dans le fond du bol (effet vapeur en chauffant) \u00bb. Pour une commande de plus de 30 beignets de calamars frits, merci de faire votre commande 2 jours avant. Ingr\u00e9dients au complet \/ Allerg\u00e8nes : Calamars, sel, poivre, ail, farine, \u0153uf, lait, eau, levure chimique, huile\u00a0Photos non contractuelle.","og_url":"https:\/\/labaiethai.fr\/index.php\/produit\/beignet-de-calamars-frit\/","og_site_name":"La Baie Thai","article_modified_time":"2024-10-15T16:04:18+00:00","og_image":[{"width":660,"height":660,"url":"https:\/\/labaiethai.fr\/wp-content\/uploads\/2024\/10\/IMG_4269.jpeg","type":"image\/jpeg"}],"twitter_card":"summary_large_image","twitter_misc":{"Dur\u00e9e de lecture estim\u00e9e":"1 minute"},"schema":{"@context":"https:\/\/schema.org","@graph":[{"@type":"WebPage","@id":"https:\/\/labaiethai.fr\/index.php\/produit\/beignet-de-calamars-frit\/","url":"https:\/\/labaiethai.fr\/index.php\/produit\/beignet-de-calamars-frit\/","name":"Beignet de calamars frit - La Baie Thai","isPartOf":{"@id":"https:\/\/labaiethai.fr\/#website"},"primaryImageOfPage":{"@id":"https:\/\/labaiethai.fr\/index.php\/produit\/beignet-de-calamars-frit\/#primaryimage"},"image":{"@id":"https:\/\/labaiethai.fr\/index.php\/produit\/beignet-de-calamars-frit\/#primaryimage"},"thumbnailUrl":"https:\/\/labaiethai.fr\/wp-content\/uploads\/2024\/10\/IMG_4269.jpeg","datePublished":"2024-10-15T16:02:41+00:00","dateModified":"2024-10-15T16:04:18+00:00","description":"Prix a l\u2019unit\u00e9. Id\u00e9al en ap\u00e9ro ou en entr\u00e9e avant de d\u00e9buter votre repas. Recommandation de la cheffe : \u00ab\u00a0A accompagner avec de la bonne salade, menthe et Coriandre fraiche. R\u00e9chauffez quelques instant au micro onde si n\u00e9cessaire avec un mini filet d\u2019eau dans le fond du bol (effet vapeur en chauffant) \u00bb. Pour une commande de plus de 30 beignets de calamars frits, merci de faire votre commande 2 jours avant. Ingr\u00e9dients au complet \/ Allerg\u00e8nes : Calamars, sel, poivre, ail, farine, \u0153uf, lait, eau, levure chimique, huile\u00a0Photos non contractuelle.","breadcrumb":{"@id":"https:\/\/labaiethai.fr\/index.php\/produit\/beignet-de-calamars-frit\/#breadcrumb"},"inLanguage":"fr-FR","potentialAction":[{"@type":"ReadAction","target":["https:\/\/labaiethai.fr\/index.php\/produit\/beignet-de-calamars-frit\/"]}]},{"@type":"ImageObject","inLanguage":"fr-FR","@id":"https:\/\/labaiethai.fr\/index.php\/produit\/beignet-de-calamars-frit\/#primaryimage","url":"https:\/\/labaiethai.fr\/wp-content\/uploads\/2024\/10\/IMG_4269.jpeg","contentUrl":"https:\/\/labaiethai.fr\/wp-content\/uploads\/2024\/10\/IMG_4269.jpeg","width":660,"height":660},{"@type":"BreadcrumbList","@id":"https:\/\/labaiethai.fr\/index.php\/produit\/beignet-de-calamars-frit\/#breadcrumb","itemListElement":[{"@type":"ListItem","position":1,"name":"Accueil","item":"https:\/\/labaiethai.fr\/"},{"@type":"ListItem","position":2,"name":"Boutique","item":"https:\/\/labaiethai.fr\/index.php\/boutique\/"},{"@type":"ListItem","position":3,"name":"Beignet de calamars frit"}]},{"@type":"WebSite","@id":"https:\/\/labaiethai.fr\/#website","url":"https:\/\/labaiethai.fr\/","name":"La Baie Thai","description":"","publisher":{"@id":"https:\/\/labaiethai.fr\/#organization"},"potentialAction":[{"@type":"SearchAction","target":{"@type":"EntryPoint","urlTemplate":"https:\/\/labaiethai.fr\/?s={search_term_string}"},"query-input":"required name=search_term_string"}],"inLanguage":"fr-FR"},{"@type":"Organization","@id":"https:\/\/labaiethai.fr\/#organization","name":"La Baie Thai","url":"https:\/\/labaiethai.fr\/","logo":{"@type":"ImageObject","inLanguage":"fr-FR","@id":"https:\/\/labaiethai.fr\/#\/schema\/logo\/image\/","url":"https:\/\/labaiethai.fr\/wp-content\/uploads\/2024\/07\/2-removebg-preview.png","contentUrl":"https:\/\/labaiethai.fr\/wp-content\/uploads\/2024\/07\/2-removebg-preview.png","width":690,"height":362,"caption":"La Baie Thai"},"image":{"@id":"https:\/\/labaiethai.fr\/#\/schema\/logo\/image\/"}}]}},"jetpack_sharing_enabled":true,"_links":{"self":[{"href":"https:\/\/labaiethai.fr\/index.php\/wp-json\/wp\/v2\/product\/643","targetHints":{"allow":["GET"]}}],"collection":[{"href":"https:\/\/labaiethai.fr\/index.php\/wp-json\/wp\/v2\/product"}],"about":[{"href":"https:\/\/labaiethai.fr\/index.php\/wp-json\/wp\/v2\/types\/product"}],"replies":[{"embeddable":true,"href":"https:\/\/labaiethai.fr\/index.php\/wp-json\/wp\/v2\/comments?post=643"}],"wp:featuredmedia":[{"embeddable":true,"href":"https:\/\/labaiethai.fr\/index.php\/wp-json\/wp\/v2\/media\/645"}],"wp:attachment":[{"href":"https:\/\/labaiethai.fr\/index.php\/wp-json\/wp\/v2\/media?parent=643"}],"wp:term":[{"taxonomy":"product_cat","embeddable":true,"href":"https:\/\/labaiethai.fr\/index.php\/wp-json\/wp\/v2\/product_cat?post=643"},{"taxonomy":"product_tag","embeddable":true,"href":"https:\/\/labaiethai.fr\/index.php\/wp-json\/wp\/v2\/product_tag?post=643"}],"curies":[{"name":"wp","href":"https:\/\/api.w.org\/{rel}","templated":true}]}}