{"id":537,"date":"2024-09-11T08:56:09","date_gmt":"2024-09-11T08:56:09","guid":{"rendered":"https:\/\/labaiethai.fr\/?post_type=product&#038;p=537"},"modified":"2025-04-26T11:25:27","modified_gmt":"2025-04-26T11:25:27","slug":"service-traiteur-premium-la-baie-thai-betaille-restaurant-asiatique-traiteur-asiatique-buffet-traiteur-banquet-evenement","status":"publish","type":"product","link":"https:\/\/labaiethai.fr\/index.php\/produit\/service-traiteur-premium-la-baie-thai-betaille-restaurant-asiatique-traiteur-asiatique-buffet-traiteur-banquet-evenement\/","title":{"rendered":"Service Traiteur PREMIUM"},"content":{"rendered":"<p>Nous vous livrons a l&rsquo;heure souhait\u00e9e, et nous vous installons le banquet sous forme de buffet avec des chaftings dish (voir photos) qui vous maintiennent vos plats au chaud pendant 4h.<\/p>\n<p>Nous fournissons si souhait\u00e9, nappe, ustensiles, les sauces.<\/p>\n<p>Nous revenons d\u00e9barrasser \u00e0 l&rsquo;heure souhait\u00e9e \u00e9galement.<\/p>\n<p>Nous n&rsquo;aurez rien a faire pendant notre absence si ce n&rsquo;est vous servir et vous r\u00e9galer !<\/p>\n<p>&nbsp;<\/p>\n","protected":false},"excerpt":{"rendered":"<p>A PARTIR DE 15 PERSONNES UNQUEMENT. SUR DEVIS<\/p>\n<p>2 Entr\u00e9es &#8211; 2 plats &#8211; 2 accompagnements &#8211; 1 dessert &#8211; 1 boisson, au choix selon la carte<\/p>\n<p>Appelez directement la Baie Tha\u00ef au 06 49 67 15 95 ou via mail: kassamafouquet17@gmail.com (Contactez moi, page Concept)<\/p>\n<p>&nbsp;<\/p>\n<p>&nbsp;<\/p>\n","protected":false},"featured_media":209,"comment_status":"open","ping_status":"closed","template":"","meta":[],"product_cat":[31],"product_tag":[],"class_list":{"0":"post-537","1":"product","2":"type-product","3":"status-publish","4":"has-post-thumbnail","6":"product_cat-traiteur-evenementiel","8":"first","9":"instock","10":"taxable","11":"shipping-taxable","12":"product-type-simple"},"yoast_head":"<!-- This site is optimized with the Yoast SEO plugin v23.0 - https:\/\/yoast.com\/wordpress\/plugins\/seo\/ -->\n<title>Service Traiteur PREMIUM - La Baie Thai<\/title>\n<meta name=\"description\" content=\"A PARTIR DE 15 PERSONNES: 19.90\u20ac \/ personne2 Entr\u00e9es - 2 plats - 2 accompagnements - 2 desserts, au choix selon la carte\u00a0Appelez directement la Baie Tha\u00ef au 06 49 67 15 95 ou via mail: kassamafouquet17@gmail.com (Contactez moi, page Concept) Nous vous livrons a l&#039;heure souhait\u00e9e, et nous vous installons le banquet sous forme de buffet avec des chaftings dish (voir photos) qui vous maintiennent vos plats au chaud pendant 4h.Nous fournissons si souhait\u00e9, nappe, ustensiles, les sauces.\u00a0Nous revenons d\u00e9barrasser \u00e0 l&#039;heure souhait\u00e9e \u00e9galement.\u00a0Nous n&#039;aurez rien a faire pendant notre absence si ce n&#039;est vous servir et vous r\u00e9galer !\u00a0\u00a0\" \/>\n<meta name=\"robots\" content=\"index, follow, max-snippet:-1, max-image-preview:large, max-video-preview:-1\" \/>\n<link rel=\"canonical\" href=\"https:\/\/labaiethai.fr\/index.php\/produit\/service-traiteur-premium-la-baie-thai-betaille-restaurant-asiatique-traiteur-asiatique-buffet-traiteur-banquet-evenement\/\" \/>\n<meta property=\"og:locale\" content=\"fr_FR\" \/>\n<meta property=\"og:type\" content=\"article\" \/>\n<meta property=\"og:title\" content=\"Service Traiteur PREMIUM - La Baie Thai\" \/>\n<meta property=\"og:description\" content=\"A PARTIR DE 15 PERSONNES: 19.90\u20ac \/ personne2 Entr\u00e9es - 2 plats - 2 accompagnements - 2 desserts, au choix selon la carte\u00a0Appelez directement la Baie Tha\u00ef au 06 49 67 15 95 ou via mail: kassamafouquet17@gmail.com (Contactez moi, page Concept) Nous vous livrons a l&#039;heure souhait\u00e9e, et nous vous installons le banquet sous forme de buffet avec des chaftings dish (voir photos) qui vous maintiennent vos plats au chaud pendant 4h.Nous fournissons si souhait\u00e9, nappe, ustensiles, les sauces.\u00a0Nous revenons d\u00e9barrasser \u00e0 l&#039;heure souhait\u00e9e \u00e9galement.\u00a0Nous n&#039;aurez rien a faire pendant notre absence si ce n&#039;est vous servir et vous r\u00e9galer !\u00a0\u00a0\" \/>\n<meta property=\"og:url\" content=\"https:\/\/labaiethai.fr\/index.php\/produit\/service-traiteur-premium-la-baie-thai-betaille-restaurant-asiatique-traiteur-asiatique-buffet-traiteur-banquet-evenement\/\" \/>\n<meta property=\"og:site_name\" content=\"La Baie Thai\" \/>\n<meta property=\"article:modified_time\" content=\"2025-04-26T11:25:27+00:00\" \/>\n<meta property=\"og:image\" content=\"https:\/\/labaiethai.fr\/wp-content\/uploads\/2024\/07\/image_123650291-3.jpg\" \/>\n\t<meta property=\"og:image:width\" content=\"960\" \/>\n\t<meta property=\"og:image:height\" content=\"740\" \/>\n\t<meta property=\"og:image:type\" content=\"image\/jpeg\" \/>\n<meta name=\"twitter:card\" content=\"summary_large_image\" \/>\n<meta name=\"twitter:label1\" content=\"Dur\u00e9e de lecture estim\u00e9e\" \/>\n\t<meta name=\"twitter:data1\" content=\"1 minute\" \/>\n<script type=\"application\/ld+json\" class=\"yoast-schema-graph\">{\"@context\":\"https:\/\/schema.org\",\"@graph\":[{\"@type\":\"WebPage\",\"@id\":\"https:\/\/labaiethai.fr\/index.php\/produit\/service-traiteur-premium-la-baie-thai-betaille-restaurant-asiatique-traiteur-asiatique-buffet-traiteur-banquet-evenement\/\",\"url\":\"https:\/\/labaiethai.fr\/index.php\/produit\/service-traiteur-premium-la-baie-thai-betaille-restaurant-asiatique-traiteur-asiatique-buffet-traiteur-banquet-evenement\/\",\"name\":\"Service Traiteur PREMIUM - La Baie Thai\",\"isPartOf\":{\"@id\":\"https:\/\/labaiethai.fr\/#website\"},\"primaryImageOfPage\":{\"@id\":\"https:\/\/labaiethai.fr\/index.php\/produit\/service-traiteur-premium-la-baie-thai-betaille-restaurant-asiatique-traiteur-asiatique-buffet-traiteur-banquet-evenement\/#primaryimage\"},\"image\":{\"@id\":\"https:\/\/labaiethai.fr\/index.php\/produit\/service-traiteur-premium-la-baie-thai-betaille-restaurant-asiatique-traiteur-asiatique-buffet-traiteur-banquet-evenement\/#primaryimage\"},\"thumbnailUrl\":\"https:\/\/labaiethai.fr\/wp-content\/uploads\/2024\/07\/image_123650291-3.jpg\",\"datePublished\":\"2024-09-11T08:56:09+00:00\",\"dateModified\":\"2025-04-26T11:25:27+00:00\",\"description\":\"A PARTIR DE 15 PERSONNES: 19.90\u20ac \/ personne2 Entr\u00e9es - 2 plats - 2 accompagnements - 2 desserts, au choix selon la carte\u00a0Appelez directement la Baie Tha\u00ef au 06 49 67 15 95 ou via mail: kassamafouquet17@gmail.com (Contactez moi, page Concept) Nous vous livrons a l'heure souhait\u00e9e, et nous vous installons le banquet sous forme de buffet avec des chaftings dish (voir photos) qui vous maintiennent vos plats au chaud pendant 4h.Nous fournissons si souhait\u00e9, nappe, ustensiles, les sauces.\u00a0Nous revenons d\u00e9barrasser \u00e0 l'heure souhait\u00e9e \u00e9galement.\u00a0Nous n'aurez rien a faire pendant notre absence si ce n'est vous servir et vous r\u00e9galer !\u00a0\u00a0\",\"breadcrumb\":{\"@id\":\"https:\/\/labaiethai.fr\/index.php\/produit\/service-traiteur-premium-la-baie-thai-betaille-restaurant-asiatique-traiteur-asiatique-buffet-traiteur-banquet-evenement\/#breadcrumb\"},\"inLanguage\":\"fr-FR\",\"potentialAction\":[{\"@type\":\"ReadAction\",\"target\":[\"https:\/\/labaiethai.fr\/index.php\/produit\/service-traiteur-premium-la-baie-thai-betaille-restaurant-asiatique-traiteur-asiatique-buffet-traiteur-banquet-evenement\/\"]}]},{\"@type\":\"ImageObject\",\"inLanguage\":\"fr-FR\",\"@id\":\"https:\/\/labaiethai.fr\/index.php\/produit\/service-traiteur-premium-la-baie-thai-betaille-restaurant-asiatique-traiteur-asiatique-buffet-traiteur-banquet-evenement\/#primaryimage\",\"url\":\"https:\/\/labaiethai.fr\/wp-content\/uploads\/2024\/07\/image_123650291-3.jpg\",\"contentUrl\":\"https:\/\/labaiethai.fr\/wp-content\/uploads\/2024\/07\/image_123650291-3.jpg\",\"width\":960,\"height\":740},{\"@type\":\"BreadcrumbList\",\"@id\":\"https:\/\/labaiethai.fr\/index.php\/produit\/service-traiteur-premium-la-baie-thai-betaille-restaurant-asiatique-traiteur-asiatique-buffet-traiteur-banquet-evenement\/#breadcrumb\",\"itemListElement\":[{\"@type\":\"ListItem\",\"position\":1,\"name\":\"Accueil\",\"item\":\"https:\/\/labaiethai.fr\/\"},{\"@type\":\"ListItem\",\"position\":2,\"name\":\"Boutique\",\"item\":\"https:\/\/labaiethai.fr\/index.php\/boutique\/\"},{\"@type\":\"ListItem\",\"position\":3,\"name\":\"Service Traiteur PREMIUM\"}]},{\"@type\":\"WebSite\",\"@id\":\"https:\/\/labaiethai.fr\/#website\",\"url\":\"https:\/\/labaiethai.fr\/\",\"name\":\"La Baie Thai\",\"description\":\"\",\"publisher\":{\"@id\":\"https:\/\/labaiethai.fr\/#organization\"},\"potentialAction\":[{\"@type\":\"SearchAction\",\"target\":{\"@type\":\"EntryPoint\",\"urlTemplate\":\"https:\/\/labaiethai.fr\/?s={search_term_string}\"},\"query-input\":\"required name=search_term_string\"}],\"inLanguage\":\"fr-FR\"},{\"@type\":\"Organization\",\"@id\":\"https:\/\/labaiethai.fr\/#organization\",\"name\":\"La Baie Thai\",\"url\":\"https:\/\/labaiethai.fr\/\",\"logo\":{\"@type\":\"ImageObject\",\"inLanguage\":\"fr-FR\",\"@id\":\"https:\/\/labaiethai.fr\/#\/schema\/logo\/image\/\",\"url\":\"https:\/\/labaiethai.fr\/wp-content\/uploads\/2024\/07\/2-removebg-preview.png\",\"contentUrl\":\"https:\/\/labaiethai.fr\/wp-content\/uploads\/2024\/07\/2-removebg-preview.png\",\"width\":690,\"height\":362,\"caption\":\"La Baie Thai\"},\"image\":{\"@id\":\"https:\/\/labaiethai.fr\/#\/schema\/logo\/image\/\"}}]}<\/script>\n<!-- \/ Yoast SEO plugin. -->","yoast_head_json":{"title":"Service Traiteur PREMIUM - La Baie Thai","description":"A PARTIR DE 15 PERSONNES: 19.90\u20ac \/ personne2 Entr\u00e9es - 2 plats - 2 accompagnements - 2 desserts, au choix selon la carte\u00a0Appelez directement la Baie Tha\u00ef au 06 49 67 15 95 ou via mail: kassamafouquet17@gmail.com (Contactez moi, page Concept) Nous vous livrons a l'heure souhait\u00e9e, et nous vous installons le banquet sous forme de buffet avec des chaftings dish (voir photos) qui vous maintiennent vos plats au chaud pendant 4h.Nous fournissons si souhait\u00e9, nappe, ustensiles, les sauces.\u00a0Nous revenons d\u00e9barrasser \u00e0 l'heure souhait\u00e9e \u00e9galement.\u00a0Nous n'aurez rien a faire pendant notre absence si ce n'est vous servir et vous r\u00e9galer !\u00a0\u00a0","robots":{"index":"index","follow":"follow","max-snippet":"max-snippet:-1","max-image-preview":"max-image-preview:large","max-video-preview":"max-video-preview:-1"},"canonical":"https:\/\/labaiethai.fr\/index.php\/produit\/service-traiteur-premium-la-baie-thai-betaille-restaurant-asiatique-traiteur-asiatique-buffet-traiteur-banquet-evenement\/","og_locale":"fr_FR","og_type":"article","og_title":"Service Traiteur PREMIUM - La Baie Thai","og_description":"A PARTIR DE 15 PERSONNES: 19.90\u20ac \/ personne2 Entr\u00e9es - 2 plats - 2 accompagnements - 2 desserts, au choix selon la carte\u00a0Appelez directement la Baie Tha\u00ef au 06 49 67 15 95 ou via mail: kassamafouquet17@gmail.com (Contactez moi, page Concept) Nous vous livrons a l'heure souhait\u00e9e, et nous vous installons le banquet sous forme de buffet avec des chaftings dish (voir photos) qui vous maintiennent vos plats au chaud pendant 4h.Nous fournissons si souhait\u00e9, nappe, ustensiles, les sauces.\u00a0Nous revenons d\u00e9barrasser \u00e0 l'heure souhait\u00e9e \u00e9galement.\u00a0Nous n'aurez rien a faire pendant notre absence si ce n'est vous servir et vous r\u00e9galer !\u00a0\u00a0","og_url":"https:\/\/labaiethai.fr\/index.php\/produit\/service-traiteur-premium-la-baie-thai-betaille-restaurant-asiatique-traiteur-asiatique-buffet-traiteur-banquet-evenement\/","og_site_name":"La Baie Thai","article_modified_time":"2025-04-26T11:25:27+00:00","og_image":[{"width":960,"height":740,"url":"https:\/\/labaiethai.fr\/wp-content\/uploads\/2024\/07\/image_123650291-3.jpg","type":"image\/jpeg"}],"twitter_card":"summary_large_image","twitter_misc":{"Dur\u00e9e de lecture estim\u00e9e":"1 minute"},"schema":{"@context":"https:\/\/schema.org","@graph":[{"@type":"WebPage","@id":"https:\/\/labaiethai.fr\/index.php\/produit\/service-traiteur-premium-la-baie-thai-betaille-restaurant-asiatique-traiteur-asiatique-buffet-traiteur-banquet-evenement\/","url":"https:\/\/labaiethai.fr\/index.php\/produit\/service-traiteur-premium-la-baie-thai-betaille-restaurant-asiatique-traiteur-asiatique-buffet-traiteur-banquet-evenement\/","name":"Service Traiteur PREMIUM - La Baie Thai","isPartOf":{"@id":"https:\/\/labaiethai.fr\/#website"},"primaryImageOfPage":{"@id":"https:\/\/labaiethai.fr\/index.php\/produit\/service-traiteur-premium-la-baie-thai-betaille-restaurant-asiatique-traiteur-asiatique-buffet-traiteur-banquet-evenement\/#primaryimage"},"image":{"@id":"https:\/\/labaiethai.fr\/index.php\/produit\/service-traiteur-premium-la-baie-thai-betaille-restaurant-asiatique-traiteur-asiatique-buffet-traiteur-banquet-evenement\/#primaryimage"},"thumbnailUrl":"https:\/\/labaiethai.fr\/wp-content\/uploads\/2024\/07\/image_123650291-3.jpg","datePublished":"2024-09-11T08:56:09+00:00","dateModified":"2025-04-26T11:25:27+00:00","description":"A PARTIR DE 15 PERSONNES: 19.90\u20ac \/ personne2 Entr\u00e9es - 2 plats - 2 accompagnements - 2 desserts, au choix selon la carte\u00a0Appelez directement la Baie Tha\u00ef au 06 49 67 15 95 ou via mail: kassamafouquet17@gmail.com (Contactez moi, page Concept) Nous vous livrons a l'heure souhait\u00e9e, et nous vous installons le banquet sous forme de buffet avec des chaftings dish (voir photos) qui vous maintiennent vos plats au chaud pendant 4h.Nous fournissons si souhait\u00e9, nappe, ustensiles, les sauces.\u00a0Nous revenons d\u00e9barrasser \u00e0 l'heure souhait\u00e9e \u00e9galement.\u00a0Nous n'aurez rien a faire pendant notre absence si ce n'est vous servir et vous r\u00e9galer !\u00a0\u00a0","breadcrumb":{"@id":"https:\/\/labaiethai.fr\/index.php\/produit\/service-traiteur-premium-la-baie-thai-betaille-restaurant-asiatique-traiteur-asiatique-buffet-traiteur-banquet-evenement\/#breadcrumb"},"inLanguage":"fr-FR","potentialAction":[{"@type":"ReadAction","target":["https:\/\/labaiethai.fr\/index.php\/produit\/service-traiteur-premium-la-baie-thai-betaille-restaurant-asiatique-traiteur-asiatique-buffet-traiteur-banquet-evenement\/"]}]},{"@type":"ImageObject","inLanguage":"fr-FR","@id":"https:\/\/labaiethai.fr\/index.php\/produit\/service-traiteur-premium-la-baie-thai-betaille-restaurant-asiatique-traiteur-asiatique-buffet-traiteur-banquet-evenement\/#primaryimage","url":"https:\/\/labaiethai.fr\/wp-content\/uploads\/2024\/07\/image_123650291-3.jpg","contentUrl":"https:\/\/labaiethai.fr\/wp-content\/uploads\/2024\/07\/image_123650291-3.jpg","width":960,"height":740},{"@type":"BreadcrumbList","@id":"https:\/\/labaiethai.fr\/index.php\/produit\/service-traiteur-premium-la-baie-thai-betaille-restaurant-asiatique-traiteur-asiatique-buffet-traiteur-banquet-evenement\/#breadcrumb","itemListElement":[{"@type":"ListItem","position":1,"name":"Accueil","item":"https:\/\/labaiethai.fr\/"},{"@type":"ListItem","position":2,"name":"Boutique","item":"https:\/\/labaiethai.fr\/index.php\/boutique\/"},{"@type":"ListItem","position":3,"name":"Service Traiteur PREMIUM"}]},{"@type":"WebSite","@id":"https:\/\/labaiethai.fr\/#website","url":"https:\/\/labaiethai.fr\/","name":"La Baie Thai","description":"","publisher":{"@id":"https:\/\/labaiethai.fr\/#organization"},"potentialAction":[{"@type":"SearchAction","target":{"@type":"EntryPoint","urlTemplate":"https:\/\/labaiethai.fr\/?s={search_term_string}"},"query-input":"required name=search_term_string"}],"inLanguage":"fr-FR"},{"@type":"Organization","@id":"https:\/\/labaiethai.fr\/#organization","name":"La Baie Thai","url":"https:\/\/labaiethai.fr\/","logo":{"@type":"ImageObject","inLanguage":"fr-FR","@id":"https:\/\/labaiethai.fr\/#\/schema\/logo\/image\/","url":"https:\/\/labaiethai.fr\/wp-content\/uploads\/2024\/07\/2-removebg-preview.png","contentUrl":"https:\/\/labaiethai.fr\/wp-content\/uploads\/2024\/07\/2-removebg-preview.png","width":690,"height":362,"caption":"La Baie Thai"},"image":{"@id":"https:\/\/labaiethai.fr\/#\/schema\/logo\/image\/"}}]}},"jetpack_sharing_enabled":true,"_links":{"self":[{"href":"https:\/\/labaiethai.fr\/index.php\/wp-json\/wp\/v2\/product\/537","targetHints":{"allow":["GET"]}}],"collection":[{"href":"https:\/\/labaiethai.fr\/index.php\/wp-json\/wp\/v2\/product"}],"about":[{"href":"https:\/\/labaiethai.fr\/index.php\/wp-json\/wp\/v2\/types\/product"}],"replies":[{"embeddable":true,"href":"https:\/\/labaiethai.fr\/index.php\/wp-json\/wp\/v2\/comments?post=537"}],"wp:featuredmedia":[{"embeddable":true,"href":"https:\/\/labaiethai.fr\/index.php\/wp-json\/wp\/v2\/media\/209"}],"wp:attachment":[{"href":"https:\/\/labaiethai.fr\/index.php\/wp-json\/wp\/v2\/media?parent=537"}],"wp:term":[{"taxonomy":"product_cat","embeddable":true,"href":"https:\/\/labaiethai.fr\/index.php\/wp-json\/wp\/v2\/product_cat?post=537"},{"taxonomy":"product_tag","embeddable":true,"href":"https:\/\/labaiethai.fr\/index.php\/wp-json\/wp\/v2\/product_tag?post=537"}],"curies":[{"name":"wp","href":"https:\/\/api.w.org\/{rel}","templated":true}]}}