{"id":505,"date":"2024-08-29T18:26:23","date_gmt":"2024-08-29T18:26:23","guid":{"rendered":"https:\/\/labaiethai.fr\/?post_type=product&#038;p=505"},"modified":"2024-08-29T18:26:24","modified_gmt":"2024-08-29T18:26:24","slug":"thes-noirs-aux-fruits-chin-chin","status":"publish","type":"product","link":"https:\/\/labaiethai.fr\/index.php\/produit\/thes-noirs-aux-fruits-chin-chin\/","title":{"rendered":"Th\u00e9s noirs aux fruits, Chin Chin"},"content":{"rendered":"","protected":false},"excerpt":{"rendered":"<p>ChinChin est la marque Ta\u00efwanaise sp\u00e9cialis\u00e9e dans le th\u00e9<\/p>\n<p>Mot de la cheffe \u00ab\u00a0Elle propose toute une gamme de th\u00e9s aux saveurs vari\u00e9es. Connaissant l\u2019exigence des Ta\u00efwanais en mati\u00e8re de th\u00e9, nous avons voulu tester leurs produits, et nous avons bien fait ! Nous en avons \u00e9t\u00e9 conquis et c\u2019est pour cela que nous vous proposons cette gamme de th\u00e9s en bouteille de 53cl de th\u00e9 au Jasmin avec ou sans sucre.\u00a0\u00bb<\/p>\n","protected":false},"featured_media":435,"comment_status":"open","ping_status":"closed","template":"","meta":[],"product_cat":[32,25,17,26],"product_tag":[],"class_list":{"0":"post-505","1":"product","2":"type-product","3":"status-publish","4":"has-post-thumbnail","6":"product_cat-boissons-plats-a-commander","7":"product_cat-boissons","8":"product_cat-epicerie","9":"product_cat-plats-a-commander","11":"first","12":"instock","13":"taxable","14":"shipping-taxable","15":"purchasable","16":"product-type-variable"},"yoast_head":"<!-- This site is optimized with the Yoast SEO plugin v23.0 - https:\/\/yoast.com\/wordpress\/plugins\/seo\/ -->\n<title>Th\u00e9s noirs aux fruits, Chin Chin - La Baie Thai<\/title>\n<meta name=\"description\" content=\"ChinChin est la marque Ta\u00efwanaise sp\u00e9cialis\u00e9e dans le th\u00e9. Mot de la cheffe &quot;Elle propose toute une gamme de th\u00e9s aux saveurs vari\u00e9es. Connaissant l\u2019exigence des Ta\u00efwanais en mati\u00e8re de th\u00e9, nous avons voulu tester leurs produits, et nous avons bien fait ! Nous en avons \u00e9t\u00e9 conquis et c\u2019est pour cela que nous vous proposons cette gamme de th\u00e9s en bouteille de 53cl de th\u00e9 au Jasmin avec ou sans sucre.&quot;\" \/>\n<meta name=\"robots\" content=\"index, follow, max-snippet:-1, max-image-preview:large, max-video-preview:-1\" \/>\n<link rel=\"canonical\" href=\"https:\/\/labaiethai.fr\/index.php\/produit\/thes-noirs-aux-fruits-chin-chin\/\" \/>\n<meta property=\"og:locale\" content=\"fr_FR\" \/>\n<meta property=\"og:type\" content=\"article\" \/>\n<meta property=\"og:title\" content=\"Th\u00e9s noirs aux fruits, Chin Chin - La Baie Thai\" \/>\n<meta property=\"og:description\" content=\"ChinChin est la marque Ta\u00efwanaise sp\u00e9cialis\u00e9e dans le th\u00e9. Mot de la cheffe &quot;Elle propose toute une gamme de th\u00e9s aux saveurs vari\u00e9es. Connaissant l\u2019exigence des Ta\u00efwanais en mati\u00e8re de th\u00e9, nous avons voulu tester leurs produits, et nous avons bien fait ! Nous en avons \u00e9t\u00e9 conquis et c\u2019est pour cela que nous vous proposons cette gamme de th\u00e9s en bouteille de 53cl de th\u00e9 au Jasmin avec ou sans sucre.&quot;\" \/>\n<meta property=\"og:url\" content=\"https:\/\/labaiethai.fr\/index.php\/produit\/thes-noirs-aux-fruits-chin-chin\/\" \/>\n<meta property=\"og:site_name\" content=\"La Baie Thai\" \/>\n<meta property=\"article:modified_time\" content=\"2024-08-29T18:26:24+00:00\" \/>\n<meta property=\"og:image\" content=\"https:\/\/labaiethai.fr\/wp-content\/uploads\/2024\/08\/IMG_4072-scaled.jpg\" \/>\n\t<meta property=\"og:image:width\" content=\"1920\" \/>\n\t<meta property=\"og:image:height\" content=\"2560\" \/>\n\t<meta property=\"og:image:type\" content=\"image\/jpeg\" \/>\n<meta name=\"twitter:card\" content=\"summary_large_image\" \/>\n<meta name=\"twitter:label1\" content=\"Dur\u00e9e de lecture estim\u00e9e\" \/>\n\t<meta name=\"twitter:data1\" content=\"1 minute\" \/>\n<script type=\"application\/ld+json\" class=\"yoast-schema-graph\">{\"@context\":\"https:\/\/schema.org\",\"@graph\":[{\"@type\":\"WebPage\",\"@id\":\"https:\/\/labaiethai.fr\/index.php\/produit\/thes-noirs-aux-fruits-chin-chin\/\",\"url\":\"https:\/\/labaiethai.fr\/index.php\/produit\/thes-noirs-aux-fruits-chin-chin\/\",\"name\":\"Th\u00e9s noirs aux fruits, Chin Chin - La Baie Thai\",\"isPartOf\":{\"@id\":\"https:\/\/labaiethai.fr\/#website\"},\"primaryImageOfPage\":{\"@id\":\"https:\/\/labaiethai.fr\/index.php\/produit\/thes-noirs-aux-fruits-chin-chin\/#primaryimage\"},\"image\":{\"@id\":\"https:\/\/labaiethai.fr\/index.php\/produit\/thes-noirs-aux-fruits-chin-chin\/#primaryimage\"},\"thumbnailUrl\":\"https:\/\/labaiethai.fr\/wp-content\/uploads\/2024\/08\/IMG_4072-scaled.jpg\",\"datePublished\":\"2024-08-29T18:26:23+00:00\",\"dateModified\":\"2024-08-29T18:26:24+00:00\",\"description\":\"ChinChin est la marque Ta\u00efwanaise sp\u00e9cialis\u00e9e dans le th\u00e9. Mot de la cheffe \\\"Elle propose toute une gamme de th\u00e9s aux saveurs vari\u00e9es. Connaissant l\u2019exigence des Ta\u00efwanais en mati\u00e8re de th\u00e9, nous avons voulu tester leurs produits, et nous avons bien fait ! Nous en avons \u00e9t\u00e9 conquis et c\u2019est pour cela que nous vous proposons cette gamme de th\u00e9s en bouteille de 53cl de th\u00e9 au Jasmin avec ou sans sucre.\\\"\",\"breadcrumb\":{\"@id\":\"https:\/\/labaiethai.fr\/index.php\/produit\/thes-noirs-aux-fruits-chin-chin\/#breadcrumb\"},\"inLanguage\":\"fr-FR\",\"potentialAction\":[{\"@type\":\"ReadAction\",\"target\":[\"https:\/\/labaiethai.fr\/index.php\/produit\/thes-noirs-aux-fruits-chin-chin\/\"]}]},{\"@type\":\"ImageObject\",\"inLanguage\":\"fr-FR\",\"@id\":\"https:\/\/labaiethai.fr\/index.php\/produit\/thes-noirs-aux-fruits-chin-chin\/#primaryimage\",\"url\":\"https:\/\/labaiethai.fr\/wp-content\/uploads\/2024\/08\/IMG_4072-scaled.jpg\",\"contentUrl\":\"https:\/\/labaiethai.fr\/wp-content\/uploads\/2024\/08\/IMG_4072-scaled.jpg\",\"width\":1920,\"height\":2560},{\"@type\":\"BreadcrumbList\",\"@id\":\"https:\/\/labaiethai.fr\/index.php\/produit\/thes-noirs-aux-fruits-chin-chin\/#breadcrumb\",\"itemListElement\":[{\"@type\":\"ListItem\",\"position\":1,\"name\":\"Accueil\",\"item\":\"https:\/\/labaiethai.fr\/\"},{\"@type\":\"ListItem\",\"position\":2,\"name\":\"Boutique\",\"item\":\"https:\/\/labaiethai.fr\/index.php\/boutique\/\"},{\"@type\":\"ListItem\",\"position\":3,\"name\":\"Th\u00e9s noirs aux fruits, Chin Chin\"}]},{\"@type\":\"WebSite\",\"@id\":\"https:\/\/labaiethai.fr\/#website\",\"url\":\"https:\/\/labaiethai.fr\/\",\"name\":\"La Baie Thai\",\"description\":\"\",\"publisher\":{\"@id\":\"https:\/\/labaiethai.fr\/#organization\"},\"potentialAction\":[{\"@type\":\"SearchAction\",\"target\":{\"@type\":\"EntryPoint\",\"urlTemplate\":\"https:\/\/labaiethai.fr\/?s={search_term_string}\"},\"query-input\":\"required name=search_term_string\"}],\"inLanguage\":\"fr-FR\"},{\"@type\":\"Organization\",\"@id\":\"https:\/\/labaiethai.fr\/#organization\",\"name\":\"La Baie Thai\",\"url\":\"https:\/\/labaiethai.fr\/\",\"logo\":{\"@type\":\"ImageObject\",\"inLanguage\":\"fr-FR\",\"@id\":\"https:\/\/labaiethai.fr\/#\/schema\/logo\/image\/\",\"url\":\"https:\/\/labaiethai.fr\/wp-content\/uploads\/2024\/07\/2-removebg-preview.png\",\"contentUrl\":\"https:\/\/labaiethai.fr\/wp-content\/uploads\/2024\/07\/2-removebg-preview.png\",\"width\":690,\"height\":362,\"caption\":\"La Baie Thai\"},\"image\":{\"@id\":\"https:\/\/labaiethai.fr\/#\/schema\/logo\/image\/\"}}]}<\/script>\n<!-- \/ Yoast SEO plugin. -->","yoast_head_json":{"title":"Th\u00e9s noirs aux fruits, Chin Chin - La Baie Thai","description":"ChinChin est la marque Ta\u00efwanaise sp\u00e9cialis\u00e9e dans le th\u00e9. Mot de la cheffe \"Elle propose toute une gamme de th\u00e9s aux saveurs vari\u00e9es. Connaissant l\u2019exigence des Ta\u00efwanais en mati\u00e8re de th\u00e9, nous avons voulu tester leurs produits, et nous avons bien fait ! Nous en avons \u00e9t\u00e9 conquis et c\u2019est pour cela que nous vous proposons cette gamme de th\u00e9s en bouteille de 53cl de th\u00e9 au Jasmin avec ou sans sucre.\"","robots":{"index":"index","follow":"follow","max-snippet":"max-snippet:-1","max-image-preview":"max-image-preview:large","max-video-preview":"max-video-preview:-1"},"canonical":"https:\/\/labaiethai.fr\/index.php\/produit\/thes-noirs-aux-fruits-chin-chin\/","og_locale":"fr_FR","og_type":"article","og_title":"Th\u00e9s noirs aux fruits, Chin Chin - La Baie Thai","og_description":"ChinChin est la marque Ta\u00efwanaise sp\u00e9cialis\u00e9e dans le th\u00e9. Mot de la cheffe \"Elle propose toute une gamme de th\u00e9s aux saveurs vari\u00e9es. Connaissant l\u2019exigence des Ta\u00efwanais en mati\u00e8re de th\u00e9, nous avons voulu tester leurs produits, et nous avons bien fait ! Nous en avons \u00e9t\u00e9 conquis et c\u2019est pour cela que nous vous proposons cette gamme de th\u00e9s en bouteille de 53cl de th\u00e9 au Jasmin avec ou sans sucre.\"","og_url":"https:\/\/labaiethai.fr\/index.php\/produit\/thes-noirs-aux-fruits-chin-chin\/","og_site_name":"La Baie Thai","article_modified_time":"2024-08-29T18:26:24+00:00","og_image":[{"width":1920,"height":2560,"url":"https:\/\/labaiethai.fr\/wp-content\/uploads\/2024\/08\/IMG_4072-scaled.jpg","type":"image\/jpeg"}],"twitter_card":"summary_large_image","twitter_misc":{"Dur\u00e9e de lecture estim\u00e9e":"1 minute"},"schema":{"@context":"https:\/\/schema.org","@graph":[{"@type":"WebPage","@id":"https:\/\/labaiethai.fr\/index.php\/produit\/thes-noirs-aux-fruits-chin-chin\/","url":"https:\/\/labaiethai.fr\/index.php\/produit\/thes-noirs-aux-fruits-chin-chin\/","name":"Th\u00e9s noirs aux fruits, Chin Chin - La Baie Thai","isPartOf":{"@id":"https:\/\/labaiethai.fr\/#website"},"primaryImageOfPage":{"@id":"https:\/\/labaiethai.fr\/index.php\/produit\/thes-noirs-aux-fruits-chin-chin\/#primaryimage"},"image":{"@id":"https:\/\/labaiethai.fr\/index.php\/produit\/thes-noirs-aux-fruits-chin-chin\/#primaryimage"},"thumbnailUrl":"https:\/\/labaiethai.fr\/wp-content\/uploads\/2024\/08\/IMG_4072-scaled.jpg","datePublished":"2024-08-29T18:26:23+00:00","dateModified":"2024-08-29T18:26:24+00:00","description":"ChinChin est la marque Ta\u00efwanaise sp\u00e9cialis\u00e9e dans le th\u00e9. Mot de la cheffe \"Elle propose toute une gamme de th\u00e9s aux saveurs vari\u00e9es. Connaissant l\u2019exigence des Ta\u00efwanais en mati\u00e8re de th\u00e9, nous avons voulu tester leurs produits, et nous avons bien fait ! Nous en avons \u00e9t\u00e9 conquis et c\u2019est pour cela que nous vous proposons cette gamme de th\u00e9s en bouteille de 53cl de th\u00e9 au Jasmin avec ou sans sucre.\"","breadcrumb":{"@id":"https:\/\/labaiethai.fr\/index.php\/produit\/thes-noirs-aux-fruits-chin-chin\/#breadcrumb"},"inLanguage":"fr-FR","potentialAction":[{"@type":"ReadAction","target":["https:\/\/labaiethai.fr\/index.php\/produit\/thes-noirs-aux-fruits-chin-chin\/"]}]},{"@type":"ImageObject","inLanguage":"fr-FR","@id":"https:\/\/labaiethai.fr\/index.php\/produit\/thes-noirs-aux-fruits-chin-chin\/#primaryimage","url":"https:\/\/labaiethai.fr\/wp-content\/uploads\/2024\/08\/IMG_4072-scaled.jpg","contentUrl":"https:\/\/labaiethai.fr\/wp-content\/uploads\/2024\/08\/IMG_4072-scaled.jpg","width":1920,"height":2560},{"@type":"BreadcrumbList","@id":"https:\/\/labaiethai.fr\/index.php\/produit\/thes-noirs-aux-fruits-chin-chin\/#breadcrumb","itemListElement":[{"@type":"ListItem","position":1,"name":"Accueil","item":"https:\/\/labaiethai.fr\/"},{"@type":"ListItem","position":2,"name":"Boutique","item":"https:\/\/labaiethai.fr\/index.php\/boutique\/"},{"@type":"ListItem","position":3,"name":"Th\u00e9s noirs aux fruits, Chin Chin"}]},{"@type":"WebSite","@id":"https:\/\/labaiethai.fr\/#website","url":"https:\/\/labaiethai.fr\/","name":"La Baie Thai","description":"","publisher":{"@id":"https:\/\/labaiethai.fr\/#organization"},"potentialAction":[{"@type":"SearchAction","target":{"@type":"EntryPoint","urlTemplate":"https:\/\/labaiethai.fr\/?s={search_term_string}"},"query-input":"required name=search_term_string"}],"inLanguage":"fr-FR"},{"@type":"Organization","@id":"https:\/\/labaiethai.fr\/#organization","name":"La Baie Thai","url":"https:\/\/labaiethai.fr\/","logo":{"@type":"ImageObject","inLanguage":"fr-FR","@id":"https:\/\/labaiethai.fr\/#\/schema\/logo\/image\/","url":"https:\/\/labaiethai.fr\/wp-content\/uploads\/2024\/07\/2-removebg-preview.png","contentUrl":"https:\/\/labaiethai.fr\/wp-content\/uploads\/2024\/07\/2-removebg-preview.png","width":690,"height":362,"caption":"La Baie Thai"},"image":{"@id":"https:\/\/labaiethai.fr\/#\/schema\/logo\/image\/"}}]}},"jetpack_sharing_enabled":true,"_links":{"self":[{"href":"https:\/\/labaiethai.fr\/index.php\/wp-json\/wp\/v2\/product\/505","targetHints":{"allow":["GET"]}}],"collection":[{"href":"https:\/\/labaiethai.fr\/index.php\/wp-json\/wp\/v2\/product"}],"about":[{"href":"https:\/\/labaiethai.fr\/index.php\/wp-json\/wp\/v2\/types\/product"}],"replies":[{"embeddable":true,"href":"https:\/\/labaiethai.fr\/index.php\/wp-json\/wp\/v2\/comments?post=505"}],"wp:featuredmedia":[{"embeddable":true,"href":"https:\/\/labaiethai.fr\/index.php\/wp-json\/wp\/v2\/media\/435"}],"wp:attachment":[{"href":"https:\/\/labaiethai.fr\/index.php\/wp-json\/wp\/v2\/media?parent=505"}],"wp:term":[{"taxonomy":"product_cat","embeddable":true,"href":"https:\/\/labaiethai.fr\/index.php\/wp-json\/wp\/v2\/product_cat?post=505"},{"taxonomy":"product_tag","embeddable":true,"href":"https:\/\/labaiethai.fr\/index.php\/wp-json\/wp\/v2\/product_tag?post=505"}],"curies":[{"name":"wp","href":"https:\/\/api.w.org\/{rel}","templated":true}]}}