{"id":500,"date":"2024-08-29T18:08:06","date_gmt":"2024-08-29T18:08:06","guid":{"rendered":"https:\/\/labaiethai.fr\/?post_type=product&#038;p=500"},"modified":"2024-10-09T07:14:22","modified_gmt":"2024-10-09T07:14:22","slug":"mangajo-the-vert","status":"publish","type":"product","link":"https:\/\/labaiethai.fr\/index.php\/produit\/mangajo-the-vert\/","title":{"rendered":"Mangajo, th\u00e9 vert"},"content":{"rendered":"<p>D\u00e9di\u00e9es au\u00a0bien-\u00eatre\u00a0de notre organisme, les boissons naturelles imagin\u00e9es par MangaJo sont\u00a0d\u00e9toxifiantes\u00a0et\u00a0anti oxydantes, pour vous garantir une sensation d\u2019hydratation unique tout au long de la journ\u00e9e. Inspir\u00e9es par l&rsquo;alimentation naturelle de certaines populations d&rsquo;Asie Centrale, les th\u00e9s MangaJo sont savoureux et gorg\u00e9s d&rsquo;ingr\u00e9dients sains rigoureusement s\u00e9lectionn\u00e9s.<\/p>\n","protected":false},"excerpt":{"rendered":"<p>Les boissons Mangajo sont bas\u00e9es sur des antioxydants contenus dans le th\u00e9 vert ou rouge, renforc\u00e9s avec des superfruits exotiques. Il n&rsquo;y a pas de colorants, de conservateurs ni de sucre ou d&rsquo;\u00e9dulcorant ajout\u00e9s. Juste des ingr\u00e9dients purs et \u00e9tonnants dans un m\u00e9lange d\u00e9licieusement rafra\u00eechissant.<\/p>\n","protected":false},"featured_media":434,"comment_status":"open","ping_status":"closed","template":"","meta":[],"product_cat":[25,32,17,26],"product_tag":[],"class_list":{"0":"post-500","1":"product","2":"type-product","3":"status-publish","4":"has-post-thumbnail","6":"product_cat-boissons","7":"product_cat-boissons-plats-a-commander","8":"product_cat-epicerie","9":"product_cat-plats-a-commander","11":"first","12":"instock","13":"taxable","14":"shipping-taxable","15":"purchasable","16":"product-type-variable"},"yoast_head":"<!-- This site is optimized with the Yoast SEO plugin v23.0 - https:\/\/yoast.com\/wordpress\/plugins\/seo\/ -->\n<title>Mangajo, th\u00e9 vert - La Baie Thai<\/title>\n<meta name=\"description\" content=\"Les boissons Mangajo sont bas\u00e9es sur des antioxydants contenus dans le th\u00e9 vert ou rouge, renforc\u00e9s avec des superfruits exotiques. Il n&#039;y a pas de colorants, de conservateurs ni de sucre ou d&#039;\u00e9dulcorant ajout\u00e9s. Juste des ingr\u00e9dients purs et \u00e9tonnants dans un m\u00e9lange d\u00e9licieusement rafra\u00eechissant. D\u00e9di\u00e9es au\u00a0bien-\u00eatre\u00a0de notre organisme, les boissons naturelles imagin\u00e9es par MangaJo sont\u00a0d\u00e9toxifiantes\u00a0et\u00a0anti oxydantes, pour vous garantir une sensation d\u2019hydratation unique tout au long de la journ\u00e9e. Inspir\u00e9es par l&#039;alimentation naturelle de certaines populations d&#039;Asie Centrale, les th\u00e9s MangaJo sont savoureux et gorg\u00e9s d&#039;ingr\u00e9dients sains rigoureusement s\u00e9lectionn\u00e9s.\" \/>\n<meta name=\"robots\" content=\"index, follow, max-snippet:-1, max-image-preview:large, max-video-preview:-1\" \/>\n<link rel=\"canonical\" href=\"https:\/\/labaiethai.fr\/index.php\/produit\/mangajo-the-vert\/\" \/>\n<meta property=\"og:locale\" content=\"fr_FR\" \/>\n<meta property=\"og:type\" content=\"article\" \/>\n<meta property=\"og:title\" content=\"Mangajo, th\u00e9 vert - La Baie Thai\" \/>\n<meta property=\"og:description\" content=\"Les boissons Mangajo sont bas\u00e9es sur des antioxydants contenus dans le th\u00e9 vert ou rouge, renforc\u00e9s avec des superfruits exotiques. Il n&#039;y a pas de colorants, de conservateurs ni de sucre ou d&#039;\u00e9dulcorant ajout\u00e9s. Juste des ingr\u00e9dients purs et \u00e9tonnants dans un m\u00e9lange d\u00e9licieusement rafra\u00eechissant. D\u00e9di\u00e9es au\u00a0bien-\u00eatre\u00a0de notre organisme, les boissons naturelles imagin\u00e9es par MangaJo sont\u00a0d\u00e9toxifiantes\u00a0et\u00a0anti oxydantes, pour vous garantir une sensation d\u2019hydratation unique tout au long de la journ\u00e9e. Inspir\u00e9es par l&#039;alimentation naturelle de certaines populations d&#039;Asie Centrale, les th\u00e9s MangaJo sont savoureux et gorg\u00e9s d&#039;ingr\u00e9dients sains rigoureusement s\u00e9lectionn\u00e9s.\" \/>\n<meta property=\"og:url\" content=\"https:\/\/labaiethai.fr\/index.php\/produit\/mangajo-the-vert\/\" \/>\n<meta property=\"og:site_name\" content=\"La Baie Thai\" \/>\n<meta property=\"article:modified_time\" content=\"2024-10-09T07:14:22+00:00\" \/>\n<meta property=\"og:image\" content=\"https:\/\/labaiethai.fr\/wp-content\/uploads\/2024\/08\/IMG_4069-scaled.jpg\" \/>\n\t<meta property=\"og:image:width\" content=\"2560\" \/>\n\t<meta property=\"og:image:height\" content=\"1920\" \/>\n\t<meta property=\"og:image:type\" content=\"image\/jpeg\" \/>\n<meta name=\"twitter:card\" content=\"summary_large_image\" \/>\n<meta name=\"twitter:label1\" content=\"Dur\u00e9e de lecture estim\u00e9e\" \/>\n\t<meta name=\"twitter:data1\" content=\"1 minute\" \/>\n<script type=\"application\/ld+json\" class=\"yoast-schema-graph\">{\"@context\":\"https:\/\/schema.org\",\"@graph\":[{\"@type\":\"WebPage\",\"@id\":\"https:\/\/labaiethai.fr\/index.php\/produit\/mangajo-the-vert\/\",\"url\":\"https:\/\/labaiethai.fr\/index.php\/produit\/mangajo-the-vert\/\",\"name\":\"Mangajo, th\u00e9 vert - La Baie Thai\",\"isPartOf\":{\"@id\":\"https:\/\/labaiethai.fr\/#website\"},\"primaryImageOfPage\":{\"@id\":\"https:\/\/labaiethai.fr\/index.php\/produit\/mangajo-the-vert\/#primaryimage\"},\"image\":{\"@id\":\"https:\/\/labaiethai.fr\/index.php\/produit\/mangajo-the-vert\/#primaryimage\"},\"thumbnailUrl\":\"https:\/\/labaiethai.fr\/wp-content\/uploads\/2024\/08\/IMG_4069-scaled.jpg\",\"datePublished\":\"2024-08-29T18:08:06+00:00\",\"dateModified\":\"2024-10-09T07:14:22+00:00\",\"description\":\"Les boissons Mangajo sont bas\u00e9es sur des antioxydants contenus dans le th\u00e9 vert ou rouge, renforc\u00e9s avec des superfruits exotiques. Il n'y a pas de colorants, de conservateurs ni de sucre ou d'\u00e9dulcorant ajout\u00e9s. Juste des ingr\u00e9dients purs et \u00e9tonnants dans un m\u00e9lange d\u00e9licieusement rafra\u00eechissant. D\u00e9di\u00e9es au\u00a0bien-\u00eatre\u00a0de notre organisme, les boissons naturelles imagin\u00e9es par MangaJo sont\u00a0d\u00e9toxifiantes\u00a0et\u00a0anti oxydantes, pour vous garantir une sensation d\u2019hydratation unique tout au long de la journ\u00e9e. Inspir\u00e9es par l'alimentation naturelle de certaines populations d'Asie Centrale, les th\u00e9s MangaJo sont savoureux et gorg\u00e9s d'ingr\u00e9dients sains rigoureusement s\u00e9lectionn\u00e9s.\",\"breadcrumb\":{\"@id\":\"https:\/\/labaiethai.fr\/index.php\/produit\/mangajo-the-vert\/#breadcrumb\"},\"inLanguage\":\"fr-FR\",\"potentialAction\":[{\"@type\":\"ReadAction\",\"target\":[\"https:\/\/labaiethai.fr\/index.php\/produit\/mangajo-the-vert\/\"]}]},{\"@type\":\"ImageObject\",\"inLanguage\":\"fr-FR\",\"@id\":\"https:\/\/labaiethai.fr\/index.php\/produit\/mangajo-the-vert\/#primaryimage\",\"url\":\"https:\/\/labaiethai.fr\/wp-content\/uploads\/2024\/08\/IMG_4069-scaled.jpg\",\"contentUrl\":\"https:\/\/labaiethai.fr\/wp-content\/uploads\/2024\/08\/IMG_4069-scaled.jpg\",\"width\":2560,\"height\":1920},{\"@type\":\"BreadcrumbList\",\"@id\":\"https:\/\/labaiethai.fr\/index.php\/produit\/mangajo-the-vert\/#breadcrumb\",\"itemListElement\":[{\"@type\":\"ListItem\",\"position\":1,\"name\":\"Accueil\",\"item\":\"https:\/\/labaiethai.fr\/\"},{\"@type\":\"ListItem\",\"position\":2,\"name\":\"Boutique\",\"item\":\"https:\/\/labaiethai.fr\/index.php\/boutique\/\"},{\"@type\":\"ListItem\",\"position\":3,\"name\":\"Mangajo, th\u00e9 vert\"}]},{\"@type\":\"WebSite\",\"@id\":\"https:\/\/labaiethai.fr\/#website\",\"url\":\"https:\/\/labaiethai.fr\/\",\"name\":\"La Baie Thai\",\"description\":\"\",\"publisher\":{\"@id\":\"https:\/\/labaiethai.fr\/#organization\"},\"potentialAction\":[{\"@type\":\"SearchAction\",\"target\":{\"@type\":\"EntryPoint\",\"urlTemplate\":\"https:\/\/labaiethai.fr\/?s={search_term_string}\"},\"query-input\":\"required name=search_term_string\"}],\"inLanguage\":\"fr-FR\"},{\"@type\":\"Organization\",\"@id\":\"https:\/\/labaiethai.fr\/#organization\",\"name\":\"La Baie Thai\",\"url\":\"https:\/\/labaiethai.fr\/\",\"logo\":{\"@type\":\"ImageObject\",\"inLanguage\":\"fr-FR\",\"@id\":\"https:\/\/labaiethai.fr\/#\/schema\/logo\/image\/\",\"url\":\"https:\/\/labaiethai.fr\/wp-content\/uploads\/2024\/07\/2-removebg-preview.png\",\"contentUrl\":\"https:\/\/labaiethai.fr\/wp-content\/uploads\/2024\/07\/2-removebg-preview.png\",\"width\":690,\"height\":362,\"caption\":\"La Baie Thai\"},\"image\":{\"@id\":\"https:\/\/labaiethai.fr\/#\/schema\/logo\/image\/\"}}]}<\/script>\n<!-- \/ Yoast SEO plugin. -->","yoast_head_json":{"title":"Mangajo, th\u00e9 vert - La Baie Thai","description":"Les boissons Mangajo sont bas\u00e9es sur des antioxydants contenus dans le th\u00e9 vert ou rouge, renforc\u00e9s avec des superfruits exotiques. Il n'y a pas de colorants, de conservateurs ni de sucre ou d'\u00e9dulcorant ajout\u00e9s. Juste des ingr\u00e9dients purs et \u00e9tonnants dans un m\u00e9lange d\u00e9licieusement rafra\u00eechissant. D\u00e9di\u00e9es au\u00a0bien-\u00eatre\u00a0de notre organisme, les boissons naturelles imagin\u00e9es par MangaJo sont\u00a0d\u00e9toxifiantes\u00a0et\u00a0anti oxydantes, pour vous garantir une sensation d\u2019hydratation unique tout au long de la journ\u00e9e. Inspir\u00e9es par l'alimentation naturelle de certaines populations d'Asie Centrale, les th\u00e9s MangaJo sont savoureux et gorg\u00e9s d'ingr\u00e9dients sains rigoureusement s\u00e9lectionn\u00e9s.","robots":{"index":"index","follow":"follow","max-snippet":"max-snippet:-1","max-image-preview":"max-image-preview:large","max-video-preview":"max-video-preview:-1"},"canonical":"https:\/\/labaiethai.fr\/index.php\/produit\/mangajo-the-vert\/","og_locale":"fr_FR","og_type":"article","og_title":"Mangajo, th\u00e9 vert - La Baie Thai","og_description":"Les boissons Mangajo sont bas\u00e9es sur des antioxydants contenus dans le th\u00e9 vert ou rouge, renforc\u00e9s avec des superfruits exotiques. Il n'y a pas de colorants, de conservateurs ni de sucre ou d'\u00e9dulcorant ajout\u00e9s. Juste des ingr\u00e9dients purs et \u00e9tonnants dans un m\u00e9lange d\u00e9licieusement rafra\u00eechissant. D\u00e9di\u00e9es au\u00a0bien-\u00eatre\u00a0de notre organisme, les boissons naturelles imagin\u00e9es par MangaJo sont\u00a0d\u00e9toxifiantes\u00a0et\u00a0anti oxydantes, pour vous garantir une sensation d\u2019hydratation unique tout au long de la journ\u00e9e. Inspir\u00e9es par l'alimentation naturelle de certaines populations d'Asie Centrale, les th\u00e9s MangaJo sont savoureux et gorg\u00e9s d'ingr\u00e9dients sains rigoureusement s\u00e9lectionn\u00e9s.","og_url":"https:\/\/labaiethai.fr\/index.php\/produit\/mangajo-the-vert\/","og_site_name":"La Baie Thai","article_modified_time":"2024-10-09T07:14:22+00:00","og_image":[{"width":2560,"height":1920,"url":"https:\/\/labaiethai.fr\/wp-content\/uploads\/2024\/08\/IMG_4069-scaled.jpg","type":"image\/jpeg"}],"twitter_card":"summary_large_image","twitter_misc":{"Dur\u00e9e de lecture estim\u00e9e":"1 minute"},"schema":{"@context":"https:\/\/schema.org","@graph":[{"@type":"WebPage","@id":"https:\/\/labaiethai.fr\/index.php\/produit\/mangajo-the-vert\/","url":"https:\/\/labaiethai.fr\/index.php\/produit\/mangajo-the-vert\/","name":"Mangajo, th\u00e9 vert - La Baie Thai","isPartOf":{"@id":"https:\/\/labaiethai.fr\/#website"},"primaryImageOfPage":{"@id":"https:\/\/labaiethai.fr\/index.php\/produit\/mangajo-the-vert\/#primaryimage"},"image":{"@id":"https:\/\/labaiethai.fr\/index.php\/produit\/mangajo-the-vert\/#primaryimage"},"thumbnailUrl":"https:\/\/labaiethai.fr\/wp-content\/uploads\/2024\/08\/IMG_4069-scaled.jpg","datePublished":"2024-08-29T18:08:06+00:00","dateModified":"2024-10-09T07:14:22+00:00","description":"Les boissons Mangajo sont bas\u00e9es sur des antioxydants contenus dans le th\u00e9 vert ou rouge, renforc\u00e9s avec des superfruits exotiques. Il n'y a pas de colorants, de conservateurs ni de sucre ou d'\u00e9dulcorant ajout\u00e9s. Juste des ingr\u00e9dients purs et \u00e9tonnants dans un m\u00e9lange d\u00e9licieusement rafra\u00eechissant. D\u00e9di\u00e9es au\u00a0bien-\u00eatre\u00a0de notre organisme, les boissons naturelles imagin\u00e9es par MangaJo sont\u00a0d\u00e9toxifiantes\u00a0et\u00a0anti oxydantes, pour vous garantir une sensation d\u2019hydratation unique tout au long de la journ\u00e9e. Inspir\u00e9es par l'alimentation naturelle de certaines populations d'Asie Centrale, les th\u00e9s MangaJo sont savoureux et gorg\u00e9s d'ingr\u00e9dients sains rigoureusement s\u00e9lectionn\u00e9s.","breadcrumb":{"@id":"https:\/\/labaiethai.fr\/index.php\/produit\/mangajo-the-vert\/#breadcrumb"},"inLanguage":"fr-FR","potentialAction":[{"@type":"ReadAction","target":["https:\/\/labaiethai.fr\/index.php\/produit\/mangajo-the-vert\/"]}]},{"@type":"ImageObject","inLanguage":"fr-FR","@id":"https:\/\/labaiethai.fr\/index.php\/produit\/mangajo-the-vert\/#primaryimage","url":"https:\/\/labaiethai.fr\/wp-content\/uploads\/2024\/08\/IMG_4069-scaled.jpg","contentUrl":"https:\/\/labaiethai.fr\/wp-content\/uploads\/2024\/08\/IMG_4069-scaled.jpg","width":2560,"height":1920},{"@type":"BreadcrumbList","@id":"https:\/\/labaiethai.fr\/index.php\/produit\/mangajo-the-vert\/#breadcrumb","itemListElement":[{"@type":"ListItem","position":1,"name":"Accueil","item":"https:\/\/labaiethai.fr\/"},{"@type":"ListItem","position":2,"name":"Boutique","item":"https:\/\/labaiethai.fr\/index.php\/boutique\/"},{"@type":"ListItem","position":3,"name":"Mangajo, th\u00e9 vert"}]},{"@type":"WebSite","@id":"https:\/\/labaiethai.fr\/#website","url":"https:\/\/labaiethai.fr\/","name":"La Baie Thai","description":"","publisher":{"@id":"https:\/\/labaiethai.fr\/#organization"},"potentialAction":[{"@type":"SearchAction","target":{"@type":"EntryPoint","urlTemplate":"https:\/\/labaiethai.fr\/?s={search_term_string}"},"query-input":"required name=search_term_string"}],"inLanguage":"fr-FR"},{"@type":"Organization","@id":"https:\/\/labaiethai.fr\/#organization","name":"La Baie Thai","url":"https:\/\/labaiethai.fr\/","logo":{"@type":"ImageObject","inLanguage":"fr-FR","@id":"https:\/\/labaiethai.fr\/#\/schema\/logo\/image\/","url":"https:\/\/labaiethai.fr\/wp-content\/uploads\/2024\/07\/2-removebg-preview.png","contentUrl":"https:\/\/labaiethai.fr\/wp-content\/uploads\/2024\/07\/2-removebg-preview.png","width":690,"height":362,"caption":"La Baie Thai"},"image":{"@id":"https:\/\/labaiethai.fr\/#\/schema\/logo\/image\/"}}]}},"jetpack_sharing_enabled":true,"_links":{"self":[{"href":"https:\/\/labaiethai.fr\/index.php\/wp-json\/wp\/v2\/product\/500","targetHints":{"allow":["GET"]}}],"collection":[{"href":"https:\/\/labaiethai.fr\/index.php\/wp-json\/wp\/v2\/product"}],"about":[{"href":"https:\/\/labaiethai.fr\/index.php\/wp-json\/wp\/v2\/types\/product"}],"replies":[{"embeddable":true,"href":"https:\/\/labaiethai.fr\/index.php\/wp-json\/wp\/v2\/comments?post=500"}],"wp:featuredmedia":[{"embeddable":true,"href":"https:\/\/labaiethai.fr\/index.php\/wp-json\/wp\/v2\/media\/434"}],"wp:attachment":[{"href":"https:\/\/labaiethai.fr\/index.php\/wp-json\/wp\/v2\/media?parent=500"}],"wp:term":[{"taxonomy":"product_cat","embeddable":true,"href":"https:\/\/labaiethai.fr\/index.php\/wp-json\/wp\/v2\/product_cat?post=500"},{"taxonomy":"product_tag","embeddable":true,"href":"https:\/\/labaiethai.fr\/index.php\/wp-json\/wp\/v2\/product_tag?post=500"}],"curies":[{"name":"wp","href":"https:\/\/api.w.org\/{rel}","templated":true}]}}