{"id":432,"date":"2024-08-29T17:49:16","date_gmt":"2024-08-29T17:49:16","guid":{"rendered":"https:\/\/labaiethai.fr\/?post_type=product&#038;p=432"},"modified":"2024-10-09T07:14:49","modified_gmt":"2024-10-09T07:14:49","slug":"aloe-vera-king-vegan-vegan-boisson-asiatique-traiteur-la-baie-thai-betaille-le-lot-bio-boisson","status":"publish","type":"product","link":"https:\/\/labaiethai.fr\/index.php\/produit\/aloe-vera-king-vegan-vegan-boisson-asiatique-traiteur-la-baie-thai-betaille-le-lot-bio-boisson\/","title":{"rendered":"Alo\u00e9 Vera King V\u00e9gan"},"content":{"rendered":"<p>Sans calories, cette boisson premium de chez OKF\u00a0<em>Aloe Vera King<\/em>\u00a0contient 30% d\u2019Aloe Vera.<\/p>\n<p>Son succ\u00e8s r\u00e9side dans son originalit\u00e9 et ses saveurs mais aussi parce que cette boisson de la marque OKF contient de l\u2019Aloe Vera biologique, par ailleurs, elle est sans OGM, sans gluten et sans colorants artificiels.<\/p>\n<p>OKF, une marque mondiale de boissons, exporte dans 180 pays du monde entier et est tr\u00e8s appr\u00e9ci\u00e9 au Japon.<\/p>\n<p>Bouteille en plastique de 500 ml<\/p>\n","protected":false},"excerpt":{"rendered":"<p>Cette boisson \u00e0 l\u2019Aloe Vera, sucr\u00e9e et naturellement aromatis\u00e9e, \u00e0 d\u00e9guster tr\u00e8s fra\u00eeche, contient des petits morceaux de pulpe d\u2019o\u00f9 l\u2019importance de bien secouer la bouteille avant de boire.<\/p>\n<p>Une fois ouvert \u00e0 conserver au r\u00e9frig\u00e9rateur et \u00e0 consommer en 1 jour.<\/p>\n<p>Existe aussi en d&rsquo;autres saveurs \u00e0 d\u00e9couvrir absolument !<\/p>\n<p>&nbsp;<\/p>\n","protected":false},"featured_media":433,"comment_status":"open","ping_status":"closed","template":"","meta":[],"product_cat":[25,32,17,26],"product_tag":[],"class_list":{"0":"post-432","1":"product","2":"type-product","3":"status-publish","4":"has-post-thumbnail","6":"product_cat-boissons","7":"product_cat-boissons-plats-a-commander","8":"product_cat-epicerie","9":"product_cat-plats-a-commander","11":"first","12":"instock","13":"taxable","14":"shipping-taxable","15":"purchasable","16":"product-type-variable"},"yoast_head":"<!-- This site is optimized with the Yoast SEO plugin v23.0 - https:\/\/yoast.com\/wordpress\/plugins\/seo\/ -->\n<title>Alo\u00e9 Vera King V\u00e9gan - La Baie Thai<\/title>\n<meta name=\"description\" content=\"Cette boisson \u00e0 l\u2019Aloe Vera, sucr\u00e9e et naturellement aromatis\u00e9e, \u00e0 d\u00e9guster tr\u00e8s fra\u00eeche, contient des petits morceaux de pulpe d\u2019o\u00f9 l\u2019importance de bien secouer la bouteille avant de boire. Une fois ouvert \u00e0 conserver au r\u00e9frig\u00e9rateur et \u00e0 consommer en 1 jour. Existe aussi en d&#039;autres saveurs \u00e0 d\u00e9couvrir absolument ! Sans calories, cette boisson premium de chez OKF\u00a0Aloe Vera King\u00a0contient 30% d\u2019Aloe Vera. Son succ\u00e8s r\u00e9side dans son originalit\u00e9 et ses saveurs mais aussi parce que cette boisson de la marque OKF contient de l\u2019Aloe Vera biologique, par ailleurs, elle est sans OGM, sans gluten et sans colorants artificiels .OKF, une marque mondiale de boissons, exporte dans 180 pays du monde entier et est tr\u00e8s appr\u00e9ci\u00e9 au Japon. Bouteille en plastique de 500 ml.\" \/>\n<meta name=\"robots\" content=\"index, follow, max-snippet:-1, max-image-preview:large, max-video-preview:-1\" \/>\n<link rel=\"canonical\" href=\"https:\/\/labaiethai.fr\/index.php\/produit\/aloe-vera-king-vegan-vegan-boisson-asiatique-traiteur-la-baie-thai-betaille-le-lot-bio-boisson\/\" \/>\n<meta property=\"og:locale\" content=\"fr_FR\" \/>\n<meta property=\"og:type\" content=\"article\" \/>\n<meta property=\"og:title\" content=\"Alo\u00e9 Vera King V\u00e9gan - La Baie Thai\" \/>\n<meta property=\"og:description\" content=\"Cette boisson \u00e0 l\u2019Aloe Vera, sucr\u00e9e et naturellement aromatis\u00e9e, \u00e0 d\u00e9guster tr\u00e8s fra\u00eeche, contient des petits morceaux de pulpe d\u2019o\u00f9 l\u2019importance de bien secouer la bouteille avant de boire. Une fois ouvert \u00e0 conserver au r\u00e9frig\u00e9rateur et \u00e0 consommer en 1 jour. Existe aussi en d&#039;autres saveurs \u00e0 d\u00e9couvrir absolument ! Sans calories, cette boisson premium de chez OKF\u00a0Aloe Vera King\u00a0contient 30% d\u2019Aloe Vera. Son succ\u00e8s r\u00e9side dans son originalit\u00e9 et ses saveurs mais aussi parce que cette boisson de la marque OKF contient de l\u2019Aloe Vera biologique, par ailleurs, elle est sans OGM, sans gluten et sans colorants artificiels .OKF, une marque mondiale de boissons, exporte dans 180 pays du monde entier et est tr\u00e8s appr\u00e9ci\u00e9 au Japon. Bouteille en plastique de 500 ml.\" \/>\n<meta property=\"og:url\" content=\"https:\/\/labaiethai.fr\/index.php\/produit\/aloe-vera-king-vegan-vegan-boisson-asiatique-traiteur-la-baie-thai-betaille-le-lot-bio-boisson\/\" \/>\n<meta property=\"og:site_name\" content=\"La Baie Thai\" \/>\n<meta property=\"article:modified_time\" content=\"2024-10-09T07:14:49+00:00\" \/>\n<meta property=\"og:image\" content=\"https:\/\/labaiethai.fr\/wp-content\/uploads\/2024\/08\/IMG_4070-scaled.jpg\" \/>\n\t<meta property=\"og:image:width\" content=\"2560\" \/>\n\t<meta property=\"og:image:height\" content=\"1920\" \/>\n\t<meta property=\"og:image:type\" content=\"image\/jpeg\" \/>\n<meta name=\"twitter:card\" content=\"summary_large_image\" \/>\n<meta name=\"twitter:label1\" content=\"Dur\u00e9e de lecture estim\u00e9e\" \/>\n\t<meta name=\"twitter:data1\" content=\"1 minute\" \/>\n<script type=\"application\/ld+json\" class=\"yoast-schema-graph\">{\"@context\":\"https:\/\/schema.org\",\"@graph\":[{\"@type\":\"WebPage\",\"@id\":\"https:\/\/labaiethai.fr\/index.php\/produit\/aloe-vera-king-vegan-vegan-boisson-asiatique-traiteur-la-baie-thai-betaille-le-lot-bio-boisson\/\",\"url\":\"https:\/\/labaiethai.fr\/index.php\/produit\/aloe-vera-king-vegan-vegan-boisson-asiatique-traiteur-la-baie-thai-betaille-le-lot-bio-boisson\/\",\"name\":\"Alo\u00e9 Vera King V\u00e9gan - La Baie Thai\",\"isPartOf\":{\"@id\":\"https:\/\/labaiethai.fr\/#website\"},\"primaryImageOfPage\":{\"@id\":\"https:\/\/labaiethai.fr\/index.php\/produit\/aloe-vera-king-vegan-vegan-boisson-asiatique-traiteur-la-baie-thai-betaille-le-lot-bio-boisson\/#primaryimage\"},\"image\":{\"@id\":\"https:\/\/labaiethai.fr\/index.php\/produit\/aloe-vera-king-vegan-vegan-boisson-asiatique-traiteur-la-baie-thai-betaille-le-lot-bio-boisson\/#primaryimage\"},\"thumbnailUrl\":\"https:\/\/labaiethai.fr\/wp-content\/uploads\/2024\/08\/IMG_4070-scaled.jpg\",\"datePublished\":\"2024-08-29T17:49:16+00:00\",\"dateModified\":\"2024-10-09T07:14:49+00:00\",\"description\":\"Cette boisson \u00e0 l\u2019Aloe Vera, sucr\u00e9e et naturellement aromatis\u00e9e, \u00e0 d\u00e9guster tr\u00e8s fra\u00eeche, contient des petits morceaux de pulpe d\u2019o\u00f9 l\u2019importance de bien secouer la bouteille avant de boire. Une fois ouvert \u00e0 conserver au r\u00e9frig\u00e9rateur et \u00e0 consommer en 1 jour. Existe aussi en d'autres saveurs \u00e0 d\u00e9couvrir absolument ! Sans calories, cette boisson premium de chez OKF\u00a0Aloe Vera King\u00a0contient 30% d\u2019Aloe Vera. Son succ\u00e8s r\u00e9side dans son originalit\u00e9 et ses saveurs mais aussi parce que cette boisson de la marque OKF contient de l\u2019Aloe Vera biologique, par ailleurs, elle est sans OGM, sans gluten et sans colorants artificiels .OKF, une marque mondiale de boissons, exporte dans 180 pays du monde entier et est tr\u00e8s appr\u00e9ci\u00e9 au Japon. Bouteille en plastique de 500 ml.\",\"breadcrumb\":{\"@id\":\"https:\/\/labaiethai.fr\/index.php\/produit\/aloe-vera-king-vegan-vegan-boisson-asiatique-traiteur-la-baie-thai-betaille-le-lot-bio-boisson\/#breadcrumb\"},\"inLanguage\":\"fr-FR\",\"potentialAction\":[{\"@type\":\"ReadAction\",\"target\":[\"https:\/\/labaiethai.fr\/index.php\/produit\/aloe-vera-king-vegan-vegan-boisson-asiatique-traiteur-la-baie-thai-betaille-le-lot-bio-boisson\/\"]}]},{\"@type\":\"ImageObject\",\"inLanguage\":\"fr-FR\",\"@id\":\"https:\/\/labaiethai.fr\/index.php\/produit\/aloe-vera-king-vegan-vegan-boisson-asiatique-traiteur-la-baie-thai-betaille-le-lot-bio-boisson\/#primaryimage\",\"url\":\"https:\/\/labaiethai.fr\/wp-content\/uploads\/2024\/08\/IMG_4070-scaled.jpg\",\"contentUrl\":\"https:\/\/labaiethai.fr\/wp-content\/uploads\/2024\/08\/IMG_4070-scaled.jpg\",\"width\":2560,\"height\":1920},{\"@type\":\"BreadcrumbList\",\"@id\":\"https:\/\/labaiethai.fr\/index.php\/produit\/aloe-vera-king-vegan-vegan-boisson-asiatique-traiteur-la-baie-thai-betaille-le-lot-bio-boisson\/#breadcrumb\",\"itemListElement\":[{\"@type\":\"ListItem\",\"position\":1,\"name\":\"Accueil\",\"item\":\"https:\/\/labaiethai.fr\/\"},{\"@type\":\"ListItem\",\"position\":2,\"name\":\"Boutique\",\"item\":\"https:\/\/labaiethai.fr\/index.php\/boutique\/\"},{\"@type\":\"ListItem\",\"position\":3,\"name\":\"Alo\u00e9 Vera King V\u00e9gan\"}]},{\"@type\":\"WebSite\",\"@id\":\"https:\/\/labaiethai.fr\/#website\",\"url\":\"https:\/\/labaiethai.fr\/\",\"name\":\"La Baie Thai\",\"description\":\"\",\"publisher\":{\"@id\":\"https:\/\/labaiethai.fr\/#organization\"},\"potentialAction\":[{\"@type\":\"SearchAction\",\"target\":{\"@type\":\"EntryPoint\",\"urlTemplate\":\"https:\/\/labaiethai.fr\/?s={search_term_string}\"},\"query-input\":\"required name=search_term_string\"}],\"inLanguage\":\"fr-FR\"},{\"@type\":\"Organization\",\"@id\":\"https:\/\/labaiethai.fr\/#organization\",\"name\":\"La Baie Thai\",\"url\":\"https:\/\/labaiethai.fr\/\",\"logo\":{\"@type\":\"ImageObject\",\"inLanguage\":\"fr-FR\",\"@id\":\"https:\/\/labaiethai.fr\/#\/schema\/logo\/image\/\",\"url\":\"https:\/\/labaiethai.fr\/wp-content\/uploads\/2024\/07\/2-removebg-preview.png\",\"contentUrl\":\"https:\/\/labaiethai.fr\/wp-content\/uploads\/2024\/07\/2-removebg-preview.png\",\"width\":690,\"height\":362,\"caption\":\"La Baie Thai\"},\"image\":{\"@id\":\"https:\/\/labaiethai.fr\/#\/schema\/logo\/image\/\"}}]}<\/script>\n<!-- \/ Yoast SEO plugin. -->","yoast_head_json":{"title":"Alo\u00e9 Vera King V\u00e9gan - La Baie Thai","description":"Cette boisson \u00e0 l\u2019Aloe Vera, sucr\u00e9e et naturellement aromatis\u00e9e, \u00e0 d\u00e9guster tr\u00e8s fra\u00eeche, contient des petits morceaux de pulpe d\u2019o\u00f9 l\u2019importance de bien secouer la bouteille avant de boire. Une fois ouvert \u00e0 conserver au r\u00e9frig\u00e9rateur et \u00e0 consommer en 1 jour. Existe aussi en d'autres saveurs \u00e0 d\u00e9couvrir absolument ! Sans calories, cette boisson premium de chez OKF\u00a0Aloe Vera King\u00a0contient 30% d\u2019Aloe Vera. Son succ\u00e8s r\u00e9side dans son originalit\u00e9 et ses saveurs mais aussi parce que cette boisson de la marque OKF contient de l\u2019Aloe Vera biologique, par ailleurs, elle est sans OGM, sans gluten et sans colorants artificiels .OKF, une marque mondiale de boissons, exporte dans 180 pays du monde entier et est tr\u00e8s appr\u00e9ci\u00e9 au Japon. Bouteille en plastique de 500 ml.","robots":{"index":"index","follow":"follow","max-snippet":"max-snippet:-1","max-image-preview":"max-image-preview:large","max-video-preview":"max-video-preview:-1"},"canonical":"https:\/\/labaiethai.fr\/index.php\/produit\/aloe-vera-king-vegan-vegan-boisson-asiatique-traiteur-la-baie-thai-betaille-le-lot-bio-boisson\/","og_locale":"fr_FR","og_type":"article","og_title":"Alo\u00e9 Vera King V\u00e9gan - La Baie Thai","og_description":"Cette boisson \u00e0 l\u2019Aloe Vera, sucr\u00e9e et naturellement aromatis\u00e9e, \u00e0 d\u00e9guster tr\u00e8s fra\u00eeche, contient des petits morceaux de pulpe d\u2019o\u00f9 l\u2019importance de bien secouer la bouteille avant de boire. Une fois ouvert \u00e0 conserver au r\u00e9frig\u00e9rateur et \u00e0 consommer en 1 jour. Existe aussi en d'autres saveurs \u00e0 d\u00e9couvrir absolument ! Sans calories, cette boisson premium de chez OKF\u00a0Aloe Vera King\u00a0contient 30% d\u2019Aloe Vera. Son succ\u00e8s r\u00e9side dans son originalit\u00e9 et ses saveurs mais aussi parce que cette boisson de la marque OKF contient de l\u2019Aloe Vera biologique, par ailleurs, elle est sans OGM, sans gluten et sans colorants artificiels .OKF, une marque mondiale de boissons, exporte dans 180 pays du monde entier et est tr\u00e8s appr\u00e9ci\u00e9 au Japon. Bouteille en plastique de 500 ml.","og_url":"https:\/\/labaiethai.fr\/index.php\/produit\/aloe-vera-king-vegan-vegan-boisson-asiatique-traiteur-la-baie-thai-betaille-le-lot-bio-boisson\/","og_site_name":"La Baie Thai","article_modified_time":"2024-10-09T07:14:49+00:00","og_image":[{"width":2560,"height":1920,"url":"https:\/\/labaiethai.fr\/wp-content\/uploads\/2024\/08\/IMG_4070-scaled.jpg","type":"image\/jpeg"}],"twitter_card":"summary_large_image","twitter_misc":{"Dur\u00e9e de lecture estim\u00e9e":"1 minute"},"schema":{"@context":"https:\/\/schema.org","@graph":[{"@type":"WebPage","@id":"https:\/\/labaiethai.fr\/index.php\/produit\/aloe-vera-king-vegan-vegan-boisson-asiatique-traiteur-la-baie-thai-betaille-le-lot-bio-boisson\/","url":"https:\/\/labaiethai.fr\/index.php\/produit\/aloe-vera-king-vegan-vegan-boisson-asiatique-traiteur-la-baie-thai-betaille-le-lot-bio-boisson\/","name":"Alo\u00e9 Vera King V\u00e9gan - La Baie Thai","isPartOf":{"@id":"https:\/\/labaiethai.fr\/#website"},"primaryImageOfPage":{"@id":"https:\/\/labaiethai.fr\/index.php\/produit\/aloe-vera-king-vegan-vegan-boisson-asiatique-traiteur-la-baie-thai-betaille-le-lot-bio-boisson\/#primaryimage"},"image":{"@id":"https:\/\/labaiethai.fr\/index.php\/produit\/aloe-vera-king-vegan-vegan-boisson-asiatique-traiteur-la-baie-thai-betaille-le-lot-bio-boisson\/#primaryimage"},"thumbnailUrl":"https:\/\/labaiethai.fr\/wp-content\/uploads\/2024\/08\/IMG_4070-scaled.jpg","datePublished":"2024-08-29T17:49:16+00:00","dateModified":"2024-10-09T07:14:49+00:00","description":"Cette boisson \u00e0 l\u2019Aloe Vera, sucr\u00e9e et naturellement aromatis\u00e9e, \u00e0 d\u00e9guster tr\u00e8s fra\u00eeche, contient des petits morceaux de pulpe d\u2019o\u00f9 l\u2019importance de bien secouer la bouteille avant de boire. Une fois ouvert \u00e0 conserver au r\u00e9frig\u00e9rateur et \u00e0 consommer en 1 jour. Existe aussi en d'autres saveurs \u00e0 d\u00e9couvrir absolument ! Sans calories, cette boisson premium de chez OKF\u00a0Aloe Vera King\u00a0contient 30% d\u2019Aloe Vera. Son succ\u00e8s r\u00e9side dans son originalit\u00e9 et ses saveurs mais aussi parce que cette boisson de la marque OKF contient de l\u2019Aloe Vera biologique, par ailleurs, elle est sans OGM, sans gluten et sans colorants artificiels .OKF, une marque mondiale de boissons, exporte dans 180 pays du monde entier et est tr\u00e8s appr\u00e9ci\u00e9 au Japon. Bouteille en plastique de 500 ml.","breadcrumb":{"@id":"https:\/\/labaiethai.fr\/index.php\/produit\/aloe-vera-king-vegan-vegan-boisson-asiatique-traiteur-la-baie-thai-betaille-le-lot-bio-boisson\/#breadcrumb"},"inLanguage":"fr-FR","potentialAction":[{"@type":"ReadAction","target":["https:\/\/labaiethai.fr\/index.php\/produit\/aloe-vera-king-vegan-vegan-boisson-asiatique-traiteur-la-baie-thai-betaille-le-lot-bio-boisson\/"]}]},{"@type":"ImageObject","inLanguage":"fr-FR","@id":"https:\/\/labaiethai.fr\/index.php\/produit\/aloe-vera-king-vegan-vegan-boisson-asiatique-traiteur-la-baie-thai-betaille-le-lot-bio-boisson\/#primaryimage","url":"https:\/\/labaiethai.fr\/wp-content\/uploads\/2024\/08\/IMG_4070-scaled.jpg","contentUrl":"https:\/\/labaiethai.fr\/wp-content\/uploads\/2024\/08\/IMG_4070-scaled.jpg","width":2560,"height":1920},{"@type":"BreadcrumbList","@id":"https:\/\/labaiethai.fr\/index.php\/produit\/aloe-vera-king-vegan-vegan-boisson-asiatique-traiteur-la-baie-thai-betaille-le-lot-bio-boisson\/#breadcrumb","itemListElement":[{"@type":"ListItem","position":1,"name":"Accueil","item":"https:\/\/labaiethai.fr\/"},{"@type":"ListItem","position":2,"name":"Boutique","item":"https:\/\/labaiethai.fr\/index.php\/boutique\/"},{"@type":"ListItem","position":3,"name":"Alo\u00e9 Vera King V\u00e9gan"}]},{"@type":"WebSite","@id":"https:\/\/labaiethai.fr\/#website","url":"https:\/\/labaiethai.fr\/","name":"La Baie Thai","description":"","publisher":{"@id":"https:\/\/labaiethai.fr\/#organization"},"potentialAction":[{"@type":"SearchAction","target":{"@type":"EntryPoint","urlTemplate":"https:\/\/labaiethai.fr\/?s={search_term_string}"},"query-input":"required name=search_term_string"}],"inLanguage":"fr-FR"},{"@type":"Organization","@id":"https:\/\/labaiethai.fr\/#organization","name":"La Baie Thai","url":"https:\/\/labaiethai.fr\/","logo":{"@type":"ImageObject","inLanguage":"fr-FR","@id":"https:\/\/labaiethai.fr\/#\/schema\/logo\/image\/","url":"https:\/\/labaiethai.fr\/wp-content\/uploads\/2024\/07\/2-removebg-preview.png","contentUrl":"https:\/\/labaiethai.fr\/wp-content\/uploads\/2024\/07\/2-removebg-preview.png","width":690,"height":362,"caption":"La Baie Thai"},"image":{"@id":"https:\/\/labaiethai.fr\/#\/schema\/logo\/image\/"}}]}},"jetpack_sharing_enabled":true,"_links":{"self":[{"href":"https:\/\/labaiethai.fr\/index.php\/wp-json\/wp\/v2\/product\/432","targetHints":{"allow":["GET"]}}],"collection":[{"href":"https:\/\/labaiethai.fr\/index.php\/wp-json\/wp\/v2\/product"}],"about":[{"href":"https:\/\/labaiethai.fr\/index.php\/wp-json\/wp\/v2\/types\/product"}],"replies":[{"embeddable":true,"href":"https:\/\/labaiethai.fr\/index.php\/wp-json\/wp\/v2\/comments?post=432"}],"wp:featuredmedia":[{"embeddable":true,"href":"https:\/\/labaiethai.fr\/index.php\/wp-json\/wp\/v2\/media\/433"}],"wp:attachment":[{"href":"https:\/\/labaiethai.fr\/index.php\/wp-json\/wp\/v2\/media?parent=432"}],"wp:term":[{"taxonomy":"product_cat","embeddable":true,"href":"https:\/\/labaiethai.fr\/index.php\/wp-json\/wp\/v2\/product_cat?post=432"},{"taxonomy":"product_tag","embeddable":true,"href":"https:\/\/labaiethai.fr\/index.php\/wp-json\/wp\/v2\/product_tag?post=432"}],"curies":[{"name":"wp","href":"https:\/\/api.w.org\/{rel}","templated":true}]}}