{"id":423,"date":"2024-08-25T12:15:11","date_gmt":"2024-08-25T12:15:11","guid":{"rendered":"https:\/\/labaiethai.fr\/?post_type=product&#038;p=423"},"modified":"2024-09-10T17:32:03","modified_gmt":"2024-09-10T17:32:03","slug":"riz-blanc-thai-poulet-cacahuete-traiteur-traiteur-asiatique-asie-restaurant-asiatique-restaurant-betaille-baie-thai-le-lot-france","status":"publish","type":"product","link":"https:\/\/labaiethai.fr\/index.php\/produit\/riz-blanc-thai-poulet-cacahuete-traiteur-traiteur-asiatique-asie-restaurant-asiatique-restaurant-betaille-baie-thai-le-lot-france\/","title":{"rendered":"Riz blanc Tha\u00ef et poulet cacahu\u00e8te"},"content":{"rendered":"<p>Ingr\u00e9dients au complets \/ Allerg\u00e8nes : Riz blanc Thai parfum\u00e9 au jasmin, persil, coriandre, tomate ancienne, choux rouge, carotte, oignon cebette, poivron, oignon blanc, soja, sel, poivre, ail en poudre, sauce soja sal\u00e9, sauce soja sucr\u00e9e, sauce nioc nam, huile de s\u00e9same, sucre roux, cacahu\u00e8te concass\u00e9e, pate de cacahu\u00e8te, lait de coco<\/p>\n<p>Photos non contractuelles.<\/p>\n","protected":false},"excerpt":{"rendered":"<p>Un bol = une unit\u00e9 = un plat complet = une personne.<\/p>\n<p>Un best seller chez la Baie Thai !<\/p>\n<p>Recommandation de la cheffe :<em> \u00ab A r\u00e9chauffer quelques minutes au micro onde, on rajoute un mini filet d\u2019eau dans le pot pour ne pas que cela soit sec, et c\u2019est pr\u00eat a d\u00e9guster ! Si on a prit plusieurs diff\u00e9rents plats, mettez les tous au milieu de votre table et mangez dans le partage, comme \u00e0 la Tha\u00eflandaise ! \u00bb<\/em><\/p>\n","protected":false},"featured_media":517,"comment_status":"open","ping_status":"closed","template":"","meta":[],"product_cat":[26,29],"product_tag":[],"class_list":{"0":"post-423","1":"product","2":"type-product","3":"status-publish","4":"has-post-thumbnail","6":"product_cat-plats-a-commander","7":"product_cat-plats-chauds","9":"first","10":"instock","11":"taxable","12":"shipping-taxable","13":"purchasable","14":"product-type-simple"},"yoast_head":"<!-- This site is optimized with the Yoast SEO plugin v23.0 - https:\/\/yoast.com\/wordpress\/plugins\/seo\/ -->\n<title>Riz blanc Tha\u00ef et poulet cacahu\u00e8te - La Baie Thai<\/title>\n<meta name=\"description\" content=\"Un bol = une unit\u00e9 = un plat complet = une personne. Recommandation de la cheffe :\u00a0\u00ab\u00a0A r\u00e9chauffer quelques minutes au micro onde, on rajoute un mini filet d\u2019eau dans le pot pour ne pas que cela soit sec, et c\u2019est pr\u00eat a d\u00e9guster ! Si on a prit plusieurs diff\u00e9rents plats, mettez les tous au milieu de votre table et mangez dans le partage, comme \u00e0 la Tha\u00eflandaise !\u00a0\u00bb Ingr\u00e9dients au complets \/ Allerg\u00e8nes : Riz blanc Thai parfum\u00e9 au jasmin, persil, coriandre, tomate ancienne, choux rouge, carotte, oignon cebette, poivron, oignon blanc, soja, sel, poivre, ail en poudre, sauce soja sal\u00e9, sauce soja sucr\u00e9e, sauce nioc nam, huile de s\u00e9same, sucre roux, cacahu\u00e8te concass\u00e9e, pate de cacahu\u00e8te, lait de coco. Photos non contractuelles.\" \/>\n<meta name=\"robots\" content=\"index, follow, max-snippet:-1, max-image-preview:large, max-video-preview:-1\" \/>\n<link rel=\"canonical\" href=\"https:\/\/labaiethai.fr\/index.php\/produit\/riz-blanc-thai-poulet-cacahuete-traiteur-traiteur-asiatique-asie-restaurant-asiatique-restaurant-betaille-baie-thai-le-lot-france\/\" \/>\n<meta property=\"og:locale\" content=\"fr_FR\" \/>\n<meta property=\"og:type\" content=\"article\" \/>\n<meta property=\"og:title\" content=\"Riz blanc Tha\u00ef et poulet cacahu\u00e8te - La Baie Thai\" \/>\n<meta property=\"og:description\" content=\"Un bol = une unit\u00e9 = un plat complet = une personne. Recommandation de la cheffe :\u00a0\u00ab\u00a0A r\u00e9chauffer quelques minutes au micro onde, on rajoute un mini filet d\u2019eau dans le pot pour ne pas que cela soit sec, et c\u2019est pr\u00eat a d\u00e9guster ! Si on a prit plusieurs diff\u00e9rents plats, mettez les tous au milieu de votre table et mangez dans le partage, comme \u00e0 la Tha\u00eflandaise !\u00a0\u00bb Ingr\u00e9dients au complets \/ Allerg\u00e8nes : Riz blanc Thai parfum\u00e9 au jasmin, persil, coriandre, tomate ancienne, choux rouge, carotte, oignon cebette, poivron, oignon blanc, soja, sel, poivre, ail en poudre, sauce soja sal\u00e9, sauce soja sucr\u00e9e, sauce nioc nam, huile de s\u00e9same, sucre roux, cacahu\u00e8te concass\u00e9e, pate de cacahu\u00e8te, lait de coco. Photos non contractuelles.\" \/>\n<meta property=\"og:url\" content=\"https:\/\/labaiethai.fr\/index.php\/produit\/riz-blanc-thai-poulet-cacahuete-traiteur-traiteur-asiatique-asie-restaurant-asiatique-restaurant-betaille-baie-thai-le-lot-france\/\" \/>\n<meta property=\"og:site_name\" content=\"La Baie Thai\" \/>\n<meta property=\"article:modified_time\" content=\"2024-09-10T17:32:03+00:00\" \/>\n<meta property=\"og:image\" content=\"https:\/\/labaiethai.fr\/wp-content\/uploads\/2024\/09\/IMG_4097-scaled.jpg\" \/>\n\t<meta property=\"og:image:width\" content=\"1920\" \/>\n\t<meta property=\"og:image:height\" content=\"2560\" \/>\n\t<meta property=\"og:image:type\" content=\"image\/jpeg\" \/>\n<meta name=\"twitter:card\" content=\"summary_large_image\" \/>\n<meta name=\"twitter:label1\" content=\"Dur\u00e9e de lecture estim\u00e9e\" \/>\n\t<meta name=\"twitter:data1\" content=\"1 minute\" \/>\n<script type=\"application\/ld+json\" class=\"yoast-schema-graph\">{\"@context\":\"https:\/\/schema.org\",\"@graph\":[{\"@type\":\"WebPage\",\"@id\":\"https:\/\/labaiethai.fr\/index.php\/produit\/riz-blanc-thai-poulet-cacahuete-traiteur-traiteur-asiatique-asie-restaurant-asiatique-restaurant-betaille-baie-thai-le-lot-france\/\",\"url\":\"https:\/\/labaiethai.fr\/index.php\/produit\/riz-blanc-thai-poulet-cacahuete-traiteur-traiteur-asiatique-asie-restaurant-asiatique-restaurant-betaille-baie-thai-le-lot-france\/\",\"name\":\"Riz blanc Tha\u00ef et poulet cacahu\u00e8te - La Baie Thai\",\"isPartOf\":{\"@id\":\"https:\/\/labaiethai.fr\/#website\"},\"primaryImageOfPage\":{\"@id\":\"https:\/\/labaiethai.fr\/index.php\/produit\/riz-blanc-thai-poulet-cacahuete-traiteur-traiteur-asiatique-asie-restaurant-asiatique-restaurant-betaille-baie-thai-le-lot-france\/#primaryimage\"},\"image\":{\"@id\":\"https:\/\/labaiethai.fr\/index.php\/produit\/riz-blanc-thai-poulet-cacahuete-traiteur-traiteur-asiatique-asie-restaurant-asiatique-restaurant-betaille-baie-thai-le-lot-france\/#primaryimage\"},\"thumbnailUrl\":\"https:\/\/labaiethai.fr\/wp-content\/uploads\/2024\/09\/IMG_4097-scaled.jpg\",\"datePublished\":\"2024-08-25T12:15:11+00:00\",\"dateModified\":\"2024-09-10T17:32:03+00:00\",\"description\":\"Un bol = une unit\u00e9 = un plat complet = une personne. Recommandation de la cheffe :\u00a0\u00ab\u00a0A r\u00e9chauffer quelques minutes au micro onde, on rajoute un mini filet d\u2019eau dans le pot pour ne pas que cela soit sec, et c\u2019est pr\u00eat a d\u00e9guster ! Si on a prit plusieurs diff\u00e9rents plats, mettez les tous au milieu de votre table et mangez dans le partage, comme \u00e0 la Tha\u00eflandaise !\u00a0\u00bb Ingr\u00e9dients au complets \/ Allerg\u00e8nes : Riz blanc Thai parfum\u00e9 au jasmin, persil, coriandre, tomate ancienne, choux rouge, carotte, oignon cebette, poivron, oignon blanc, soja, sel, poivre, ail en poudre, sauce soja sal\u00e9, sauce soja sucr\u00e9e, sauce nioc nam, huile de s\u00e9same, sucre roux, cacahu\u00e8te concass\u00e9e, pate de cacahu\u00e8te, lait de coco. Photos non contractuelles.\",\"breadcrumb\":{\"@id\":\"https:\/\/labaiethai.fr\/index.php\/produit\/riz-blanc-thai-poulet-cacahuete-traiteur-traiteur-asiatique-asie-restaurant-asiatique-restaurant-betaille-baie-thai-le-lot-france\/#breadcrumb\"},\"inLanguage\":\"fr-FR\",\"potentialAction\":[{\"@type\":\"ReadAction\",\"target\":[\"https:\/\/labaiethai.fr\/index.php\/produit\/riz-blanc-thai-poulet-cacahuete-traiteur-traiteur-asiatique-asie-restaurant-asiatique-restaurant-betaille-baie-thai-le-lot-france\/\"]}]},{\"@type\":\"ImageObject\",\"inLanguage\":\"fr-FR\",\"@id\":\"https:\/\/labaiethai.fr\/index.php\/produit\/riz-blanc-thai-poulet-cacahuete-traiteur-traiteur-asiatique-asie-restaurant-asiatique-restaurant-betaille-baie-thai-le-lot-france\/#primaryimage\",\"url\":\"https:\/\/labaiethai.fr\/wp-content\/uploads\/2024\/09\/IMG_4097-scaled.jpg\",\"contentUrl\":\"https:\/\/labaiethai.fr\/wp-content\/uploads\/2024\/09\/IMG_4097-scaled.jpg\",\"width\":1920,\"height\":2560},{\"@type\":\"BreadcrumbList\",\"@id\":\"https:\/\/labaiethai.fr\/index.php\/produit\/riz-blanc-thai-poulet-cacahuete-traiteur-traiteur-asiatique-asie-restaurant-asiatique-restaurant-betaille-baie-thai-le-lot-france\/#breadcrumb\",\"itemListElement\":[{\"@type\":\"ListItem\",\"position\":1,\"name\":\"Accueil\",\"item\":\"https:\/\/labaiethai.fr\/\"},{\"@type\":\"ListItem\",\"position\":2,\"name\":\"Boutique\",\"item\":\"https:\/\/labaiethai.fr\/index.php\/boutique\/\"},{\"@type\":\"ListItem\",\"position\":3,\"name\":\"Riz blanc Tha\u00ef et poulet cacahu\u00e8te\"}]},{\"@type\":\"WebSite\",\"@id\":\"https:\/\/labaiethai.fr\/#website\",\"url\":\"https:\/\/labaiethai.fr\/\",\"name\":\"La Baie Thai\",\"description\":\"\",\"publisher\":{\"@id\":\"https:\/\/labaiethai.fr\/#organization\"},\"potentialAction\":[{\"@type\":\"SearchAction\",\"target\":{\"@type\":\"EntryPoint\",\"urlTemplate\":\"https:\/\/labaiethai.fr\/?s={search_term_string}\"},\"query-input\":\"required name=search_term_string\"}],\"inLanguage\":\"fr-FR\"},{\"@type\":\"Organization\",\"@id\":\"https:\/\/labaiethai.fr\/#organization\",\"name\":\"La Baie Thai\",\"url\":\"https:\/\/labaiethai.fr\/\",\"logo\":{\"@type\":\"ImageObject\",\"inLanguage\":\"fr-FR\",\"@id\":\"https:\/\/labaiethai.fr\/#\/schema\/logo\/image\/\",\"url\":\"https:\/\/labaiethai.fr\/wp-content\/uploads\/2024\/07\/2-removebg-preview.png\",\"contentUrl\":\"https:\/\/labaiethai.fr\/wp-content\/uploads\/2024\/07\/2-removebg-preview.png\",\"width\":690,\"height\":362,\"caption\":\"La Baie Thai\"},\"image\":{\"@id\":\"https:\/\/labaiethai.fr\/#\/schema\/logo\/image\/\"}}]}<\/script>\n<!-- \/ Yoast SEO plugin. -->","yoast_head_json":{"title":"Riz blanc Tha\u00ef et poulet cacahu\u00e8te - La Baie Thai","description":"Un bol = une unit\u00e9 = un plat complet = une personne. Recommandation de la cheffe :\u00a0\u00ab\u00a0A r\u00e9chauffer quelques minutes au micro onde, on rajoute un mini filet d\u2019eau dans le pot pour ne pas que cela soit sec, et c\u2019est pr\u00eat a d\u00e9guster ! Si on a prit plusieurs diff\u00e9rents plats, mettez les tous au milieu de votre table et mangez dans le partage, comme \u00e0 la Tha\u00eflandaise !\u00a0\u00bb Ingr\u00e9dients au complets \/ Allerg\u00e8nes : Riz blanc Thai parfum\u00e9 au jasmin, persil, coriandre, tomate ancienne, choux rouge, carotte, oignon cebette, poivron, oignon blanc, soja, sel, poivre, ail en poudre, sauce soja sal\u00e9, sauce soja sucr\u00e9e, sauce nioc nam, huile de s\u00e9same, sucre roux, cacahu\u00e8te concass\u00e9e, pate de cacahu\u00e8te, lait de coco. Photos non contractuelles.","robots":{"index":"index","follow":"follow","max-snippet":"max-snippet:-1","max-image-preview":"max-image-preview:large","max-video-preview":"max-video-preview:-1"},"canonical":"https:\/\/labaiethai.fr\/index.php\/produit\/riz-blanc-thai-poulet-cacahuete-traiteur-traiteur-asiatique-asie-restaurant-asiatique-restaurant-betaille-baie-thai-le-lot-france\/","og_locale":"fr_FR","og_type":"article","og_title":"Riz blanc Tha\u00ef et poulet cacahu\u00e8te - La Baie Thai","og_description":"Un bol = une unit\u00e9 = un plat complet = une personne. Recommandation de la cheffe :\u00a0\u00ab\u00a0A r\u00e9chauffer quelques minutes au micro onde, on rajoute un mini filet d\u2019eau dans le pot pour ne pas que cela soit sec, et c\u2019est pr\u00eat a d\u00e9guster ! Si on a prit plusieurs diff\u00e9rents plats, mettez les tous au milieu de votre table et mangez dans le partage, comme \u00e0 la Tha\u00eflandaise !\u00a0\u00bb Ingr\u00e9dients au complets \/ Allerg\u00e8nes : Riz blanc Thai parfum\u00e9 au jasmin, persil, coriandre, tomate ancienne, choux rouge, carotte, oignon cebette, poivron, oignon blanc, soja, sel, poivre, ail en poudre, sauce soja sal\u00e9, sauce soja sucr\u00e9e, sauce nioc nam, huile de s\u00e9same, sucre roux, cacahu\u00e8te concass\u00e9e, pate de cacahu\u00e8te, lait de coco. Photos non contractuelles.","og_url":"https:\/\/labaiethai.fr\/index.php\/produit\/riz-blanc-thai-poulet-cacahuete-traiteur-traiteur-asiatique-asie-restaurant-asiatique-restaurant-betaille-baie-thai-le-lot-france\/","og_site_name":"La Baie Thai","article_modified_time":"2024-09-10T17:32:03+00:00","og_image":[{"width":1920,"height":2560,"url":"https:\/\/labaiethai.fr\/wp-content\/uploads\/2024\/09\/IMG_4097-scaled.jpg","type":"image\/jpeg"}],"twitter_card":"summary_large_image","twitter_misc":{"Dur\u00e9e de lecture estim\u00e9e":"1 minute"},"schema":{"@context":"https:\/\/schema.org","@graph":[{"@type":"WebPage","@id":"https:\/\/labaiethai.fr\/index.php\/produit\/riz-blanc-thai-poulet-cacahuete-traiteur-traiteur-asiatique-asie-restaurant-asiatique-restaurant-betaille-baie-thai-le-lot-france\/","url":"https:\/\/labaiethai.fr\/index.php\/produit\/riz-blanc-thai-poulet-cacahuete-traiteur-traiteur-asiatique-asie-restaurant-asiatique-restaurant-betaille-baie-thai-le-lot-france\/","name":"Riz blanc Tha\u00ef et poulet cacahu\u00e8te - La Baie Thai","isPartOf":{"@id":"https:\/\/labaiethai.fr\/#website"},"primaryImageOfPage":{"@id":"https:\/\/labaiethai.fr\/index.php\/produit\/riz-blanc-thai-poulet-cacahuete-traiteur-traiteur-asiatique-asie-restaurant-asiatique-restaurant-betaille-baie-thai-le-lot-france\/#primaryimage"},"image":{"@id":"https:\/\/labaiethai.fr\/index.php\/produit\/riz-blanc-thai-poulet-cacahuete-traiteur-traiteur-asiatique-asie-restaurant-asiatique-restaurant-betaille-baie-thai-le-lot-france\/#primaryimage"},"thumbnailUrl":"https:\/\/labaiethai.fr\/wp-content\/uploads\/2024\/09\/IMG_4097-scaled.jpg","datePublished":"2024-08-25T12:15:11+00:00","dateModified":"2024-09-10T17:32:03+00:00","description":"Un bol = une unit\u00e9 = un plat complet = une personne. Recommandation de la cheffe :\u00a0\u00ab\u00a0A r\u00e9chauffer quelques minutes au micro onde, on rajoute un mini filet d\u2019eau dans le pot pour ne pas que cela soit sec, et c\u2019est pr\u00eat a d\u00e9guster ! Si on a prit plusieurs diff\u00e9rents plats, mettez les tous au milieu de votre table et mangez dans le partage, comme \u00e0 la Tha\u00eflandaise !\u00a0\u00bb Ingr\u00e9dients au complets \/ Allerg\u00e8nes : Riz blanc Thai parfum\u00e9 au jasmin, persil, coriandre, tomate ancienne, choux rouge, carotte, oignon cebette, poivron, oignon blanc, soja, sel, poivre, ail en poudre, sauce soja sal\u00e9, sauce soja sucr\u00e9e, sauce nioc nam, huile de s\u00e9same, sucre roux, cacahu\u00e8te concass\u00e9e, pate de cacahu\u00e8te, lait de coco. Photos non contractuelles.","breadcrumb":{"@id":"https:\/\/labaiethai.fr\/index.php\/produit\/riz-blanc-thai-poulet-cacahuete-traiteur-traiteur-asiatique-asie-restaurant-asiatique-restaurant-betaille-baie-thai-le-lot-france\/#breadcrumb"},"inLanguage":"fr-FR","potentialAction":[{"@type":"ReadAction","target":["https:\/\/labaiethai.fr\/index.php\/produit\/riz-blanc-thai-poulet-cacahuete-traiteur-traiteur-asiatique-asie-restaurant-asiatique-restaurant-betaille-baie-thai-le-lot-france\/"]}]},{"@type":"ImageObject","inLanguage":"fr-FR","@id":"https:\/\/labaiethai.fr\/index.php\/produit\/riz-blanc-thai-poulet-cacahuete-traiteur-traiteur-asiatique-asie-restaurant-asiatique-restaurant-betaille-baie-thai-le-lot-france\/#primaryimage","url":"https:\/\/labaiethai.fr\/wp-content\/uploads\/2024\/09\/IMG_4097-scaled.jpg","contentUrl":"https:\/\/labaiethai.fr\/wp-content\/uploads\/2024\/09\/IMG_4097-scaled.jpg","width":1920,"height":2560},{"@type":"BreadcrumbList","@id":"https:\/\/labaiethai.fr\/index.php\/produit\/riz-blanc-thai-poulet-cacahuete-traiteur-traiteur-asiatique-asie-restaurant-asiatique-restaurant-betaille-baie-thai-le-lot-france\/#breadcrumb","itemListElement":[{"@type":"ListItem","position":1,"name":"Accueil","item":"https:\/\/labaiethai.fr\/"},{"@type":"ListItem","position":2,"name":"Boutique","item":"https:\/\/labaiethai.fr\/index.php\/boutique\/"},{"@type":"ListItem","position":3,"name":"Riz blanc Tha\u00ef et poulet cacahu\u00e8te"}]},{"@type":"WebSite","@id":"https:\/\/labaiethai.fr\/#website","url":"https:\/\/labaiethai.fr\/","name":"La Baie Thai","description":"","publisher":{"@id":"https:\/\/labaiethai.fr\/#organization"},"potentialAction":[{"@type":"SearchAction","target":{"@type":"EntryPoint","urlTemplate":"https:\/\/labaiethai.fr\/?s={search_term_string}"},"query-input":"required name=search_term_string"}],"inLanguage":"fr-FR"},{"@type":"Organization","@id":"https:\/\/labaiethai.fr\/#organization","name":"La Baie Thai","url":"https:\/\/labaiethai.fr\/","logo":{"@type":"ImageObject","inLanguage":"fr-FR","@id":"https:\/\/labaiethai.fr\/#\/schema\/logo\/image\/","url":"https:\/\/labaiethai.fr\/wp-content\/uploads\/2024\/07\/2-removebg-preview.png","contentUrl":"https:\/\/labaiethai.fr\/wp-content\/uploads\/2024\/07\/2-removebg-preview.png","width":690,"height":362,"caption":"La Baie Thai"},"image":{"@id":"https:\/\/labaiethai.fr\/#\/schema\/logo\/image\/"}}]}},"jetpack_sharing_enabled":true,"_links":{"self":[{"href":"https:\/\/labaiethai.fr\/index.php\/wp-json\/wp\/v2\/product\/423","targetHints":{"allow":["GET"]}}],"collection":[{"href":"https:\/\/labaiethai.fr\/index.php\/wp-json\/wp\/v2\/product"}],"about":[{"href":"https:\/\/labaiethai.fr\/index.php\/wp-json\/wp\/v2\/types\/product"}],"replies":[{"embeddable":true,"href":"https:\/\/labaiethai.fr\/index.php\/wp-json\/wp\/v2\/comments?post=423"}],"wp:featuredmedia":[{"embeddable":true,"href":"https:\/\/labaiethai.fr\/index.php\/wp-json\/wp\/v2\/media\/517"}],"wp:attachment":[{"href":"https:\/\/labaiethai.fr\/index.php\/wp-json\/wp\/v2\/media?parent=423"}],"wp:term":[{"taxonomy":"product_cat","embeddable":true,"href":"https:\/\/labaiethai.fr\/index.php\/wp-json\/wp\/v2\/product_cat?post=423"},{"taxonomy":"product_tag","embeddable":true,"href":"https:\/\/labaiethai.fr\/index.php\/wp-json\/wp\/v2\/product_tag?post=423"}],"curies":[{"name":"wp","href":"https:\/\/api.w.org\/{rel}","templated":true}]}}