{"id":415,"date":"2024-08-25T09:26:30","date_gmt":"2024-08-25T09:26:30","guid":{"rendered":"https:\/\/labaiethai.fr\/?post_type=product&#038;p=415"},"modified":"2024-08-25T12:17:57","modified_gmt":"2024-08-25T12:17:57","slug":"nouilles-sautees-aux-crevettes-asie-traiteur-restaurant-betaille-baie-thai-traiteur-asiatique-street-food","status":"publish","type":"product","link":"https:\/\/labaiethai.fr\/index.php\/produit\/nouilles-sautees-aux-crevettes-asie-traiteur-restaurant-betaille-baie-thai-traiteur-asiatique-street-food\/","title":{"rendered":"Nouilles saut\u00e9es aux crevettes"},"content":{"rendered":"<p>Ingr\u00e9dients au complets \/ Allerg\u00e8nes : Nouilles fines jaunes de bl\u00e9, crevettes, persil, coriandre, tomate ancienne, choux rouge, carotte, oignon cebette, poivron, oignon blanc, soja, sel, poivre, ail en poudre, sauce soja sal\u00e9, sauce soja sucr\u00e9e, sauce nioc nam, huile de s\u00e9same, sucre roux .<\/p>\n<p>Photos non contractuelles<\/p>\n","protected":false},"excerpt":{"rendered":"<p>Un bol = une unit\u00e9 = un plat = une personne.<\/p>\n<p>Un best seller chez la Baie Tha\u00ef<\/p>\n<p>Recommandation de la cheffe :<em> \u00ab\u00a0A r\u00e9chauffer quelques minutes au micro onde, on rajoute un mini filet d&rsquo;eau dans le pot pour ne pas que cela soit sec, et c&rsquo;est pr\u00eat a d\u00e9guster ! Si on a prit plusieurs diff\u00e9rents plats, mettez les tous au milieu de votre table et mangez dans le partage, comme \u00e0 la Tha\u00eflandaise !\u00a0\u00bb<\/em><\/p>\n","protected":false},"featured_media":418,"comment_status":"open","ping_status":"closed","template":"","meta":[],"product_cat":[26,29],"product_tag":[],"class_list":{"0":"post-415","1":"product","2":"type-product","3":"status-publish","4":"has-post-thumbnail","6":"product_cat-plats-a-commander","7":"product_cat-plats-chauds","9":"first","10":"instock","11":"taxable","12":"shipping-taxable","13":"purchasable","14":"product-type-simple"},"yoast_head":"<!-- This site is optimized with the Yoast SEO plugin v23.0 - https:\/\/yoast.com\/wordpress\/plugins\/seo\/ -->\n<title>Nouilles saut\u00e9es aux crevettes - La Baie Thai<\/title>\n<meta name=\"description\" content=\"Un bol = une unit\u00e9 = un plat = une personne.\u00a0Recommandation de la cheffe : &quot;A r\u00e9chauffer quelques minutes au micro onde, on rajoute un mini filet d&#039;eau dans le pot pour ne pas que cela soit sec, et c&#039;est pr\u00eat a d\u00e9guster ! Si on a prit plusieurs diff\u00e9rents plats, mettez les tous au milieu de votre table et mangez dans le partage entre vous, comme \u00e0 la Tha\u00eflandaise ! &quot; Ingr\u00e9dients au complets \/ Allerg\u00e8nes : Nouilles fines jaune de bl\u00e9, crevettes, persil, coriandre, tomate ancienne, choux rouge, sel, poivre, ail en poudre, sauce soja sal\u00e9, sauce soja sucr\u00e9e, sauce nioc nam, huile de s\u00e9same, sucre roux .\u00a0 \u00a0\u00a0\" \/>\n<meta name=\"robots\" content=\"index, follow, max-snippet:-1, max-image-preview:large, max-video-preview:-1\" \/>\n<link rel=\"canonical\" href=\"https:\/\/labaiethai.fr\/index.php\/produit\/nouilles-sautees-aux-crevettes-asie-traiteur-restaurant-betaille-baie-thai-traiteur-asiatique-street-food\/\" \/>\n<meta property=\"og:locale\" content=\"fr_FR\" \/>\n<meta property=\"og:type\" content=\"article\" \/>\n<meta property=\"og:title\" content=\"Nouilles saut\u00e9es aux crevettes - La Baie Thai\" \/>\n<meta property=\"og:description\" content=\"Un bol = une unit\u00e9 = un plat = une personne.\u00a0Recommandation de la cheffe : &quot;A r\u00e9chauffer quelques minutes au micro onde, on rajoute un mini filet d&#039;eau dans le pot pour ne pas que cela soit sec, et c&#039;est pr\u00eat a d\u00e9guster ! Si on a prit plusieurs diff\u00e9rents plats, mettez les tous au milieu de votre table et mangez dans le partage entre vous, comme \u00e0 la Tha\u00eflandaise ! &quot; Ingr\u00e9dients au complets \/ Allerg\u00e8nes : Nouilles fines jaune de bl\u00e9, crevettes, persil, coriandre, tomate ancienne, choux rouge, sel, poivre, ail en poudre, sauce soja sal\u00e9, sauce soja sucr\u00e9e, sauce nioc nam, huile de s\u00e9same, sucre roux .\u00a0 \u00a0\u00a0\" \/>\n<meta property=\"og:url\" content=\"https:\/\/labaiethai.fr\/index.php\/produit\/nouilles-sautees-aux-crevettes-asie-traiteur-restaurant-betaille-baie-thai-traiteur-asiatique-street-food\/\" \/>\n<meta property=\"og:site_name\" content=\"La Baie Thai\" \/>\n<meta property=\"article:modified_time\" content=\"2024-08-25T12:17:57+00:00\" \/>\n<meta property=\"og:image\" content=\"https:\/\/labaiethai.fr\/wp-content\/uploads\/2024\/08\/image_67507969-scaled.jpg\" \/>\n\t<meta property=\"og:image:width\" content=\"1920\" \/>\n\t<meta property=\"og:image:height\" content=\"2560\" \/>\n\t<meta property=\"og:image:type\" content=\"image\/jpeg\" \/>\n<meta name=\"twitter:card\" content=\"summary_large_image\" \/>\n<meta name=\"twitter:label1\" content=\"Dur\u00e9e de lecture estim\u00e9e\" \/>\n\t<meta name=\"twitter:data1\" content=\"1 minute\" \/>\n<script type=\"application\/ld+json\" class=\"yoast-schema-graph\">{\"@context\":\"https:\/\/schema.org\",\"@graph\":[{\"@type\":\"WebPage\",\"@id\":\"https:\/\/labaiethai.fr\/index.php\/produit\/nouilles-sautees-aux-crevettes-asie-traiteur-restaurant-betaille-baie-thai-traiteur-asiatique-street-food\/\",\"url\":\"https:\/\/labaiethai.fr\/index.php\/produit\/nouilles-sautees-aux-crevettes-asie-traiteur-restaurant-betaille-baie-thai-traiteur-asiatique-street-food\/\",\"name\":\"Nouilles saut\u00e9es aux crevettes - La Baie Thai\",\"isPartOf\":{\"@id\":\"https:\/\/labaiethai.fr\/#website\"},\"primaryImageOfPage\":{\"@id\":\"https:\/\/labaiethai.fr\/index.php\/produit\/nouilles-sautees-aux-crevettes-asie-traiteur-restaurant-betaille-baie-thai-traiteur-asiatique-street-food\/#primaryimage\"},\"image\":{\"@id\":\"https:\/\/labaiethai.fr\/index.php\/produit\/nouilles-sautees-aux-crevettes-asie-traiteur-restaurant-betaille-baie-thai-traiteur-asiatique-street-food\/#primaryimage\"},\"thumbnailUrl\":\"https:\/\/labaiethai.fr\/wp-content\/uploads\/2024\/08\/image_67507969-scaled.jpg\",\"datePublished\":\"2024-08-25T09:26:30+00:00\",\"dateModified\":\"2024-08-25T12:17:57+00:00\",\"description\":\"Un bol = une unit\u00e9 = un plat = une personne.\u00a0Recommandation de la cheffe : \\\"A r\u00e9chauffer quelques minutes au micro onde, on rajoute un mini filet d'eau dans le pot pour ne pas que cela soit sec, et c'est pr\u00eat a d\u00e9guster ! Si on a prit plusieurs diff\u00e9rents plats, mettez les tous au milieu de votre table et mangez dans le partage entre vous, comme \u00e0 la Tha\u00eflandaise ! \\\" Ingr\u00e9dients au complets \/ Allerg\u00e8nes : Nouilles fines jaune de bl\u00e9, crevettes, persil, coriandre, tomate ancienne, choux rouge, sel, poivre, ail en poudre, sauce soja sal\u00e9, sauce soja sucr\u00e9e, sauce nioc nam, huile de s\u00e9same, sucre roux .\u00a0 \u00a0\u00a0\",\"breadcrumb\":{\"@id\":\"https:\/\/labaiethai.fr\/index.php\/produit\/nouilles-sautees-aux-crevettes-asie-traiteur-restaurant-betaille-baie-thai-traiteur-asiatique-street-food\/#breadcrumb\"},\"inLanguage\":\"fr-FR\",\"potentialAction\":[{\"@type\":\"ReadAction\",\"target\":[\"https:\/\/labaiethai.fr\/index.php\/produit\/nouilles-sautees-aux-crevettes-asie-traiteur-restaurant-betaille-baie-thai-traiteur-asiatique-street-food\/\"]}]},{\"@type\":\"ImageObject\",\"inLanguage\":\"fr-FR\",\"@id\":\"https:\/\/labaiethai.fr\/index.php\/produit\/nouilles-sautees-aux-crevettes-asie-traiteur-restaurant-betaille-baie-thai-traiteur-asiatique-street-food\/#primaryimage\",\"url\":\"https:\/\/labaiethai.fr\/wp-content\/uploads\/2024\/08\/image_67507969-scaled.jpg\",\"contentUrl\":\"https:\/\/labaiethai.fr\/wp-content\/uploads\/2024\/08\/image_67507969-scaled.jpg\",\"width\":1920,\"height\":2560},{\"@type\":\"BreadcrumbList\",\"@id\":\"https:\/\/labaiethai.fr\/index.php\/produit\/nouilles-sautees-aux-crevettes-asie-traiteur-restaurant-betaille-baie-thai-traiteur-asiatique-street-food\/#breadcrumb\",\"itemListElement\":[{\"@type\":\"ListItem\",\"position\":1,\"name\":\"Accueil\",\"item\":\"https:\/\/labaiethai.fr\/\"},{\"@type\":\"ListItem\",\"position\":2,\"name\":\"Boutique\",\"item\":\"https:\/\/labaiethai.fr\/index.php\/boutique\/\"},{\"@type\":\"ListItem\",\"position\":3,\"name\":\"Nouilles saut\u00e9es aux crevettes\"}]},{\"@type\":\"WebSite\",\"@id\":\"https:\/\/labaiethai.fr\/#website\",\"url\":\"https:\/\/labaiethai.fr\/\",\"name\":\"La Baie Thai\",\"description\":\"\",\"publisher\":{\"@id\":\"https:\/\/labaiethai.fr\/#organization\"},\"potentialAction\":[{\"@type\":\"SearchAction\",\"target\":{\"@type\":\"EntryPoint\",\"urlTemplate\":\"https:\/\/labaiethai.fr\/?s={search_term_string}\"},\"query-input\":\"required name=search_term_string\"}],\"inLanguage\":\"fr-FR\"},{\"@type\":\"Organization\",\"@id\":\"https:\/\/labaiethai.fr\/#organization\",\"name\":\"La Baie Thai\",\"url\":\"https:\/\/labaiethai.fr\/\",\"logo\":{\"@type\":\"ImageObject\",\"inLanguage\":\"fr-FR\",\"@id\":\"https:\/\/labaiethai.fr\/#\/schema\/logo\/image\/\",\"url\":\"https:\/\/labaiethai.fr\/wp-content\/uploads\/2024\/07\/2-removebg-preview.png\",\"contentUrl\":\"https:\/\/labaiethai.fr\/wp-content\/uploads\/2024\/07\/2-removebg-preview.png\",\"width\":690,\"height\":362,\"caption\":\"La Baie Thai\"},\"image\":{\"@id\":\"https:\/\/labaiethai.fr\/#\/schema\/logo\/image\/\"}}]}<\/script>\n<!-- \/ Yoast SEO plugin. -->","yoast_head_json":{"title":"Nouilles saut\u00e9es aux crevettes - La Baie Thai","description":"Un bol = une unit\u00e9 = un plat = une personne.\u00a0Recommandation de la cheffe : \"A r\u00e9chauffer quelques minutes au micro onde, on rajoute un mini filet d'eau dans le pot pour ne pas que cela soit sec, et c'est pr\u00eat a d\u00e9guster ! Si on a prit plusieurs diff\u00e9rents plats, mettez les tous au milieu de votre table et mangez dans le partage entre vous, comme \u00e0 la Tha\u00eflandaise ! \" Ingr\u00e9dients au complets \/ Allerg\u00e8nes : Nouilles fines jaune de bl\u00e9, crevettes, persil, coriandre, tomate ancienne, choux rouge, sel, poivre, ail en poudre, sauce soja sal\u00e9, sauce soja sucr\u00e9e, sauce nioc nam, huile de s\u00e9same, sucre roux .\u00a0 \u00a0\u00a0","robots":{"index":"index","follow":"follow","max-snippet":"max-snippet:-1","max-image-preview":"max-image-preview:large","max-video-preview":"max-video-preview:-1"},"canonical":"https:\/\/labaiethai.fr\/index.php\/produit\/nouilles-sautees-aux-crevettes-asie-traiteur-restaurant-betaille-baie-thai-traiteur-asiatique-street-food\/","og_locale":"fr_FR","og_type":"article","og_title":"Nouilles saut\u00e9es aux crevettes - La Baie Thai","og_description":"Un bol = une unit\u00e9 = un plat = une personne.\u00a0Recommandation de la cheffe : \"A r\u00e9chauffer quelques minutes au micro onde, on rajoute un mini filet d'eau dans le pot pour ne pas que cela soit sec, et c'est pr\u00eat a d\u00e9guster ! Si on a prit plusieurs diff\u00e9rents plats, mettez les tous au milieu de votre table et mangez dans le partage entre vous, comme \u00e0 la Tha\u00eflandaise ! \" Ingr\u00e9dients au complets \/ Allerg\u00e8nes : Nouilles fines jaune de bl\u00e9, crevettes, persil, coriandre, tomate ancienne, choux rouge, sel, poivre, ail en poudre, sauce soja sal\u00e9, sauce soja sucr\u00e9e, sauce nioc nam, huile de s\u00e9same, sucre roux .\u00a0 \u00a0\u00a0","og_url":"https:\/\/labaiethai.fr\/index.php\/produit\/nouilles-sautees-aux-crevettes-asie-traiteur-restaurant-betaille-baie-thai-traiteur-asiatique-street-food\/","og_site_name":"La Baie Thai","article_modified_time":"2024-08-25T12:17:57+00:00","og_image":[{"width":1920,"height":2560,"url":"https:\/\/labaiethai.fr\/wp-content\/uploads\/2024\/08\/image_67507969-scaled.jpg","type":"image\/jpeg"}],"twitter_card":"summary_large_image","twitter_misc":{"Dur\u00e9e de lecture estim\u00e9e":"1 minute"},"schema":{"@context":"https:\/\/schema.org","@graph":[{"@type":"WebPage","@id":"https:\/\/labaiethai.fr\/index.php\/produit\/nouilles-sautees-aux-crevettes-asie-traiteur-restaurant-betaille-baie-thai-traiteur-asiatique-street-food\/","url":"https:\/\/labaiethai.fr\/index.php\/produit\/nouilles-sautees-aux-crevettes-asie-traiteur-restaurant-betaille-baie-thai-traiteur-asiatique-street-food\/","name":"Nouilles saut\u00e9es aux crevettes - La Baie Thai","isPartOf":{"@id":"https:\/\/labaiethai.fr\/#website"},"primaryImageOfPage":{"@id":"https:\/\/labaiethai.fr\/index.php\/produit\/nouilles-sautees-aux-crevettes-asie-traiteur-restaurant-betaille-baie-thai-traiteur-asiatique-street-food\/#primaryimage"},"image":{"@id":"https:\/\/labaiethai.fr\/index.php\/produit\/nouilles-sautees-aux-crevettes-asie-traiteur-restaurant-betaille-baie-thai-traiteur-asiatique-street-food\/#primaryimage"},"thumbnailUrl":"https:\/\/labaiethai.fr\/wp-content\/uploads\/2024\/08\/image_67507969-scaled.jpg","datePublished":"2024-08-25T09:26:30+00:00","dateModified":"2024-08-25T12:17:57+00:00","description":"Un bol = une unit\u00e9 = un plat = une personne.\u00a0Recommandation de la cheffe : \"A r\u00e9chauffer quelques minutes au micro onde, on rajoute un mini filet d'eau dans le pot pour ne pas que cela soit sec, et c'est pr\u00eat a d\u00e9guster ! Si on a prit plusieurs diff\u00e9rents plats, mettez les tous au milieu de votre table et mangez dans le partage entre vous, comme \u00e0 la Tha\u00eflandaise ! \" Ingr\u00e9dients au complets \/ Allerg\u00e8nes : Nouilles fines jaune de bl\u00e9, crevettes, persil, coriandre, tomate ancienne, choux rouge, sel, poivre, ail en poudre, sauce soja sal\u00e9, sauce soja sucr\u00e9e, sauce nioc nam, huile de s\u00e9same, sucre roux .\u00a0 \u00a0\u00a0","breadcrumb":{"@id":"https:\/\/labaiethai.fr\/index.php\/produit\/nouilles-sautees-aux-crevettes-asie-traiteur-restaurant-betaille-baie-thai-traiteur-asiatique-street-food\/#breadcrumb"},"inLanguage":"fr-FR","potentialAction":[{"@type":"ReadAction","target":["https:\/\/labaiethai.fr\/index.php\/produit\/nouilles-sautees-aux-crevettes-asie-traiteur-restaurant-betaille-baie-thai-traiteur-asiatique-street-food\/"]}]},{"@type":"ImageObject","inLanguage":"fr-FR","@id":"https:\/\/labaiethai.fr\/index.php\/produit\/nouilles-sautees-aux-crevettes-asie-traiteur-restaurant-betaille-baie-thai-traiteur-asiatique-street-food\/#primaryimage","url":"https:\/\/labaiethai.fr\/wp-content\/uploads\/2024\/08\/image_67507969-scaled.jpg","contentUrl":"https:\/\/labaiethai.fr\/wp-content\/uploads\/2024\/08\/image_67507969-scaled.jpg","width":1920,"height":2560},{"@type":"BreadcrumbList","@id":"https:\/\/labaiethai.fr\/index.php\/produit\/nouilles-sautees-aux-crevettes-asie-traiteur-restaurant-betaille-baie-thai-traiteur-asiatique-street-food\/#breadcrumb","itemListElement":[{"@type":"ListItem","position":1,"name":"Accueil","item":"https:\/\/labaiethai.fr\/"},{"@type":"ListItem","position":2,"name":"Boutique","item":"https:\/\/labaiethai.fr\/index.php\/boutique\/"},{"@type":"ListItem","position":3,"name":"Nouilles saut\u00e9es aux crevettes"}]},{"@type":"WebSite","@id":"https:\/\/labaiethai.fr\/#website","url":"https:\/\/labaiethai.fr\/","name":"La Baie Thai","description":"","publisher":{"@id":"https:\/\/labaiethai.fr\/#organization"},"potentialAction":[{"@type":"SearchAction","target":{"@type":"EntryPoint","urlTemplate":"https:\/\/labaiethai.fr\/?s={search_term_string}"},"query-input":"required name=search_term_string"}],"inLanguage":"fr-FR"},{"@type":"Organization","@id":"https:\/\/labaiethai.fr\/#organization","name":"La Baie Thai","url":"https:\/\/labaiethai.fr\/","logo":{"@type":"ImageObject","inLanguage":"fr-FR","@id":"https:\/\/labaiethai.fr\/#\/schema\/logo\/image\/","url":"https:\/\/labaiethai.fr\/wp-content\/uploads\/2024\/07\/2-removebg-preview.png","contentUrl":"https:\/\/labaiethai.fr\/wp-content\/uploads\/2024\/07\/2-removebg-preview.png","width":690,"height":362,"caption":"La Baie Thai"},"image":{"@id":"https:\/\/labaiethai.fr\/#\/schema\/logo\/image\/"}}]}},"jetpack_sharing_enabled":true,"_links":{"self":[{"href":"https:\/\/labaiethai.fr\/index.php\/wp-json\/wp\/v2\/product\/415","targetHints":{"allow":["GET"]}}],"collection":[{"href":"https:\/\/labaiethai.fr\/index.php\/wp-json\/wp\/v2\/product"}],"about":[{"href":"https:\/\/labaiethai.fr\/index.php\/wp-json\/wp\/v2\/types\/product"}],"replies":[{"embeddable":true,"href":"https:\/\/labaiethai.fr\/index.php\/wp-json\/wp\/v2\/comments?post=415"}],"wp:featuredmedia":[{"embeddable":true,"href":"https:\/\/labaiethai.fr\/index.php\/wp-json\/wp\/v2\/media\/418"}],"wp:attachment":[{"href":"https:\/\/labaiethai.fr\/index.php\/wp-json\/wp\/v2\/media?parent=415"}],"wp:term":[{"taxonomy":"product_cat","embeddable":true,"href":"https:\/\/labaiethai.fr\/index.php\/wp-json\/wp\/v2\/product_cat?post=415"},{"taxonomy":"product_tag","embeddable":true,"href":"https:\/\/labaiethai.fr\/index.php\/wp-json\/wp\/v2\/product_tag?post=415"}],"curies":[{"name":"wp","href":"https:\/\/api.w.org\/{rel}","templated":true}]}}