{"id":409,"date":"2024-08-24T09:43:53","date_gmt":"2024-08-24T09:43:53","guid":{"rendered":"https:\/\/labaiethai.fr\/?post_type=product&#038;p=409"},"modified":"2025-04-25T14:22:54","modified_gmt":"2025-04-25T14:22:54","slug":"festi-plateau-starters-nem-samoussa-gyosas-apero-entree-frit-asie-traiteur-restaurant-street-food-betaille-baie-thai","status":"publish","type":"product","link":"https:\/\/labaiethai.fr\/index.php\/produit\/festi-plateau-starters-nem-samoussa-gyosas-apero-entree-frit-asie-traiteur-restaurant-street-food-betaille-baie-thai\/","title":{"rendered":"Le M\u00e9ga Festi Plateau"},"content":{"rendered":"<p><strong>Ingr\u00e9dients au complet \/ Allerg\u00e8nes : Se r\u00e9f\u00e9rer \u00e0 chaque produit au d\u00e9tail nems, calamars frits, samoussa, tempura crevette et gyozas .\u00a0<\/strong><\/p>\n<ul>\n<li>Se d\u00e9cline \u00e9galement en TITAN FESTI : 20 de chaque starters : <strong>nems, calamars frits, samoussa, tempura crevette et gyozas .\u00a0<\/strong>\u00a0 (sauf bouchons crevettes) : 150\u20ac (Pr\u00e9venir 2 jours avant par sms)<\/li>\n<\/ul>\n<p>&nbsp;<\/p>\n<p><strong>Photos non contractuelle.<\/strong><\/p>\n","protected":false},"excerpt":{"rendered":"<p><strong>Prix pour un plateau complet : 8 DE CHAQUE STARTERS (sauf bouchons crevette) et 3 sauces diff\u00e9rentes\u00a0<\/strong><\/p>\n<p><strong>Id\u00e9al en groupe entre amis, famille, coll\u00e8gues<\/strong><\/p>\n<p><strong>Recommandation de la cheffe : \u00ab\u00a0<em>A accompagner avec de la bonne salade, menthe et Coriandre fraiche. R\u00e9chauffez quelques instant au four grill, ou \u00e0 la po\u00eale, si n\u00e9cessaire \u00bb.<\/em><\/strong><\/p>\n","protected":false},"featured_media":410,"comment_status":"open","ping_status":"closed","template":"","meta":[],"product_cat":[26,27,31],"product_tag":[],"class_list":{"0":"post-409","1":"product","2":"type-product","3":"status-publish","4":"has-post-thumbnail","6":"product_cat-plats-a-commander","7":"product_cat-starters","8":"product_cat-traiteur-evenementiel","10":"first","11":"instock","12":"taxable","13":"shipping-taxable","14":"purchasable","15":"product-type-simple"},"yoast_head":"<!-- This site is optimized with the Yoast SEO plugin v23.0 - https:\/\/yoast.com\/wordpress\/plugins\/seo\/ -->\n<title>Le M\u00e9ga Festi Plateau - La Baie Thai<\/title>\n<meta name=\"description\" content=\"Prix pour un plateau complet : 20 nems, 20 samoussas, 20 gyozas, et 3 sauces diff\u00e9rentes\u00a0Id\u00e9al en groupe entre amis, famille, coll\u00e8gues. Recommandation de la cheffe : \u00ab\u00a0A accompagner avec de la bonne salade, menthe et Coriandre fraiche. R\u00e9chauffez quelques instant au grill si n\u00e9cessaire \u00bb. Ingr\u00e9dients au complet \/ Allerg\u00e8nes : Se r\u00e9f\u00e9rer \u00e0 chaque produit au d\u00e9tail nems, samoussa et gyozas .\u00a0Photos non contractuelle.\" \/>\n<meta name=\"robots\" content=\"index, follow, max-snippet:-1, max-image-preview:large, max-video-preview:-1\" \/>\n<link rel=\"canonical\" href=\"https:\/\/labaiethai.fr\/index.php\/produit\/festi-plateau-starters-nem-samoussa-gyosas-apero-entree-frit-asie-traiteur-restaurant-street-food-betaille-baie-thai\/\" \/>\n<meta property=\"og:locale\" content=\"fr_FR\" \/>\n<meta property=\"og:type\" content=\"article\" \/>\n<meta property=\"og:title\" content=\"Le M\u00e9ga Festi Plateau - La Baie Thai\" \/>\n<meta property=\"og:description\" content=\"Prix pour un plateau complet : 20 nems, 20 samoussas, 20 gyozas, et 3 sauces diff\u00e9rentes\u00a0Id\u00e9al en groupe entre amis, famille, coll\u00e8gues. Recommandation de la cheffe : \u00ab\u00a0A accompagner avec de la bonne salade, menthe et Coriandre fraiche. R\u00e9chauffez quelques instant au grill si n\u00e9cessaire \u00bb. Ingr\u00e9dients au complet \/ Allerg\u00e8nes : Se r\u00e9f\u00e9rer \u00e0 chaque produit au d\u00e9tail nems, samoussa et gyozas .\u00a0Photos non contractuelle.\" \/>\n<meta property=\"og:url\" content=\"https:\/\/labaiethai.fr\/index.php\/produit\/festi-plateau-starters-nem-samoussa-gyosas-apero-entree-frit-asie-traiteur-restaurant-street-food-betaille-baie-thai\/\" \/>\n<meta property=\"og:site_name\" content=\"La Baie Thai\" \/>\n<meta property=\"article:modified_time\" content=\"2025-04-25T14:22:54+00:00\" \/>\n<meta property=\"og:image\" content=\"https:\/\/labaiethai.fr\/wp-content\/uploads\/2024\/08\/image_50802177.jpg\" \/>\n\t<meta property=\"og:image:width\" content=\"1024\" \/>\n\t<meta property=\"og:image:height\" content=\"768\" \/>\n\t<meta property=\"og:image:type\" content=\"image\/jpeg\" \/>\n<meta name=\"twitter:card\" content=\"summary_large_image\" \/>\n<meta name=\"twitter:label1\" content=\"Dur\u00e9e de lecture estim\u00e9e\" \/>\n\t<meta name=\"twitter:data1\" content=\"1 minute\" \/>\n<script type=\"application\/ld+json\" class=\"yoast-schema-graph\">{\"@context\":\"https:\/\/schema.org\",\"@graph\":[{\"@type\":\"WebPage\",\"@id\":\"https:\/\/labaiethai.fr\/index.php\/produit\/festi-plateau-starters-nem-samoussa-gyosas-apero-entree-frit-asie-traiteur-restaurant-street-food-betaille-baie-thai\/\",\"url\":\"https:\/\/labaiethai.fr\/index.php\/produit\/festi-plateau-starters-nem-samoussa-gyosas-apero-entree-frit-asie-traiteur-restaurant-street-food-betaille-baie-thai\/\",\"name\":\"Le M\u00e9ga Festi Plateau - La Baie Thai\",\"isPartOf\":{\"@id\":\"https:\/\/labaiethai.fr\/#website\"},\"primaryImageOfPage\":{\"@id\":\"https:\/\/labaiethai.fr\/index.php\/produit\/festi-plateau-starters-nem-samoussa-gyosas-apero-entree-frit-asie-traiteur-restaurant-street-food-betaille-baie-thai\/#primaryimage\"},\"image\":{\"@id\":\"https:\/\/labaiethai.fr\/index.php\/produit\/festi-plateau-starters-nem-samoussa-gyosas-apero-entree-frit-asie-traiteur-restaurant-street-food-betaille-baie-thai\/#primaryimage\"},\"thumbnailUrl\":\"https:\/\/labaiethai.fr\/wp-content\/uploads\/2024\/08\/image_50802177.jpg\",\"datePublished\":\"2024-08-24T09:43:53+00:00\",\"dateModified\":\"2025-04-25T14:22:54+00:00\",\"description\":\"Prix pour un plateau complet : 20 nems, 20 samoussas, 20 gyozas, et 3 sauces diff\u00e9rentes\u00a0Id\u00e9al en groupe entre amis, famille, coll\u00e8gues. Recommandation de la cheffe : \u00ab\u00a0A accompagner avec de la bonne salade, menthe et Coriandre fraiche. R\u00e9chauffez quelques instant au grill si n\u00e9cessaire \u00bb. Ingr\u00e9dients au complet \/ Allerg\u00e8nes : Se r\u00e9f\u00e9rer \u00e0 chaque produit au d\u00e9tail nems, samoussa et gyozas .\u00a0Photos non contractuelle.\",\"breadcrumb\":{\"@id\":\"https:\/\/labaiethai.fr\/index.php\/produit\/festi-plateau-starters-nem-samoussa-gyosas-apero-entree-frit-asie-traiteur-restaurant-street-food-betaille-baie-thai\/#breadcrumb\"},\"inLanguage\":\"fr-FR\",\"potentialAction\":[{\"@type\":\"ReadAction\",\"target\":[\"https:\/\/labaiethai.fr\/index.php\/produit\/festi-plateau-starters-nem-samoussa-gyosas-apero-entree-frit-asie-traiteur-restaurant-street-food-betaille-baie-thai\/\"]}]},{\"@type\":\"ImageObject\",\"inLanguage\":\"fr-FR\",\"@id\":\"https:\/\/labaiethai.fr\/index.php\/produit\/festi-plateau-starters-nem-samoussa-gyosas-apero-entree-frit-asie-traiteur-restaurant-street-food-betaille-baie-thai\/#primaryimage\",\"url\":\"https:\/\/labaiethai.fr\/wp-content\/uploads\/2024\/08\/image_50802177.jpg\",\"contentUrl\":\"https:\/\/labaiethai.fr\/wp-content\/uploads\/2024\/08\/image_50802177.jpg\",\"width\":1024,\"height\":768},{\"@type\":\"BreadcrumbList\",\"@id\":\"https:\/\/labaiethai.fr\/index.php\/produit\/festi-plateau-starters-nem-samoussa-gyosas-apero-entree-frit-asie-traiteur-restaurant-street-food-betaille-baie-thai\/#breadcrumb\",\"itemListElement\":[{\"@type\":\"ListItem\",\"position\":1,\"name\":\"Accueil\",\"item\":\"https:\/\/labaiethai.fr\/\"},{\"@type\":\"ListItem\",\"position\":2,\"name\":\"Boutique\",\"item\":\"https:\/\/labaiethai.fr\/index.php\/boutique\/\"},{\"@type\":\"ListItem\",\"position\":3,\"name\":\"Le M\u00e9ga Festi Plateau\"}]},{\"@type\":\"WebSite\",\"@id\":\"https:\/\/labaiethai.fr\/#website\",\"url\":\"https:\/\/labaiethai.fr\/\",\"name\":\"La Baie Thai\",\"description\":\"\",\"publisher\":{\"@id\":\"https:\/\/labaiethai.fr\/#organization\"},\"potentialAction\":[{\"@type\":\"SearchAction\",\"target\":{\"@type\":\"EntryPoint\",\"urlTemplate\":\"https:\/\/labaiethai.fr\/?s={search_term_string}\"},\"query-input\":\"required name=search_term_string\"}],\"inLanguage\":\"fr-FR\"},{\"@type\":\"Organization\",\"@id\":\"https:\/\/labaiethai.fr\/#organization\",\"name\":\"La Baie Thai\",\"url\":\"https:\/\/labaiethai.fr\/\",\"logo\":{\"@type\":\"ImageObject\",\"inLanguage\":\"fr-FR\",\"@id\":\"https:\/\/labaiethai.fr\/#\/schema\/logo\/image\/\",\"url\":\"https:\/\/labaiethai.fr\/wp-content\/uploads\/2024\/07\/2-removebg-preview.png\",\"contentUrl\":\"https:\/\/labaiethai.fr\/wp-content\/uploads\/2024\/07\/2-removebg-preview.png\",\"width\":690,\"height\":362,\"caption\":\"La Baie Thai\"},\"image\":{\"@id\":\"https:\/\/labaiethai.fr\/#\/schema\/logo\/image\/\"}}]}<\/script>\n<!-- \/ Yoast SEO plugin. -->","yoast_head_json":{"title":"Le M\u00e9ga Festi Plateau - La Baie Thai","description":"Prix pour un plateau complet : 20 nems, 20 samoussas, 20 gyozas, et 3 sauces diff\u00e9rentes\u00a0Id\u00e9al en groupe entre amis, famille, coll\u00e8gues. Recommandation de la cheffe : \u00ab\u00a0A accompagner avec de la bonne salade, menthe et Coriandre fraiche. R\u00e9chauffez quelques instant au grill si n\u00e9cessaire \u00bb. Ingr\u00e9dients au complet \/ Allerg\u00e8nes : Se r\u00e9f\u00e9rer \u00e0 chaque produit au d\u00e9tail nems, samoussa et gyozas .\u00a0Photos non contractuelle.","robots":{"index":"index","follow":"follow","max-snippet":"max-snippet:-1","max-image-preview":"max-image-preview:large","max-video-preview":"max-video-preview:-1"},"canonical":"https:\/\/labaiethai.fr\/index.php\/produit\/festi-plateau-starters-nem-samoussa-gyosas-apero-entree-frit-asie-traiteur-restaurant-street-food-betaille-baie-thai\/","og_locale":"fr_FR","og_type":"article","og_title":"Le M\u00e9ga Festi Plateau - La Baie Thai","og_description":"Prix pour un plateau complet : 20 nems, 20 samoussas, 20 gyozas, et 3 sauces diff\u00e9rentes\u00a0Id\u00e9al en groupe entre amis, famille, coll\u00e8gues. Recommandation de la cheffe : \u00ab\u00a0A accompagner avec de la bonne salade, menthe et Coriandre fraiche. R\u00e9chauffez quelques instant au grill si n\u00e9cessaire \u00bb. Ingr\u00e9dients au complet \/ Allerg\u00e8nes : Se r\u00e9f\u00e9rer \u00e0 chaque produit au d\u00e9tail nems, samoussa et gyozas .\u00a0Photos non contractuelle.","og_url":"https:\/\/labaiethai.fr\/index.php\/produit\/festi-plateau-starters-nem-samoussa-gyosas-apero-entree-frit-asie-traiteur-restaurant-street-food-betaille-baie-thai\/","og_site_name":"La Baie Thai","article_modified_time":"2025-04-25T14:22:54+00:00","og_image":[{"width":1024,"height":768,"url":"https:\/\/labaiethai.fr\/wp-content\/uploads\/2024\/08\/image_50802177.jpg","type":"image\/jpeg"}],"twitter_card":"summary_large_image","twitter_misc":{"Dur\u00e9e de lecture estim\u00e9e":"1 minute"},"schema":{"@context":"https:\/\/schema.org","@graph":[{"@type":"WebPage","@id":"https:\/\/labaiethai.fr\/index.php\/produit\/festi-plateau-starters-nem-samoussa-gyosas-apero-entree-frit-asie-traiteur-restaurant-street-food-betaille-baie-thai\/","url":"https:\/\/labaiethai.fr\/index.php\/produit\/festi-plateau-starters-nem-samoussa-gyosas-apero-entree-frit-asie-traiteur-restaurant-street-food-betaille-baie-thai\/","name":"Le M\u00e9ga Festi Plateau - La Baie Thai","isPartOf":{"@id":"https:\/\/labaiethai.fr\/#website"},"primaryImageOfPage":{"@id":"https:\/\/labaiethai.fr\/index.php\/produit\/festi-plateau-starters-nem-samoussa-gyosas-apero-entree-frit-asie-traiteur-restaurant-street-food-betaille-baie-thai\/#primaryimage"},"image":{"@id":"https:\/\/labaiethai.fr\/index.php\/produit\/festi-plateau-starters-nem-samoussa-gyosas-apero-entree-frit-asie-traiteur-restaurant-street-food-betaille-baie-thai\/#primaryimage"},"thumbnailUrl":"https:\/\/labaiethai.fr\/wp-content\/uploads\/2024\/08\/image_50802177.jpg","datePublished":"2024-08-24T09:43:53+00:00","dateModified":"2025-04-25T14:22:54+00:00","description":"Prix pour un plateau complet : 20 nems, 20 samoussas, 20 gyozas, et 3 sauces diff\u00e9rentes\u00a0Id\u00e9al en groupe entre amis, famille, coll\u00e8gues. Recommandation de la cheffe : \u00ab\u00a0A accompagner avec de la bonne salade, menthe et Coriandre fraiche. R\u00e9chauffez quelques instant au grill si n\u00e9cessaire \u00bb. Ingr\u00e9dients au complet \/ Allerg\u00e8nes : Se r\u00e9f\u00e9rer \u00e0 chaque produit au d\u00e9tail nems, samoussa et gyozas .\u00a0Photos non contractuelle.","breadcrumb":{"@id":"https:\/\/labaiethai.fr\/index.php\/produit\/festi-plateau-starters-nem-samoussa-gyosas-apero-entree-frit-asie-traiteur-restaurant-street-food-betaille-baie-thai\/#breadcrumb"},"inLanguage":"fr-FR","potentialAction":[{"@type":"ReadAction","target":["https:\/\/labaiethai.fr\/index.php\/produit\/festi-plateau-starters-nem-samoussa-gyosas-apero-entree-frit-asie-traiteur-restaurant-street-food-betaille-baie-thai\/"]}]},{"@type":"ImageObject","inLanguage":"fr-FR","@id":"https:\/\/labaiethai.fr\/index.php\/produit\/festi-plateau-starters-nem-samoussa-gyosas-apero-entree-frit-asie-traiteur-restaurant-street-food-betaille-baie-thai\/#primaryimage","url":"https:\/\/labaiethai.fr\/wp-content\/uploads\/2024\/08\/image_50802177.jpg","contentUrl":"https:\/\/labaiethai.fr\/wp-content\/uploads\/2024\/08\/image_50802177.jpg","width":1024,"height":768},{"@type":"BreadcrumbList","@id":"https:\/\/labaiethai.fr\/index.php\/produit\/festi-plateau-starters-nem-samoussa-gyosas-apero-entree-frit-asie-traiteur-restaurant-street-food-betaille-baie-thai\/#breadcrumb","itemListElement":[{"@type":"ListItem","position":1,"name":"Accueil","item":"https:\/\/labaiethai.fr\/"},{"@type":"ListItem","position":2,"name":"Boutique","item":"https:\/\/labaiethai.fr\/index.php\/boutique\/"},{"@type":"ListItem","position":3,"name":"Le M\u00e9ga Festi Plateau"}]},{"@type":"WebSite","@id":"https:\/\/labaiethai.fr\/#website","url":"https:\/\/labaiethai.fr\/","name":"La Baie Thai","description":"","publisher":{"@id":"https:\/\/labaiethai.fr\/#organization"},"potentialAction":[{"@type":"SearchAction","target":{"@type":"EntryPoint","urlTemplate":"https:\/\/labaiethai.fr\/?s={search_term_string}"},"query-input":"required name=search_term_string"}],"inLanguage":"fr-FR"},{"@type":"Organization","@id":"https:\/\/labaiethai.fr\/#organization","name":"La Baie Thai","url":"https:\/\/labaiethai.fr\/","logo":{"@type":"ImageObject","inLanguage":"fr-FR","@id":"https:\/\/labaiethai.fr\/#\/schema\/logo\/image\/","url":"https:\/\/labaiethai.fr\/wp-content\/uploads\/2024\/07\/2-removebg-preview.png","contentUrl":"https:\/\/labaiethai.fr\/wp-content\/uploads\/2024\/07\/2-removebg-preview.png","width":690,"height":362,"caption":"La Baie Thai"},"image":{"@id":"https:\/\/labaiethai.fr\/#\/schema\/logo\/image\/"}}]}},"jetpack_sharing_enabled":true,"_links":{"self":[{"href":"https:\/\/labaiethai.fr\/index.php\/wp-json\/wp\/v2\/product\/409","targetHints":{"allow":["GET"]}}],"collection":[{"href":"https:\/\/labaiethai.fr\/index.php\/wp-json\/wp\/v2\/product"}],"about":[{"href":"https:\/\/labaiethai.fr\/index.php\/wp-json\/wp\/v2\/types\/product"}],"replies":[{"embeddable":true,"href":"https:\/\/labaiethai.fr\/index.php\/wp-json\/wp\/v2\/comments?post=409"}],"wp:featuredmedia":[{"embeddable":true,"href":"https:\/\/labaiethai.fr\/index.php\/wp-json\/wp\/v2\/media\/410"}],"wp:attachment":[{"href":"https:\/\/labaiethai.fr\/index.php\/wp-json\/wp\/v2\/media?parent=409"}],"wp:term":[{"taxonomy":"product_cat","embeddable":true,"href":"https:\/\/labaiethai.fr\/index.php\/wp-json\/wp\/v2\/product_cat?post=409"},{"taxonomy":"product_tag","embeddable":true,"href":"https:\/\/labaiethai.fr\/index.php\/wp-json\/wp\/v2\/product_tag?post=409"}],"curies":[{"name":"wp","href":"https:\/\/api.w.org\/{rel}","templated":true}]}}