{"id":406,"date":"2024-08-24T09:21:57","date_gmt":"2024-08-24T09:21:57","guid":{"rendered":"https:\/\/labaiethai.fr\/?post_type=product&#038;p=406"},"modified":"2025-04-25T14:18:49","modified_gmt":"2025-04-25T14:18:49","slug":"bouchee-vapeur-crevette","status":"publish","type":"product","link":"https:\/\/labaiethai.fr\/index.php\/produit\/bouchee-vapeur-crevette\/","title":{"rendered":"Bouchon vapeur crevette"},"content":{"rendered":"<p><strong>Pour une commande de plus de 30 bouch\u00e9es au crevette, merci de faire votre commande 2 jours avant.<\/strong><\/p>\n<p><strong>Ingr\u00e9dients au complet \/ Allerg\u00e8nes : Crevette, oignon, huile de s\u00e9same, sauce huitre, sauce soja, sal\u00e9, sauce soja sucr\u00e9e, sel, poivre, ail frais, sucre blanc, curcuma en poudre, farine de bl\u00e9, bambou,\u00a0<\/strong><\/p>\n<p><strong>Photos non contractuelle.<\/strong><\/p>\n","protected":false},"excerpt":{"rendered":"<p><strong>Prix a l\u2019unit\u00e9.<\/strong><\/p>\n<p><strong>Id\u00e9al en ap\u00e9ro ou en entr\u00e9e avant de d\u00e9buter votre repas.<\/strong><\/p>\n<p><strong>Recommandation de la cheffe : \u00ab\u00a0<em>A accompagner avec de la bonne salade, menthe et Coriandre fraiche. R\u00e9chauffez quelques instant au micro onde si n\u00e9cessaire avec un mini filet d&rsquo;eau dans le fond du bol (effet vapeur en chauffant) \u00bb.<\/em><\/strong><\/p>\n","protected":false},"featured_media":408,"comment_status":"open","ping_status":"closed","template":"","meta":[],"product_cat":[26,27],"product_tag":[],"class_list":{"0":"post-406","1":"product","2":"type-product","3":"status-publish","4":"has-post-thumbnail","6":"product_cat-plats-a-commander","7":"product_cat-starters","9":"first","10":"instock","11":"taxable","12":"shipping-taxable","13":"purchasable","14":"product-type-simple"},"yoast_head":"<!-- This site is optimized with the Yoast SEO plugin v23.0 - https:\/\/yoast.com\/wordpress\/plugins\/seo\/ -->\n<title>Bouchon vapeur crevette - La Baie Thai<\/title>\n<meta name=\"description\" content=\"Id\u00e9al en ap\u00e9ro ou en entr\u00e9e avant de d\u00e9buter votre repas. Recommandation de la cheffe : \u00ab\u00a0A accompagner avec de la bonne salade, menthe et Coriandre fraiche. R\u00e9chauffez quelques instant au micro onde si n\u00e9cessaire avec un mini filet d&#039;eau dans le fond du bol (effet vapeur en chauffant) \u00bb. Pour une commande de plus de 30 bouch\u00e9es au crevette, merci de faire votre commande 2 jours avant. Ingr\u00e9dients au complet \/ Allerg\u00e8nes : Crevette, oignon, huile de s\u00e9same, sauce huitre, sauce soja, sal\u00e9, sauce soja sucr\u00e9e, sel, poivre, ail frais, sucre blanc, curcuma en poudre, farine de bl\u00e9, bambou,\u00a0Photos non contractuelle.\" \/>\n<meta name=\"robots\" content=\"index, follow, max-snippet:-1, max-image-preview:large, max-video-preview:-1\" \/>\n<link rel=\"canonical\" href=\"https:\/\/labaiethai.fr\/index.php\/produit\/bouchee-vapeur-crevette\/\" \/>\n<meta property=\"og:locale\" content=\"fr_FR\" \/>\n<meta property=\"og:type\" content=\"article\" \/>\n<meta property=\"og:title\" content=\"Bouchon vapeur crevette - La Baie Thai\" \/>\n<meta property=\"og:description\" content=\"Id\u00e9al en ap\u00e9ro ou en entr\u00e9e avant de d\u00e9buter votre repas. Recommandation de la cheffe : \u00ab\u00a0A accompagner avec de la bonne salade, menthe et Coriandre fraiche. R\u00e9chauffez quelques instant au micro onde si n\u00e9cessaire avec un mini filet d&#039;eau dans le fond du bol (effet vapeur en chauffant) \u00bb. Pour une commande de plus de 30 bouch\u00e9es au crevette, merci de faire votre commande 2 jours avant. Ingr\u00e9dients au complet \/ Allerg\u00e8nes : Crevette, oignon, huile de s\u00e9same, sauce huitre, sauce soja, sal\u00e9, sauce soja sucr\u00e9e, sel, poivre, ail frais, sucre blanc, curcuma en poudre, farine de bl\u00e9, bambou,\u00a0Photos non contractuelle.\" \/>\n<meta property=\"og:url\" content=\"https:\/\/labaiethai.fr\/index.php\/produit\/bouchee-vapeur-crevette\/\" \/>\n<meta property=\"og:site_name\" content=\"La Baie Thai\" \/>\n<meta property=\"article:modified_time\" content=\"2025-04-25T14:18:49+00:00\" \/>\n<meta property=\"og:image\" content=\"https:\/\/labaiethai.fr\/wp-content\/uploads\/2024\/08\/image_123650291-10.jpg\" \/>\n\t<meta property=\"og:image:width\" content=\"300\" \/>\n\t<meta property=\"og:image:height\" content=\"300\" \/>\n\t<meta property=\"og:image:type\" content=\"image\/jpeg\" \/>\n<meta name=\"twitter:card\" content=\"summary_large_image\" \/>\n<meta name=\"twitter:label1\" content=\"Dur\u00e9e de lecture estim\u00e9e\" \/>\n\t<meta name=\"twitter:data1\" content=\"1 minute\" \/>\n<script type=\"application\/ld+json\" class=\"yoast-schema-graph\">{\"@context\":\"https:\/\/schema.org\",\"@graph\":[{\"@type\":\"WebPage\",\"@id\":\"https:\/\/labaiethai.fr\/index.php\/produit\/bouchee-vapeur-crevette\/\",\"url\":\"https:\/\/labaiethai.fr\/index.php\/produit\/bouchee-vapeur-crevette\/\",\"name\":\"Bouchon vapeur crevette - La Baie Thai\",\"isPartOf\":{\"@id\":\"https:\/\/labaiethai.fr\/#website\"},\"primaryImageOfPage\":{\"@id\":\"https:\/\/labaiethai.fr\/index.php\/produit\/bouchee-vapeur-crevette\/#primaryimage\"},\"image\":{\"@id\":\"https:\/\/labaiethai.fr\/index.php\/produit\/bouchee-vapeur-crevette\/#primaryimage\"},\"thumbnailUrl\":\"https:\/\/labaiethai.fr\/wp-content\/uploads\/2024\/08\/image_123650291-10.jpg\",\"datePublished\":\"2024-08-24T09:21:57+00:00\",\"dateModified\":\"2025-04-25T14:18:49+00:00\",\"description\":\"Id\u00e9al en ap\u00e9ro ou en entr\u00e9e avant de d\u00e9buter votre repas. Recommandation de la cheffe : \u00ab\u00a0A accompagner avec de la bonne salade, menthe et Coriandre fraiche. R\u00e9chauffez quelques instant au micro onde si n\u00e9cessaire avec un mini filet d'eau dans le fond du bol (effet vapeur en chauffant) \u00bb. Pour une commande de plus de 30 bouch\u00e9es au crevette, merci de faire votre commande 2 jours avant. Ingr\u00e9dients au complet \/ Allerg\u00e8nes : Crevette, oignon, huile de s\u00e9same, sauce huitre, sauce soja, sal\u00e9, sauce soja sucr\u00e9e, sel, poivre, ail frais, sucre blanc, curcuma en poudre, farine de bl\u00e9, bambou,\u00a0Photos non contractuelle.\",\"breadcrumb\":{\"@id\":\"https:\/\/labaiethai.fr\/index.php\/produit\/bouchee-vapeur-crevette\/#breadcrumb\"},\"inLanguage\":\"fr-FR\",\"potentialAction\":[{\"@type\":\"ReadAction\",\"target\":[\"https:\/\/labaiethai.fr\/index.php\/produit\/bouchee-vapeur-crevette\/\"]}]},{\"@type\":\"ImageObject\",\"inLanguage\":\"fr-FR\",\"@id\":\"https:\/\/labaiethai.fr\/index.php\/produit\/bouchee-vapeur-crevette\/#primaryimage\",\"url\":\"https:\/\/labaiethai.fr\/wp-content\/uploads\/2024\/08\/image_123650291-10.jpg\",\"contentUrl\":\"https:\/\/labaiethai.fr\/wp-content\/uploads\/2024\/08\/image_123650291-10.jpg\",\"width\":300,\"height\":300},{\"@type\":\"BreadcrumbList\",\"@id\":\"https:\/\/labaiethai.fr\/index.php\/produit\/bouchee-vapeur-crevette\/#breadcrumb\",\"itemListElement\":[{\"@type\":\"ListItem\",\"position\":1,\"name\":\"Accueil\",\"item\":\"https:\/\/labaiethai.fr\/\"},{\"@type\":\"ListItem\",\"position\":2,\"name\":\"Boutique\",\"item\":\"https:\/\/labaiethai.fr\/index.php\/boutique\/\"},{\"@type\":\"ListItem\",\"position\":3,\"name\":\"Bouchon vapeur crevette\"}]},{\"@type\":\"WebSite\",\"@id\":\"https:\/\/labaiethai.fr\/#website\",\"url\":\"https:\/\/labaiethai.fr\/\",\"name\":\"La Baie Thai\",\"description\":\"\",\"publisher\":{\"@id\":\"https:\/\/labaiethai.fr\/#organization\"},\"potentialAction\":[{\"@type\":\"SearchAction\",\"target\":{\"@type\":\"EntryPoint\",\"urlTemplate\":\"https:\/\/labaiethai.fr\/?s={search_term_string}\"},\"query-input\":\"required name=search_term_string\"}],\"inLanguage\":\"fr-FR\"},{\"@type\":\"Organization\",\"@id\":\"https:\/\/labaiethai.fr\/#organization\",\"name\":\"La Baie Thai\",\"url\":\"https:\/\/labaiethai.fr\/\",\"logo\":{\"@type\":\"ImageObject\",\"inLanguage\":\"fr-FR\",\"@id\":\"https:\/\/labaiethai.fr\/#\/schema\/logo\/image\/\",\"url\":\"https:\/\/labaiethai.fr\/wp-content\/uploads\/2024\/07\/2-removebg-preview.png\",\"contentUrl\":\"https:\/\/labaiethai.fr\/wp-content\/uploads\/2024\/07\/2-removebg-preview.png\",\"width\":690,\"height\":362,\"caption\":\"La Baie Thai\"},\"image\":{\"@id\":\"https:\/\/labaiethai.fr\/#\/schema\/logo\/image\/\"}}]}<\/script>\n<!-- \/ Yoast SEO plugin. -->","yoast_head_json":{"title":"Bouchon vapeur crevette - La Baie Thai","description":"Id\u00e9al en ap\u00e9ro ou en entr\u00e9e avant de d\u00e9buter votre repas. Recommandation de la cheffe : \u00ab\u00a0A accompagner avec de la bonne salade, menthe et Coriandre fraiche. R\u00e9chauffez quelques instant au micro onde si n\u00e9cessaire avec un mini filet d'eau dans le fond du bol (effet vapeur en chauffant) \u00bb. Pour une commande de plus de 30 bouch\u00e9es au crevette, merci de faire votre commande 2 jours avant. Ingr\u00e9dients au complet \/ Allerg\u00e8nes : Crevette, oignon, huile de s\u00e9same, sauce huitre, sauce soja, sal\u00e9, sauce soja sucr\u00e9e, sel, poivre, ail frais, sucre blanc, curcuma en poudre, farine de bl\u00e9, bambou,\u00a0Photos non contractuelle.","robots":{"index":"index","follow":"follow","max-snippet":"max-snippet:-1","max-image-preview":"max-image-preview:large","max-video-preview":"max-video-preview:-1"},"canonical":"https:\/\/labaiethai.fr\/index.php\/produit\/bouchee-vapeur-crevette\/","og_locale":"fr_FR","og_type":"article","og_title":"Bouchon vapeur crevette - La Baie Thai","og_description":"Id\u00e9al en ap\u00e9ro ou en entr\u00e9e avant de d\u00e9buter votre repas. Recommandation de la cheffe : \u00ab\u00a0A accompagner avec de la bonne salade, menthe et Coriandre fraiche. R\u00e9chauffez quelques instant au micro onde si n\u00e9cessaire avec un mini filet d'eau dans le fond du bol (effet vapeur en chauffant) \u00bb. Pour une commande de plus de 30 bouch\u00e9es au crevette, merci de faire votre commande 2 jours avant. Ingr\u00e9dients au complet \/ Allerg\u00e8nes : Crevette, oignon, huile de s\u00e9same, sauce huitre, sauce soja, sal\u00e9, sauce soja sucr\u00e9e, sel, poivre, ail frais, sucre blanc, curcuma en poudre, farine de bl\u00e9, bambou,\u00a0Photos non contractuelle.","og_url":"https:\/\/labaiethai.fr\/index.php\/produit\/bouchee-vapeur-crevette\/","og_site_name":"La Baie Thai","article_modified_time":"2025-04-25T14:18:49+00:00","og_image":[{"width":300,"height":300,"url":"https:\/\/labaiethai.fr\/wp-content\/uploads\/2024\/08\/image_123650291-10.jpg","type":"image\/jpeg"}],"twitter_card":"summary_large_image","twitter_misc":{"Dur\u00e9e de lecture estim\u00e9e":"1 minute"},"schema":{"@context":"https:\/\/schema.org","@graph":[{"@type":"WebPage","@id":"https:\/\/labaiethai.fr\/index.php\/produit\/bouchee-vapeur-crevette\/","url":"https:\/\/labaiethai.fr\/index.php\/produit\/bouchee-vapeur-crevette\/","name":"Bouchon vapeur crevette - La Baie Thai","isPartOf":{"@id":"https:\/\/labaiethai.fr\/#website"},"primaryImageOfPage":{"@id":"https:\/\/labaiethai.fr\/index.php\/produit\/bouchee-vapeur-crevette\/#primaryimage"},"image":{"@id":"https:\/\/labaiethai.fr\/index.php\/produit\/bouchee-vapeur-crevette\/#primaryimage"},"thumbnailUrl":"https:\/\/labaiethai.fr\/wp-content\/uploads\/2024\/08\/image_123650291-10.jpg","datePublished":"2024-08-24T09:21:57+00:00","dateModified":"2025-04-25T14:18:49+00:00","description":"Id\u00e9al en ap\u00e9ro ou en entr\u00e9e avant de d\u00e9buter votre repas. Recommandation de la cheffe : \u00ab\u00a0A accompagner avec de la bonne salade, menthe et Coriandre fraiche. R\u00e9chauffez quelques instant au micro onde si n\u00e9cessaire avec un mini filet d'eau dans le fond du bol (effet vapeur en chauffant) \u00bb. Pour une commande de plus de 30 bouch\u00e9es au crevette, merci de faire votre commande 2 jours avant. Ingr\u00e9dients au complet \/ Allerg\u00e8nes : Crevette, oignon, huile de s\u00e9same, sauce huitre, sauce soja, sal\u00e9, sauce soja sucr\u00e9e, sel, poivre, ail frais, sucre blanc, curcuma en poudre, farine de bl\u00e9, bambou,\u00a0Photos non contractuelle.","breadcrumb":{"@id":"https:\/\/labaiethai.fr\/index.php\/produit\/bouchee-vapeur-crevette\/#breadcrumb"},"inLanguage":"fr-FR","potentialAction":[{"@type":"ReadAction","target":["https:\/\/labaiethai.fr\/index.php\/produit\/bouchee-vapeur-crevette\/"]}]},{"@type":"ImageObject","inLanguage":"fr-FR","@id":"https:\/\/labaiethai.fr\/index.php\/produit\/bouchee-vapeur-crevette\/#primaryimage","url":"https:\/\/labaiethai.fr\/wp-content\/uploads\/2024\/08\/image_123650291-10.jpg","contentUrl":"https:\/\/labaiethai.fr\/wp-content\/uploads\/2024\/08\/image_123650291-10.jpg","width":300,"height":300},{"@type":"BreadcrumbList","@id":"https:\/\/labaiethai.fr\/index.php\/produit\/bouchee-vapeur-crevette\/#breadcrumb","itemListElement":[{"@type":"ListItem","position":1,"name":"Accueil","item":"https:\/\/labaiethai.fr\/"},{"@type":"ListItem","position":2,"name":"Boutique","item":"https:\/\/labaiethai.fr\/index.php\/boutique\/"},{"@type":"ListItem","position":3,"name":"Bouchon vapeur crevette"}]},{"@type":"WebSite","@id":"https:\/\/labaiethai.fr\/#website","url":"https:\/\/labaiethai.fr\/","name":"La Baie Thai","description":"","publisher":{"@id":"https:\/\/labaiethai.fr\/#organization"},"potentialAction":[{"@type":"SearchAction","target":{"@type":"EntryPoint","urlTemplate":"https:\/\/labaiethai.fr\/?s={search_term_string}"},"query-input":"required name=search_term_string"}],"inLanguage":"fr-FR"},{"@type":"Organization","@id":"https:\/\/labaiethai.fr\/#organization","name":"La Baie Thai","url":"https:\/\/labaiethai.fr\/","logo":{"@type":"ImageObject","inLanguage":"fr-FR","@id":"https:\/\/labaiethai.fr\/#\/schema\/logo\/image\/","url":"https:\/\/labaiethai.fr\/wp-content\/uploads\/2024\/07\/2-removebg-preview.png","contentUrl":"https:\/\/labaiethai.fr\/wp-content\/uploads\/2024\/07\/2-removebg-preview.png","width":690,"height":362,"caption":"La Baie Thai"},"image":{"@id":"https:\/\/labaiethai.fr\/#\/schema\/logo\/image\/"}}]}},"jetpack_sharing_enabled":true,"_links":{"self":[{"href":"https:\/\/labaiethai.fr\/index.php\/wp-json\/wp\/v2\/product\/406","targetHints":{"allow":["GET"]}}],"collection":[{"href":"https:\/\/labaiethai.fr\/index.php\/wp-json\/wp\/v2\/product"}],"about":[{"href":"https:\/\/labaiethai.fr\/index.php\/wp-json\/wp\/v2\/types\/product"}],"replies":[{"embeddable":true,"href":"https:\/\/labaiethai.fr\/index.php\/wp-json\/wp\/v2\/comments?post=406"}],"wp:featuredmedia":[{"embeddable":true,"href":"https:\/\/labaiethai.fr\/index.php\/wp-json\/wp\/v2\/media\/408"}],"wp:attachment":[{"href":"https:\/\/labaiethai.fr\/index.php\/wp-json\/wp\/v2\/media?parent=406"}],"wp:term":[{"taxonomy":"product_cat","embeddable":true,"href":"https:\/\/labaiethai.fr\/index.php\/wp-json\/wp\/v2\/product_cat?post=406"},{"taxonomy":"product_tag","embeddable":true,"href":"https:\/\/labaiethai.fr\/index.php\/wp-json\/wp\/v2\/product_tag?post=406"}],"curies":[{"name":"wp","href":"https:\/\/api.w.org\/{rel}","templated":true}]}}