{"id":90,"date":"2024-07-07T11:30:39","date_gmt":"2024-07-07T11:30:39","guid":{"rendered":"https:\/\/vigilant-wilson.54-37-30-71.plesk.page\/?page_id=90"},"modified":"2024-11-06T11:41:27","modified_gmt":"2024-11-06T11:41:27","slug":"accueil","status":"publish","type":"page","link":"https:\/\/labaiethai.fr\/","title":{"rendered":"Accueil"},"content":{"rendered":"<p>[vc_section full_width=\u00a0\u00bbstretch_row\u00a0\u00bb css_animation=\u00a0\u00bbfadeInDown\u00a0\u00bb css=\u00a0\u00bb.vc_custom_1720624818359{background-image: url(https:\/\/labaiethai.fr\/wp-content\/uploads\/2024\/07\/1.jpg?id=20) !important;background-position: center !important;background-repeat: no-repeat !important;background-size: cover !important;}\u00a0\u00bb][vc_row][vc_column][vc_column_text css_animation=\u00a0\u00bbfadeIn\u00a0\u00bb]<\/p>\n<h1 class=\"mt-20 lg:mt-[200px]\" style=\"text-align: center;\"><span style=\"color: #ffffff;\">D\u00e9couvrez\u2028la Street Food tha\u00eflandaise<\/span><\/h1>\n<p>[\/vc_column_text][vc_column_text css_animation=\u00a0\u00bbfadeIn\u00a0\u00bb]<\/p>\n<h3 class=\"mt-20 lg:mt-[200px]\" style=\"text-align: center;\"><span style=\"color: #ffffff;\">L&rsquo;Asie \u00e0 vos portes, \u00e0 d\u00e9couvrir chez La Baie Tha\u00ef !\u00a0<\/span><\/h3>\n<p>[\/vc_column_text][vc_column_text css_animation=\u00a0\u00bbfadeIn\u00a0\u00bb]<\/p>\n<div style=\"text-align: center;\"><span style=\"color: #ffffff;\">Le temps d\u2019un repas partez \u00e0 la d\u00e9couverte de l&rsquo;Asie \u00e0 travers cette cuisine authentique, color\u00e9e et cr\u00e9ative.<\/span><\/div>\n<div style=\"text-align: center;\"><span style=\"color: #ffffff;\">Chez la Baie Tha\u00ef, vous retrouverez l\u2019esprit des rues, les odeurs qui \u00e9manent des petites \u00e9choppes traditionnelles d&rsquo;Asie.\u00a0<\/span><\/div>\n<div style=\"text-align: center;\"><span style=\"color: #ffffff;\">La Baie Tha\u00ef, une authentique invitation au voyage, une immersion au plein c\u0153ur de Bangkok.<\/span><\/div>\n<p>[\/vc_column_text][\/vc_column][\/vc_row][\/vc_section][vc_section full_width=\u00a0\u00bbstretch_row\u00a0\u00bb css_animation=\u00a0\u00bbfadeInDown\u00a0\u00bb css=\u00a0\u00bb.vc_custom_1720351594323{background-image: url(https:\/\/vigilant-wilson.54-37-30-71.plesk.page\/wp-content\/uploads\/2024\/07\/18.jpg?id=35) !important;background-position: center !important;background-repeat: no-repeat !important;background-size: cover !important;}\u00a0\u00bb][vc_row full_width=\u00a0\u00bbstretch_row\u00a0\u00bb][vc_column][vc_column_text css_animation=\u00a0\u00bbzoomInUp\u00a0\u00bb el_class=\u00a0\u00bbatt\u00a0\u00bb]<\/p>\n<h2 dir=\"auto\" style=\"text-align: center;\"><span style=\"color: #ffffff;\"><strong>Chez la Baie Tha\u00ef, rien de plus simple :\u00a0<\/strong><\/span><\/h2>\n<h2 dir=\"auto\" style=\"text-align: center;\"><span style=\"color: #ffffff;\"><strong>1 bol = 1 plat complet = 1 personne = un prix fixe. UNIQUEMENT a emporter.\u00a0<\/strong><\/span><\/h2>\n<h2 dir=\"auto\" style=\"text-align: center;\"><span style=\"color: #ffffff;\"><strong>La baie Tha\u00ef n\u2019est pas un restaurant mais bien un service traiteur \u00e0 emporter\u00a0<\/strong><\/span><\/h2>\n<h2 style=\"text-align: center;\"><span style=\"color: #ffffff;\">\u00ab Pour une meilleure organisation, et gestion de vos commandes chez la Baie tha\u00ef. Il est plus simple pour moi que vous fassiez une commande au pr\u00e9alable. La veille, ou t\u00f4t le matin, pour votre repas du midi. Et\/ou commandez le matin\/midi pour votre repas du soir. \u00bb\u00a0<\/span><\/h2>\n<h2 style=\"text-align: center;\"><span style=\"color: #ffffff;\" data-olk-copy-source=\"MessageBody\">Appeler le 06 49 67 15 95 pour passer votre commande. Ne pas h\u00e9siter \u00e0 \u00e9crire un sms avec : Votre commande, le jour, heure de retrait, et nom de famille.\u00a0<\/span><\/h2>\n<p>[\/vc_column_text][\/vc_column][\/vc_row][vc_row css=\u00a0\u00bb.vc_custom_1720355476247{margin-bottom: 50px !important;}\u00a0\u00bb][vc_column][vc_column_text css_animation=\u00a0\u00bbfadeIn\u00a0\u00bb]<\/p>\n<h1><span style=\"color: #ffffff;\" data-olk-copy-source=\"MessageBody\">Voici nos cat\u00e9gories pour commander\u00a0<\/span><\/h1>\n<p>[\/vc_column_text]<div class=\"woocommerce columns-4\"><ul class=\"products columns-4 \">\n<li class=\"product-category product first\">\n\t<a aria-label=\"Visit product category Epicerie\" href=\"https:\/\/labaiethai.fr\/index.php\/categorie-produit\/epicerie\/\"><img loading=\"lazy\" decoding=\"async\" src=\"https:\/\/labaiethai.fr\/wp-content\/uploads\/2024\/07\/19-300x300.jpg\" alt=\"Epicerie\" width=\"300\" height=\"300\" srcset=\"https:\/\/labaiethai.fr\/wp-content\/uploads\/2024\/07\/19-300x300.jpg 300w, https:\/\/labaiethai.fr\/wp-content\/uploads\/2024\/07\/19-150x150.jpg 150w, https:\/\/labaiethai.fr\/wp-content\/uploads\/2024\/07\/19-100x100.jpg 100w\" sizes=\"auto, (max-width: 300px) 100vw, 300px\" \/>\t\t<h2 class=\"woocommerce-loop-category__title\">\n\t\t\tEpicerie <mark class=\"count\">(4)<\/mark>\t\t<\/h2>\n\t\t<\/a><\/li>\n<li class=\"product-category product\">\n\t<a aria-label=\"Visit product category Plats \u00e0 commander\" href=\"https:\/\/labaiethai.fr\/index.php\/categorie-produit\/plats-a-commander\/\"><img loading=\"lazy\" decoding=\"async\" src=\"https:\/\/labaiethai.fr\/wp-content\/uploads\/2024\/07\/image_67526657-300x300.jpg\" alt=\"Plats \u00e0 commander\" width=\"300\" height=\"300\" srcset=\"https:\/\/labaiethai.fr\/wp-content\/uploads\/2024\/07\/image_67526657-300x300.jpg 300w, https:\/\/labaiethai.fr\/wp-content\/uploads\/2024\/07\/image_67526657-150x150.jpg 150w, https:\/\/labaiethai.fr\/wp-content\/uploads\/2024\/07\/image_67526657-100x100.jpg 100w\" sizes=\"auto, (max-width: 300px) 100vw, 300px\" \/>\t\t<h2 class=\"woocommerce-loop-category__title\">\n\t\t\tPlats \u00e0 commander <mark class=\"count\">(21)<\/mark>\t\t<\/h2>\n\t\t<\/a><\/li>\n<li class=\"product-category product\">\n\t<a aria-label=\"Visit product category Traiteur\/Ev\u00e8nementiel\" href=\"https:\/\/labaiethai.fr\/index.php\/categorie-produit\/traiteur-evenementiel\/\"><img loading=\"lazy\" decoding=\"async\" src=\"https:\/\/labaiethai.fr\/wp-content\/uploads\/2024\/07\/4-300x300.jpg\" alt=\"Traiteur\/Ev\u00e8nementiel\" width=\"300\" height=\"300\" srcset=\"https:\/\/labaiethai.fr\/wp-content\/uploads\/2024\/07\/4-300x300.jpg 300w, https:\/\/labaiethai.fr\/wp-content\/uploads\/2024\/07\/4-150x150.jpg 150w, https:\/\/labaiethai.fr\/wp-content\/uploads\/2024\/07\/4-100x100.jpg 100w\" sizes=\"auto, (max-width: 300px) 100vw, 300px\" \/>\t\t<h2 class=\"woocommerce-loop-category__title\">\n\t\t\tTraiteur\/Ev\u00e8nementiel <mark class=\"count\">(2)<\/mark>\t\t<\/h2>\n\t\t<\/a><\/li>\n<\/ul>\n<\/div>[\/vc_column][\/vc_row][vc_row][vc_column][vc_column_text css_animation=\u00a0\u00bbfadeIn\u00a0\u00bb]<\/p>\n<h1><span style=\"color: #ffffff;\">La Baie Tha\u00ef, une cuisine spectacle comme en Tha\u00eflande<\/span><\/h1>\n<p>[\/vc_column_text][vc_column_text css_animation=\u00a0\u00bbfadeIn\u00a0\u00bb]<\/p>\n<div><span style=\"color: #ffffff;\">Vous vous enfoncez dans les rues de Bangkok, vous regardez les charrettes tir\u00e9es par les mobylettes, les petites \u00e9choppes, chaque recoin est un petit restaurant ambulant.<\/span><\/div>\n<div><span style=\"color: #ffffff;\">Les effluves vous attirent et vous mettent en app\u00e9tit. Puis les saveurs \u00e9pic\u00e9es se m\u00e9langent et r\u00e9veillent vos papilles. Vous p\u00e9n\u00e9trez dans cette atmosph\u00e8re chaleureuse et color\u00e9e, o\u00f9 chacun vient se r\u00e9galer, dans la simplicit\u00e9 et l\u2019authenticit\u00e9. C\u2019est \u00e7a l\u2019atmosph\u00e8re dont s\u2019inspire La Baie Tha\u00ef.<\/span><\/div>\n<p>[\/vc_column_text][\/vc_column][\/vc_row][vc_row][vc_column][vc_single_image image=\u00a0\u00bb71&Prime; img_size=\u00a0\u00bbfull\u00a0\u00bb alignment=\u00a0\u00bbcenter\u00a0\u00bb][\/vc_column][\/vc_row][\/vc_section][vc_section full_width=\u00a0\u00bbstretch_row\u00a0\u00bb css=\u00a0\u00bb.vc_custom_1720624940961{background-image: url(https:\/\/labaiethai.fr\/wp-content\/uploads\/2024\/07\/1.jpg?id=20) !important;background-position: center !important;background-repeat: no-repeat !important;background-size: cover !important;}\u00a0\u00bb][vc_row][vc_column][vc_column_text css_animation=\u00a0\u00bbfadeIn\u00a0\u00bb]<\/p>\n<h1 style=\"text-align: center;\"><span style=\"color: #ffffff;\">Des produits frais rigoureusement s\u00e9lectionn\u00e9s<\/span><\/h1>\n<p>[\/vc_column_text][vc_column_text css_animation=\u00a0\u00bbfadeIn\u00a0\u00bb]<\/p>\n<div style=\"text-align: center;\"><span style=\"color: #ffffff;\">La gourmandise est au c\u0153ur de La Baie Tha\u00ef.\u00a0<\/span><\/div>\n<div style=\"text-align: center;\"><span style=\"color: #ffffff;\">Nous mettons un point d&rsquo;honneur \u00e0 travailler en \u00e9troite collaboration avec des partenaires producteurs BIO situ\u00e9s \u00e0 quelques minutes de La Baie Tha\u00ef.\u00a0<\/span><\/div>\n<div style=\"text-align: center;\"><span style=\"color: #ffffff;\">Chez La Baie Tha\u00ef, nous utilisons des produits bruts et frais que nous assemblons, relevons et agr\u00e9mentons simplement.\u00a0<\/span><\/div>\n<div style=\"text-align: center;\"><span style=\"color: #ffffff;\">Pas de chichi chez La Baie Tha\u00ef, chaque plat est concoct\u00e9 rien que pour vous. Un plat complet = un prix.\u00a0<\/span><\/div>\n<p>[\/vc_column_text][\/vc_column][\/vc_row][\/vc_section][vc_section full_width=\u00a0\u00bbstretch_row\u00a0\u00bb css=\u00a0\u00bb.vc_custom_1720349918694{background-image: url(https:\/\/vigilant-wilson.54-37-30-71.plesk.page\/wp-content\/uploads\/2024\/07\/18.jpg?id=35) !important;background-position: center !important;background-repeat: no-repeat !important;background-size: cover !important;}\u00a0\u00bb][vc_row][vc_column][vc_column_text css_animation=\u00a0\u00bbfadeIn\u00a0\u00bb]<\/p>\n<h1><span style=\"color: #ffffff;\" data-olk-copy-source=\"MessageBody\"> Le savoir-faire Asiatique<\/span><\/h1>\n<p>[\/vc_column_text][vc_column_text css_animation=\u00a0\u00bbfadeIn\u00a0\u00bb css=\u00a0\u00bb.vc_custom_1721339877756{background-color: rgba(10,10,10,0.01) !important;*background-color: rgb(10,10,10) !important;}\u00a0\u00bb]<\/p>\n<div style=\"text-align: left;\"><span style=\"color: #ffffff;\">La cuisine tha\u00eflandaise authentique poss\u00e8de une identit\u00e9 forte. Harmonieusement parfum\u00e9e, l\u2019\u00e9quilibre des saveurs est toujours tr\u00e8s juste.<\/span><\/div>\n<div style=\"text-align: left;\"><span style=\"color: #ffffff;\">Par exemple, les notes de cacahu\u00e8tes torr\u00e9fi\u00e9es sont contrebalanc\u00e9es par un citron vert acide et une sauce soja sal\u00e9e pour donner du caract\u00e8re.\u00a0<\/span><\/div>\n<div style=\"text-align: left;\"><span style=\"color: #ffffff;\">On trouve \u00e9galement des l\u00e9gumes frais et croquants dans toutes les recettes, ce qui am\u00e8ne cette fra\u00eecheur, ce pep\u2019s qui domine chaque plat.<\/span><\/div>\n<div style=\"text-align: left;\"><span style=\"color: #ffffff;\">Il y a beaucoup d&rsquo;exigences dans la cuisine Asiatique qui part d\u2019un amour du bon produit, savamment travaill\u00e9 et associ\u00e9. Tradition et cr\u00e9ativit\u00e9 font la cuisine de La Baie Tha\u00ef.\u00a0<\/span><\/div>\n<p>[\/vc_column_text][\/vc_column][\/vc_row][vc_row][vc_column][vc_column_text css_animation=\u00a0\u00bbfadeIn\u00a0\u00bb]<\/p>\n<h1><span style=\"color: #ffffff;\">Service rapide et chaleureux !<\/span><\/h1>\n<p>[\/vc_column_text][vc_column_text css_animation=\u00a0\u00bbfadeIn\u00a0\u00bb]<\/p>\n<div><span style=\"color: #ffffff;\">La Baie Tha\u00ef veille \u00e0 vous r\u00e9server un accueil chaleureux et un service de qualit\u00e9.<\/span><\/div>\n<div><span style=\"color: #ffffff;\">La Baie Tha\u00ef propose une pr\u00e9paration compl\u00e8te de bol cuit \u00e0 la minute, que vous aurez pr\u00e9alablement command\u00e9 soit par t\u00e9l .<\/span><\/div>\n<div><span style=\"color: #ffffff;\">Le service est rapide, mais il est attentionn\u00e9, personnalis\u00e9 et de qualit\u00e9. Nous voulons que le lieu soit accueillant, o\u00f9 l\u2019on se sent au carrefour de bonnes \u00e9nergies pour savourer des plats concoct\u00e9s avec soin.<\/span><\/div>\n<p>[\/vc_column_text][\/vc_column][\/vc_row][vc_row][vc_column][vc_single_image image=\u00a0\u00bb70&Prime; img_size=\u00a0\u00bbfull\u00a0\u00bb alignment=\u00a0\u00bbcenter\u00a0\u00bb][\/vc_column][\/vc_row][\/vc_section][vc_section full_width=\u00a0\u00bbstretch_row\u00a0\u00bb css=\u00a0\u00bb.vc_custom_1720350711243{background-image: url(https:\/\/vigilant-wilson.54-37-30-71.plesk.page\/wp-content\/uploads\/2024\/07\/Capture-decran-2024-07-07-125522.png?id=73) !important;background-position: center !important;background-repeat: no-repeat !important;background-size: cover !important;}\u00a0\u00bb][vc_row full_width=\u00a0\u00bbstretch_row\u00a0\u00bb css=\u00a0\u00bb.vc_custom_1720624999911{background-image: url(https:\/\/labaiethai.fr\/wp-content\/uploads\/2024\/07\/4.jpg?id=23) !important;background-position: center !important;background-repeat: no-repeat !important;background-size: cover !important;}\u00a0\u00bb][vc_column][vc_column_text css_animation=\u00a0\u00bbfadeIn\u00a0\u00bb]<\/p>\n<h1 style=\"text-align: center;\"><span style=\"color: #ffffff;\">La cuisine asiatique, des repas de qualit\u00e9<\/span><\/h1>\n<p>[\/vc_column_text][vc_column_text css_animation=\u00a0\u00bbfadeIn\u00a0\u00bb]<\/p>\n<div style=\"text-align: center;\"><span style=\"color: #ffffff;\">La Baie Tha\u00ef\u00a0suit des normes d\u2019hygi\u00e8ne strictes<\/span><\/div>\n<div style=\"text-align: center;\"><span style=\"color: #ffffff;\">Une \u00e9quipe veille au respect des normes dans le cadre de contr\u00f4les permanents. Des audits r\u00e9guliers sont assur\u00e9s par un organisme ext\u00e9rieur et ind\u00e9pendant.<\/span><\/div>\n<p>[\/vc_column_text][\/vc_column][\/vc_row][\/vc_section][vc_row][vc_column][vc_column_text css=\u00a0\u00bb.vc_custom_1721341975931{margin-top: 50px !important;}\u00a0\u00bb]<\/p>\n<h1 style=\"text-align: center;\"><span style=\"color: #ffffff;\">Contactez-moi<\/span><\/h1>\n<p>[\/vc_column_text][\/vc_column][\/vc_row][vc_row][vc_column width=\u00a0\u00bb1\/2&Prime;]\n<div class=\"wpcf7 no-js\" id=\"wpcf7-f6-o1\" lang=\"fr-FR\" dir=\"ltr\">\n<div class=\"screen-reader-response\"><p role=\"status\" aria-live=\"polite\" aria-atomic=\"true\"><\/p> <ul><\/ul><\/div>\n<form action=\"\/index.php\/wp-json\/wp\/v2\/pages\/90#wpcf7-f6-o1\" method=\"post\" class=\"wpcf7-form init\" aria-label=\"Formulaire de contact\" novalidate=\"novalidate\" data-status=\"init\">\n<div style=\"display: none;\">\n<input type=\"hidden\" name=\"_wpcf7\" value=\"6\" \/>\n<input type=\"hidden\" name=\"_wpcf7_version\" value=\"5.9.6\" \/>\n<input type=\"hidden\" name=\"_wpcf7_locale\" value=\"fr_FR\" \/>\n<input type=\"hidden\" name=\"_wpcf7_unit_tag\" value=\"wpcf7-f6-o1\" \/>\n<input type=\"hidden\" name=\"_wpcf7_container_post\" value=\"0\" \/>\n<input type=\"hidden\" name=\"_wpcf7_posted_data_hash\" value=\"\" \/>\n<\/div>\n<p><label> Votre nom<br \/>\n<span class=\"wpcf7-form-control-wrap\" data-name=\"your-name\"><input size=\"40\" maxlength=\"80\" class=\"wpcf7-form-control wpcf7-text wpcf7-validates-as-required\" autocomplete=\"name\" aria-required=\"true\" aria-invalid=\"false\" value=\"\" type=\"text\" name=\"your-name\" \/><\/span> <\/label>\n<\/p>\n<p><label> Votre e-mail<br \/>\n<span class=\"wpcf7-form-control-wrap\" data-name=\"your-email\"><input size=\"40\" maxlength=\"80\" class=\"wpcf7-form-control wpcf7-email wpcf7-validates-as-required wpcf7-text wpcf7-validates-as-email\" autocomplete=\"email\" aria-required=\"true\" aria-invalid=\"false\" value=\"\" type=\"email\" name=\"your-email\" \/><\/span> <\/label>\n<\/p>\n<p><label> Objet<br \/>\n<span class=\"wpcf7-form-control-wrap\" data-name=\"your-subject\"><input size=\"40\" maxlength=\"80\" class=\"wpcf7-form-control wpcf7-text wpcf7-validates-as-required\" aria-required=\"true\" aria-invalid=\"false\" value=\"\" type=\"text\" name=\"your-subject\" \/><\/span> <\/label>\n<\/p>\n<p><label> Votre message (facultatif)<br \/>\n<span class=\"wpcf7-form-control-wrap\" data-name=\"your-message\"><textarea cols=\"40\" rows=\"10\" maxlength=\"400\" class=\"wpcf7-form-control wpcf7-textarea\" aria-invalid=\"false\" name=\"your-message\"><\/textarea><\/span> <\/label>\n<\/p>\n<p><input class=\"wpcf7-form-control wpcf7-submit has-spinner\" type=\"submit\" value=\"Envoyer\" \/>\n<\/p><div class=\"wpcf7-response-output\" aria-hidden=\"true\"><\/div>\n<\/form>\n<\/div>\n[\/vc_column][vc_column width=\u00a0\u00bb1\/2&Prime;][vc_column_text css_animation=\u00a0\u00bbfadeIn\u00a0\u00bb]<\/p>\n<p style=\"text-align: center;\"><span style=\"color: #ffffff;\"><strong>Services disponibles: Service sur place non disponible, uniquement vente \u00e0 emporter.<\/strong><\/span><\/p>\n<p style=\"text-align: center;\"><span style=\"color: #ffffff;\">Adresse : 800 Route de Carennac, 46110 B\u00e9taille<\/span><br \/>\n<span style=\"color: #ffffff;\">Horaires :<\/span><\/p>\n<p style=\"text-align: center;\"><span style=\"color: #ffffff;\">lundi Ferm\u00e9<\/span><br \/>\n<span style=\"color: #ffffff;\">mardi 18:00\u201321:00<\/span><br \/>\n<span style=\"color: #ffffff;\">mercredi\u00a0 18:00\u201321:00<\/span><br \/>\n<span style=\"color: #ffffff;\">jeudi 18:00\u201321:00<\/span><br \/>\n<span style=\"color: #ffffff;\">vendredi 18:00\u201321:00<\/span><br \/>\n<span style=\"color: #ffffff;\">samedi 18:00\u201321:00<\/span><br \/>\n<span style=\"color: #ffffff;\">dimanche Ferm\u00e9<\/span><\/p>\n<p style=\"text-align: center;\"><span style=\"color: #ffffff;\"><strong>T\u00e9l\u00e9phone : 06 49 67 15 95<\/strong><\/span><\/p>\n<p>[\/vc_column_text][\/vc_column][\/vc_row]<\/p>\n","protected":false},"excerpt":{"rendered":"<p>[vc_section full_width=\u00a0\u00bbstretch_row\u00a0\u00bb css_animation=\u00a0\u00bbfadeInDown\u00a0\u00bb css=\u00a0\u00bb.vc_custom_1720624818359{background-image: url(https:\/\/labaiethai.fr\/wp-content\/uploads\/2024\/07\/1.jpg?id=20) !important;background-position: center !important;background-repeat: no-repeat !important;background-size: cover !important;}\u00a0\u00bb][vc_row][vc_column][vc_column_text css_animation=\u00a0\u00bbfadeIn\u00a0\u00bb] D\u00e9couvrez\u2028la Street Food tha\u00eflandaise [\/vc_column_text][vc_column_text css_animation=\u00a0\u00bbfadeIn\u00a0\u00bb] L&rsquo;Asie \u00e0 vos portes, \u00e0 d\u00e9couvrir chez La Baie Tha\u00ef !\u00a0 [\/vc_column_text][vc_column_text css_animation=\u00a0\u00bbfadeIn\u00a0\u00bb] Le temps d\u2019un repas partez \u00e0 la d\u00e9couverte de l&rsquo;Asie \u00e0 travers cette cuisine authentique, color\u00e9e et cr\u00e9ative. Chez la Baie Tha\u00ef, vous &hellip;<\/p>\n","protected":false},"author":1,"featured_media":0,"parent":0,"menu_order":0,"comment_status":"closed","ping_status":"closed","template":"","meta":{"footnotes":""},"class_list":["post-90","page","type-page","status-publish","hentry"],"yoast_head":"<!-- This site is optimized with the Yoast SEO plugin v23.0 - https:\/\/yoast.com\/wordpress\/plugins\/seo\/ -->\n<title>Accueil - La Baie Thai<\/title>\n<meta name=\"robots\" content=\"index, follow, max-snippet:-1, max-image-preview:large, max-video-preview:-1\" \/>\n<link rel=\"canonical\" href=\"https:\/\/labaiethai.fr\/\" \/>\n<meta property=\"og:locale\" content=\"fr_FR\" \/>\n<meta property=\"og:type\" content=\"article\" \/>\n<meta property=\"og:title\" content=\"Accueil - La Baie Thai\" \/>\n<meta property=\"og:description\" content=\"[vc_section full_width=\u00a0\u00bbstretch_row\u00a0\u00bb css_animation=\u00a0\u00bbfadeInDown\u00a0\u00bb css=\u00a0\u00bb.vc_custom_1720624818359{background-image: url(https:\/\/labaiethai.fr\/wp-content\/uploads\/2024\/07\/1.jpg?id=20) !important;background-position: center !important;background-repeat: no-repeat !important;background-size: cover !important;}\u00a0\u00bb][vc_row][vc_column][vc_column_text css_animation=\u00a0\u00bbfadeIn\u00a0\u00bb] D\u00e9couvrez\u2028la Street Food tha\u00eflandaise [\/vc_column_text][vc_column_text css_animation=\u00a0\u00bbfadeIn\u00a0\u00bb] L&rsquo;Asie \u00e0 vos portes, \u00e0 d\u00e9couvrir chez La Baie Tha\u00ef !\u00a0 [\/vc_column_text][vc_column_text css_animation=\u00a0\u00bbfadeIn\u00a0\u00bb] Le temps d\u2019un repas partez \u00e0 la d\u00e9couverte de l&rsquo;Asie \u00e0 travers cette cuisine authentique, color\u00e9e et cr\u00e9ative. Chez la Baie Tha\u00ef, vous &hellip;\" \/>\n<meta property=\"og:url\" content=\"https:\/\/labaiethai.fr\/\" \/>\n<meta property=\"og:site_name\" content=\"La Baie Thai\" \/>\n<meta property=\"article:modified_time\" content=\"2024-11-06T11:41:27+00:00\" \/>\n<meta name=\"twitter:card\" content=\"summary_large_image\" \/>\n<meta name=\"twitter:label1\" content=\"Dur\u00e9e de lecture estim\u00e9e\" \/>\n\t<meta name=\"twitter:data1\" content=\"4 minutes\" \/>\n<script type=\"application\/ld+json\" class=\"yoast-schema-graph\">{\"@context\":\"https:\/\/schema.org\",\"@graph\":[{\"@type\":\"WebPage\",\"@id\":\"https:\/\/labaiethai.fr\/\",\"url\":\"https:\/\/labaiethai.fr\/\",\"name\":\"Accueil - La Baie Thai\",\"isPartOf\":{\"@id\":\"https:\/\/labaiethai.fr\/#website\"},\"datePublished\":\"2024-07-07T11:30:39+00:00\",\"dateModified\":\"2024-11-06T11:41:27+00:00\",\"breadcrumb\":{\"@id\":\"https:\/\/labaiethai.fr\/#breadcrumb\"},\"inLanguage\":\"fr-FR\",\"potentialAction\":[{\"@type\":\"ReadAction\",\"target\":[\"https:\/\/labaiethai.fr\/\"]}]},{\"@type\":\"BreadcrumbList\",\"@id\":\"https:\/\/labaiethai.fr\/#breadcrumb\",\"itemListElement\":[{\"@type\":\"ListItem\",\"position\":1,\"name\":\"Accueil\",\"item\":\"https:\/\/labaiethai.fr\/\"},{\"@type\":\"ListItem\",\"position\":2,\"name\":\"Accueil\"}]},{\"@type\":\"WebSite\",\"@id\":\"https:\/\/labaiethai.fr\/#website\",\"url\":\"https:\/\/labaiethai.fr\/\",\"name\":\"La Baie Thai\",\"description\":\"\",\"publisher\":{\"@id\":\"https:\/\/labaiethai.fr\/#organization\"},\"potentialAction\":[{\"@type\":\"SearchAction\",\"target\":{\"@type\":\"EntryPoint\",\"urlTemplate\":\"https:\/\/labaiethai.fr\/?s={search_term_string}\"},\"query-input\":\"required name=search_term_string\"}],\"inLanguage\":\"fr-FR\"},{\"@type\":\"Organization\",\"@id\":\"https:\/\/labaiethai.fr\/#organization\",\"name\":\"La Baie Thai\",\"url\":\"https:\/\/labaiethai.fr\/\",\"logo\":{\"@type\":\"ImageObject\",\"inLanguage\":\"fr-FR\",\"@id\":\"https:\/\/labaiethai.fr\/#\/schema\/logo\/image\/\",\"url\":\"https:\/\/labaiethai.fr\/wp-content\/uploads\/2024\/07\/2-removebg-preview.png\",\"contentUrl\":\"https:\/\/labaiethai.fr\/wp-content\/uploads\/2024\/07\/2-removebg-preview.png\",\"width\":690,\"height\":362,\"caption\":\"La Baie Thai\"},\"image\":{\"@id\":\"https:\/\/labaiethai.fr\/#\/schema\/logo\/image\/\"}}]}<\/script>\n<!-- \/ Yoast SEO plugin. -->","yoast_head_json":{"title":"Accueil - La Baie Thai","robots":{"index":"index","follow":"follow","max-snippet":"max-snippet:-1","max-image-preview":"max-image-preview:large","max-video-preview":"max-video-preview:-1"},"canonical":"https:\/\/labaiethai.fr\/","og_locale":"fr_FR","og_type":"article","og_title":"Accueil - La Baie Thai","og_description":"[vc_section full_width=\u00a0\u00bbstretch_row\u00a0\u00bb css_animation=\u00a0\u00bbfadeInDown\u00a0\u00bb css=\u00a0\u00bb.vc_custom_1720624818359{background-image: url(https:\/\/labaiethai.fr\/wp-content\/uploads\/2024\/07\/1.jpg?id=20) !important;background-position: center !important;background-repeat: no-repeat !important;background-size: cover !important;}\u00a0\u00bb][vc_row][vc_column][vc_column_text css_animation=\u00a0\u00bbfadeIn\u00a0\u00bb] D\u00e9couvrez\u2028la Street Food tha\u00eflandaise [\/vc_column_text][vc_column_text css_animation=\u00a0\u00bbfadeIn\u00a0\u00bb] L&rsquo;Asie \u00e0 vos portes, \u00e0 d\u00e9couvrir chez La Baie Tha\u00ef !\u00a0 [\/vc_column_text][vc_column_text css_animation=\u00a0\u00bbfadeIn\u00a0\u00bb] Le temps d\u2019un repas partez \u00e0 la d\u00e9couverte de l&rsquo;Asie \u00e0 travers cette cuisine authentique, color\u00e9e et cr\u00e9ative. Chez la Baie Tha\u00ef, vous &hellip;","og_url":"https:\/\/labaiethai.fr\/","og_site_name":"La Baie Thai","article_modified_time":"2024-11-06T11:41:27+00:00","twitter_card":"summary_large_image","twitter_misc":{"Dur\u00e9e de lecture estim\u00e9e":"4 minutes"},"schema":{"@context":"https:\/\/schema.org","@graph":[{"@type":"WebPage","@id":"https:\/\/labaiethai.fr\/","url":"https:\/\/labaiethai.fr\/","name":"Accueil - La Baie Thai","isPartOf":{"@id":"https:\/\/labaiethai.fr\/#website"},"datePublished":"2024-07-07T11:30:39+00:00","dateModified":"2024-11-06T11:41:27+00:00","breadcrumb":{"@id":"https:\/\/labaiethai.fr\/#breadcrumb"},"inLanguage":"fr-FR","potentialAction":[{"@type":"ReadAction","target":["https:\/\/labaiethai.fr\/"]}]},{"@type":"BreadcrumbList","@id":"https:\/\/labaiethai.fr\/#breadcrumb","itemListElement":[{"@type":"ListItem","position":1,"name":"Accueil","item":"https:\/\/labaiethai.fr\/"},{"@type":"ListItem","position":2,"name":"Accueil"}]},{"@type":"WebSite","@id":"https:\/\/labaiethai.fr\/#website","url":"https:\/\/labaiethai.fr\/","name":"La Baie Thai","description":"","publisher":{"@id":"https:\/\/labaiethai.fr\/#organization"},"potentialAction":[{"@type":"SearchAction","target":{"@type":"EntryPoint","urlTemplate":"https:\/\/labaiethai.fr\/?s={search_term_string}"},"query-input":"required name=search_term_string"}],"inLanguage":"fr-FR"},{"@type":"Organization","@id":"https:\/\/labaiethai.fr\/#organization","name":"La Baie Thai","url":"https:\/\/labaiethai.fr\/","logo":{"@type":"ImageObject","inLanguage":"fr-FR","@id":"https:\/\/labaiethai.fr\/#\/schema\/logo\/image\/","url":"https:\/\/labaiethai.fr\/wp-content\/uploads\/2024\/07\/2-removebg-preview.png","contentUrl":"https:\/\/labaiethai.fr\/wp-content\/uploads\/2024\/07\/2-removebg-preview.png","width":690,"height":362,"caption":"La Baie Thai"},"image":{"@id":"https:\/\/labaiethai.fr\/#\/schema\/logo\/image\/"}}]}},"jetpack_sharing_enabled":true,"_links":{"self":[{"href":"https:\/\/labaiethai.fr\/index.php\/wp-json\/wp\/v2\/pages\/90","targetHints":{"allow":["GET"]}}],"collection":[{"href":"https:\/\/labaiethai.fr\/index.php\/wp-json\/wp\/v2\/pages"}],"about":[{"href":"https:\/\/labaiethai.fr\/index.php\/wp-json\/wp\/v2\/types\/page"}],"author":[{"embeddable":true,"href":"https:\/\/labaiethai.fr\/index.php\/wp-json\/wp\/v2\/users\/1"}],"replies":[{"embeddable":true,"href":"https:\/\/labaiethai.fr\/index.php\/wp-json\/wp\/v2\/comments?post=90"}],"version-history":[{"count":30,"href":"https:\/\/labaiethai.fr\/index.php\/wp-json\/wp\/v2\/pages\/90\/revisions"}],"predecessor-version":[{"id":652,"href":"https:\/\/labaiethai.fr\/index.php\/wp-json\/wp\/v2\/pages\/90\/revisions\/652"}],"wp:attachment":[{"href":"https:\/\/labaiethai.fr\/index.php\/wp-json\/wp\/v2\/media?parent=90"}],"curies":[{"name":"wp","href":"https:\/\/api.w.org\/{rel}","templated":true}]}}