{"id":42,"date":"2024-07-07T10:21:12","date_gmt":"2024-07-07T10:21:12","guid":{"rendered":"https:\/\/vigilant-wilson.54-37-30-71.plesk.page\/?page_id=42"},"modified":"2024-10-14T16:54:08","modified_gmt":"2024-10-14T16:54:08","slug":"mieux-nous-connaitre","status":"publish","type":"page","link":"https:\/\/labaiethai.fr\/index.php\/mieux-nous-connaitre\/","title":{"rendered":"Mieux nous connaitre"},"content":{"rendered":"<p>[vc_section full_width=\u00a0\u00bbstretch_row\u00a0\u00bb css_animation=\u00a0\u00bbfadeInDown\u00a0\u00bb css=\u00a0\u00bb.vc_custom_1720360453844{background-position: 0 0 !important;background-repeat: repeat !important;}\u00a0\u00bb el_id=\u00a0\u00bbfixedbg\u00a0\u00bb][vc_row][vc_column][vc_column_text el_class=\u00a0\u00bbtitle\u00a0\u00bb]<\/p>\n<h1 style=\"text-align: center;\">Mieux nous connaitre<\/h1>\n<p>[\/vc_column_text][\/vc_column][\/vc_row][vc_row el_class=\u00a0\u00bbstm\u00a0\u00bb][vc_column width=\u00a0\u00bb1\/2&Prime;][vc_column_text css_animation=\u00a0\u00bbfadeIn\u00a0\u00bb]<\/p>\n<h1><i>La richesse de notre culture<\/i><\/h1>\n<p>[\/vc_column_text][vc_column_text]<i>Je suis fi\u00e8re de mes origines tha\u00eflandaises qui ont fa\u00e7onn\u00e9 qui je suis aujourd&rsquo;hui. La richesse de notre culture, la beaut\u00e9 de notre paysage et la chaleur de notre peuple ont toujours \u00e9t\u00e9 une source d&rsquo;inspiration pour moi. Chaque fois que je pense \u00e0 la Tha\u00eflande, je suis remplie d&rsquo;un sentiment de gratitude et de fiert\u00e9 pour mes racines.<\/i>[\/vc_column_text][\/vc_column][vc_column width=\u00a0\u00bb1\/2&Prime;][vc_row_inner][vc_column_inner width=\u00a0\u00bb1\/3&Prime;][vc_single_image image=\u00a0\u00bb58&Prime; img_size=\u00a0\u00bbmedium\u00a0\u00bb alignment=\u00a0\u00bbright\u00a0\u00bb][\/vc_column_inner][vc_column_inner width=\u00a0\u00bb1\/3&Prime;][vc_single_image image=\u00a0\u00bb57&Prime; img_size=\u00a0\u00bbmedium\u00a0\u00bb][\/vc_column_inner][vc_column_inner width=\u00a0\u00bb1\/3&Prime;][vc_single_image image=\u00a0\u00bb59&Prime; img_size=\u00a0\u00bbmedium\u00a0\u00bb][\/vc_column_inner][\/vc_row_inner][\/vc_column][\/vc_row][vc_row el_class=\u00a0\u00bbstm\u00a0\u00bb css=\u00a0\u00bb.vc_custom_1721337566118{background-color: #4f4e01 !important;}\u00a0\u00bb][vc_column width=\u00a0\u00bb1\/2&Prime;][vc_row_inner][vc_column_inner][vc_single_image image=\u00a0\u00bb64&Prime; img_size=\u00a0\u00bbfull\u00a0\u00bb alignment=\u00a0\u00bbcenter\u00a0\u00bb][\/vc_column_inner][\/vc_row_inner][\/vc_column][vc_column width=\u00a0\u00bb1\/2&Prime;][vc_column_text css_animation=\u00a0\u00bbfadeIn\u00a0\u00bb]<\/p>\n<h1><i>La cuisine Tha\u00eflandaise\u00a0<\/i><\/h1>\n<p>[\/vc_column_text][vc_column_text]<i>Les saveurs exotiques de la cuisine tha\u00eflandaise, les traditions anciennes transmises de g\u00e9n\u00e9ration en g\u00e9n\u00e9ration, la danse \u00e9l\u00e9gante et la musique envo\u00fbtante, tout cela fait partie de mon identit\u00e9 et de mon h\u00e9ritage tha\u00eflandais. Chaque fois que je porte un v\u00eatement traditionnel tha\u00eflandais ou que j&rsquo;entends une chanson folklorique, je me sens connect\u00e9e \u00e0 mes racines et \u00e0 ma culture d&rsquo;une mani\u00e8re profonde et significative.<\/i>[\/vc_column_text][\/vc_column][\/vc_row][vc_row el_class=\u00a0\u00bbstm\u00a0\u00bb][vc_column width=\u00a0\u00bb1\/2&Prime;][vc_column_text css_animation=\u00a0\u00bbfadeIn\u00a0\u00bb]<\/p>\n<h1><i>Ma culture riche et diverse !<\/i><\/h1>\n<p>[\/vc_column_text][vc_column_text]<i>Mes origines tha\u00eflandaises sont une partie int\u00e9grante de qui je suis et de ce que je repr\u00e9sente. Je suis reconnaissante d&rsquo;avoir \u00e9t\u00e9 \u00e9lev\u00e9e dans une culture aussi riche et diverse, et je suis fi\u00e8re de partager ces traditions avec le monde. Ma fiert\u00e9 pour mes origines tha\u00eflandaises est un pilier fondamental de mon identit\u00e9 et continue d&rsquo;inspirer ma vie quotidienne.\u00a0\u00bb<\/i>[\/vc_column_text][\/vc_column][vc_column width=\u00a0\u00bb1\/2&Prime;][vc_single_image image=\u00a0\u00bb60&Prime; img_size=\u00a0\u00bbfull\u00a0\u00bb alignment=\u00a0\u00bbcenter\u00a0\u00bb][\/vc_column][\/vc_row][vc_row el_class=\u00a0\u00bbstm\u00a0\u00bb css=\u00a0\u00bb.vc_custom_1721337582784{background-color: #4f4e01 !important;}\u00a0\u00bb][vc_column width=\u00a0\u00bb1\/2&Prime;][vc_single_image image=\u00a0\u00bb61&Prime; img_size=\u00a0\u00bbfull\u00a0\u00bb alignment=\u00a0\u00bbcenter\u00a0\u00bb][\/vc_column][vc_column width=\u00a0\u00bb1\/2&Prime;][vc_column_text css_animation=\u00a0\u00bbfadeIn\u00a0\u00bb]<\/p>\n<h1><i>Je n&rsquo;ai jamais baiss\u00e9 les bras ! <\/i><\/h1>\n<p>[\/vc_column_text][vc_column_text]<i>\u00ab\u00a0Tout au long de ma vie, j&rsquo;ai d\u00fb faire face \u00e0 de nombreux probl\u00e8mes de sant\u00e9 qui ont mis \u00e0 rude \u00e9preuve mon corps et mon esprit. Chaque jour, j&rsquo;ai d\u00fb lutter contre la maladie, surmonter la douleur et affronter l&rsquo;incertitude de l&rsquo;avenir. <span data-olk-copy-source=\"MessageBody\">Mais, malgr\u00e9 toutes ces \u00e9preuves, je n\u2019ai jamais baisser les bras, jamais abandonn\u00e9 l\u2019espoir et jamais cess\u00e9 de croire en ma capacit\u00e9 \u00e0 me relever plus forte que jamais, et retrouver un secteur que j\u2019aimais tant par le pass\u00e9, la restauration.<\/span> \u00ab\u00a0<\/i>[\/vc_column_text][\/vc_column][\/vc_row][vc_row el_class=\u00a0\u00bbstm\u00a0\u00bb][vc_column][vc_single_image image=\u00a0\u00bb62&Prime; img_size=\u00a0\u00bb525*291&Prime; alignment=\u00a0\u00bbcenter\u00a0\u00bb][vc_column_text css_animation=\u00a0\u00bbfadeIn\u00a0\u00bb]<\/p>\n<h1 style=\"text-align: center;\">Ma force int\u00e9rieur<\/h1>\n<p>[\/vc_column_text][vc_column_text]<\/p>\n<p style=\"text-align: center;\"><i>\u00ab\u00a0Aujourd&rsquo;hui, je suis l\u00e0, pr\u00eate \u00e0 affronter de nouveaux d\u00e9fis avec d\u00e9termination et courage. Ma force int\u00e9rieure, forg\u00e9e par les \u00e9preuves que j&rsquo;ai travers\u00e9es, est ma plus grande alli\u00e9e dans ma qu\u00eate de bien-\u00eatre et d&rsquo;\u00e9panouissement. Je refuse de me laisser abattre par les obstacles et je choisis de puiser dans ma r\u00e9silience pour avancer sur le chemin de la gu\u00e9rison et de la reconstruction.<\/i><\/p>\n<p>La cuisine est pour moi bien plus qu&rsquo;une simple activit\u00e9 culinaire, c&rsquo;est un moyen de r\u00e9v\u00e9ler ma force int\u00e9rieure, ma cr\u00e9ativit\u00e9 et ma passion pour la vie. En cuisinant de bons plats, je canalise mon \u00e9nergie positive, je cultive mon amour pour la gastronomie et je partage ma joie de vivre avec ceux qui m&rsquo;entourent. Chaque plat que je pr\u00e9pare est le reflet de ma d\u00e9termination \u00e0 surmonter les \u00e9preuves et \u00e0 c\u00e9l\u00e9brer la vie dans toute sa splendeur.<\/p>\n<p>Ma cuisine est un hymne \u00e0 la r\u00e9silience, \u00e0 la pers\u00e9v\u00e9rance et \u00e0 la gratitude. Chaque ingr\u00e9dient, chaque saveur, chaque geste est empreint de ma force int\u00e9rieure et de ma volont\u00e9 de transcender les difficult\u00e9s pour atteindre de nouveaux sommets. En cuisinant de bons plats, je c\u00e9l\u00e8bre ma capacit\u00e9 \u00e0 me relever apr\u00e8s chaque chute, \u00e0 me r\u00e9inventer apr\u00e8s chaque \u00e9preuve et \u00e0 rayonner de tout mon \u00eatre malgr\u00e9 les temp\u00eates de la vie.<\/p>\n<p>Aujourd&rsquo;hui, je suis plus forte que jamais, pr\u00eate \u00e0 affronter l&rsquo;avenir avec confiance et d\u00e9termination. Ma cuisine est le reflet de ma force\u00a0\u00bb[\/vc_column_text][\/vc_column][\/vc_row][\/vc_section]<\/p>\n","protected":false},"excerpt":{"rendered":"<p>[vc_section full_width=\u00a0\u00bbstretch_row\u00a0\u00bb css_animation=\u00a0\u00bbfadeInDown\u00a0\u00bb css=\u00a0\u00bb.vc_custom_1720360453844{background-position: 0 0 !important;background-repeat: repeat !important;}\u00a0\u00bb el_id=\u00a0\u00bbfixedbg\u00a0\u00bb][vc_row][vc_column][vc_column_text el_class=\u00a0\u00bbtitle\u00a0\u00bb] Mieux nous connaitre [\/vc_column_text][\/vc_column][\/vc_row][vc_row el_class=\u00a0\u00bbstm\u00a0\u00bb][vc_column width=\u00a0\u00bb1\/2&Prime;][vc_column_text css_animation=\u00a0\u00bbfadeIn\u00a0\u00bb] La richesse de notre culture [\/vc_column_text][vc_column_text]Je suis fi\u00e8re de mes origines tha\u00eflandaises qui ont fa\u00e7onn\u00e9 qui je suis aujourd&rsquo;hui. La richesse de notre culture, la beaut\u00e9 de notre paysage et la chaleur de notre peuple ont toujours &hellip;<\/p>\n","protected":false},"author":1,"featured_media":0,"parent":0,"menu_order":0,"comment_status":"closed","ping_status":"closed","template":"","meta":{"footnotes":""},"class_list":["post-42","page","type-page","status-publish","hentry"],"yoast_head":"<!-- This site is optimized with the Yoast SEO plugin v23.0 - https:\/\/yoast.com\/wordpress\/plugins\/seo\/ -->\n<title>Mieux nous connaitre - La Baie Thai<\/title>\n<meta name=\"robots\" content=\"index, follow, max-snippet:-1, max-image-preview:large, max-video-preview:-1\" \/>\n<link rel=\"canonical\" href=\"https:\/\/labaiethai.fr\/index.php\/mieux-nous-connaitre\/\" \/>\n<meta property=\"og:locale\" content=\"fr_FR\" \/>\n<meta property=\"og:type\" content=\"article\" \/>\n<meta property=\"og:title\" content=\"Mieux nous connaitre - La Baie Thai\" \/>\n<meta property=\"og:description\" content=\"[vc_section full_width=\u00a0\u00bbstretch_row\u00a0\u00bb css_animation=\u00a0\u00bbfadeInDown\u00a0\u00bb css=\u00a0\u00bb.vc_custom_1720360453844{background-position: 0 0 !important;background-repeat: repeat !important;}\u00a0\u00bb el_id=\u00a0\u00bbfixedbg\u00a0\u00bb][vc_row][vc_column][vc_column_text el_class=\u00a0\u00bbtitle\u00a0\u00bb] Mieux nous connaitre [\/vc_column_text][\/vc_column][\/vc_row][vc_row el_class=\u00a0\u00bbstm\u00a0\u00bb][vc_column width=\u00a0\u00bb1\/2&Prime;][vc_column_text css_animation=\u00a0\u00bbfadeIn\u00a0\u00bb] La richesse de notre culture [\/vc_column_text][vc_column_text]Je suis fi\u00e8re de mes origines tha\u00eflandaises qui ont fa\u00e7onn\u00e9 qui je suis aujourd&rsquo;hui. La richesse de notre culture, la beaut\u00e9 de notre paysage et la chaleur de notre peuple ont toujours &hellip;\" \/>\n<meta property=\"og:url\" content=\"https:\/\/labaiethai.fr\/index.php\/mieux-nous-connaitre\/\" \/>\n<meta property=\"og:site_name\" content=\"La Baie Thai\" \/>\n<meta property=\"article:modified_time\" content=\"2024-10-14T16:54:08+00:00\" \/>\n<meta name=\"twitter:card\" content=\"summary_large_image\" \/>\n<meta name=\"twitter:label1\" content=\"Dur\u00e9e de lecture estim\u00e9e\" \/>\n\t<meta name=\"twitter:data1\" content=\"3 minutes\" \/>\n<script type=\"application\/ld+json\" class=\"yoast-schema-graph\">{\"@context\":\"https:\/\/schema.org\",\"@graph\":[{\"@type\":\"WebPage\",\"@id\":\"https:\/\/labaiethai.fr\/index.php\/mieux-nous-connaitre\/\",\"url\":\"https:\/\/labaiethai.fr\/index.php\/mieux-nous-connaitre\/\",\"name\":\"Mieux nous connaitre - La Baie Thai\",\"isPartOf\":{\"@id\":\"https:\/\/labaiethai.fr\/#website\"},\"datePublished\":\"2024-07-07T10:21:12+00:00\",\"dateModified\":\"2024-10-14T16:54:08+00:00\",\"breadcrumb\":{\"@id\":\"https:\/\/labaiethai.fr\/index.php\/mieux-nous-connaitre\/#breadcrumb\"},\"inLanguage\":\"fr-FR\",\"potentialAction\":[{\"@type\":\"ReadAction\",\"target\":[\"https:\/\/labaiethai.fr\/index.php\/mieux-nous-connaitre\/\"]}]},{\"@type\":\"BreadcrumbList\",\"@id\":\"https:\/\/labaiethai.fr\/index.php\/mieux-nous-connaitre\/#breadcrumb\",\"itemListElement\":[{\"@type\":\"ListItem\",\"position\":1,\"name\":\"Accueil\",\"item\":\"https:\/\/labaiethai.fr\/\"},{\"@type\":\"ListItem\",\"position\":2,\"name\":\"Mieux nous connaitre\"}]},{\"@type\":\"WebSite\",\"@id\":\"https:\/\/labaiethai.fr\/#website\",\"url\":\"https:\/\/labaiethai.fr\/\",\"name\":\"La Baie Thai\",\"description\":\"\",\"publisher\":{\"@id\":\"https:\/\/labaiethai.fr\/#organization\"},\"potentialAction\":[{\"@type\":\"SearchAction\",\"target\":{\"@type\":\"EntryPoint\",\"urlTemplate\":\"https:\/\/labaiethai.fr\/?s={search_term_string}\"},\"query-input\":\"required name=search_term_string\"}],\"inLanguage\":\"fr-FR\"},{\"@type\":\"Organization\",\"@id\":\"https:\/\/labaiethai.fr\/#organization\",\"name\":\"La Baie Thai\",\"url\":\"https:\/\/labaiethai.fr\/\",\"logo\":{\"@type\":\"ImageObject\",\"inLanguage\":\"fr-FR\",\"@id\":\"https:\/\/labaiethai.fr\/#\/schema\/logo\/image\/\",\"url\":\"https:\/\/labaiethai.fr\/wp-content\/uploads\/2024\/07\/2-removebg-preview.png\",\"contentUrl\":\"https:\/\/labaiethai.fr\/wp-content\/uploads\/2024\/07\/2-removebg-preview.png\",\"width\":690,\"height\":362,\"caption\":\"La Baie Thai\"},\"image\":{\"@id\":\"https:\/\/labaiethai.fr\/#\/schema\/logo\/image\/\"}}]}<\/script>\n<!-- \/ Yoast SEO plugin. -->","yoast_head_json":{"title":"Mieux nous connaitre - La Baie Thai","robots":{"index":"index","follow":"follow","max-snippet":"max-snippet:-1","max-image-preview":"max-image-preview:large","max-video-preview":"max-video-preview:-1"},"canonical":"https:\/\/labaiethai.fr\/index.php\/mieux-nous-connaitre\/","og_locale":"fr_FR","og_type":"article","og_title":"Mieux nous connaitre - La Baie Thai","og_description":"[vc_section full_width=\u00a0\u00bbstretch_row\u00a0\u00bb css_animation=\u00a0\u00bbfadeInDown\u00a0\u00bb css=\u00a0\u00bb.vc_custom_1720360453844{background-position: 0 0 !important;background-repeat: repeat !important;}\u00a0\u00bb el_id=\u00a0\u00bbfixedbg\u00a0\u00bb][vc_row][vc_column][vc_column_text el_class=\u00a0\u00bbtitle\u00a0\u00bb] Mieux nous connaitre [\/vc_column_text][\/vc_column][\/vc_row][vc_row el_class=\u00a0\u00bbstm\u00a0\u00bb][vc_column width=\u00a0\u00bb1\/2&Prime;][vc_column_text css_animation=\u00a0\u00bbfadeIn\u00a0\u00bb] La richesse de notre culture [\/vc_column_text][vc_column_text]Je suis fi\u00e8re de mes origines tha\u00eflandaises qui ont fa\u00e7onn\u00e9 qui je suis aujourd&rsquo;hui. La richesse de notre culture, la beaut\u00e9 de notre paysage et la chaleur de notre peuple ont toujours &hellip;","og_url":"https:\/\/labaiethai.fr\/index.php\/mieux-nous-connaitre\/","og_site_name":"La Baie Thai","article_modified_time":"2024-10-14T16:54:08+00:00","twitter_card":"summary_large_image","twitter_misc":{"Dur\u00e9e de lecture estim\u00e9e":"3 minutes"},"schema":{"@context":"https:\/\/schema.org","@graph":[{"@type":"WebPage","@id":"https:\/\/labaiethai.fr\/index.php\/mieux-nous-connaitre\/","url":"https:\/\/labaiethai.fr\/index.php\/mieux-nous-connaitre\/","name":"Mieux nous connaitre - La Baie Thai","isPartOf":{"@id":"https:\/\/labaiethai.fr\/#website"},"datePublished":"2024-07-07T10:21:12+00:00","dateModified":"2024-10-14T16:54:08+00:00","breadcrumb":{"@id":"https:\/\/labaiethai.fr\/index.php\/mieux-nous-connaitre\/#breadcrumb"},"inLanguage":"fr-FR","potentialAction":[{"@type":"ReadAction","target":["https:\/\/labaiethai.fr\/index.php\/mieux-nous-connaitre\/"]}]},{"@type":"BreadcrumbList","@id":"https:\/\/labaiethai.fr\/index.php\/mieux-nous-connaitre\/#breadcrumb","itemListElement":[{"@type":"ListItem","position":1,"name":"Accueil","item":"https:\/\/labaiethai.fr\/"},{"@type":"ListItem","position":2,"name":"Mieux nous connaitre"}]},{"@type":"WebSite","@id":"https:\/\/labaiethai.fr\/#website","url":"https:\/\/labaiethai.fr\/","name":"La Baie Thai","description":"","publisher":{"@id":"https:\/\/labaiethai.fr\/#organization"},"potentialAction":[{"@type":"SearchAction","target":{"@type":"EntryPoint","urlTemplate":"https:\/\/labaiethai.fr\/?s={search_term_string}"},"query-input":"required name=search_term_string"}],"inLanguage":"fr-FR"},{"@type":"Organization","@id":"https:\/\/labaiethai.fr\/#organization","name":"La Baie Thai","url":"https:\/\/labaiethai.fr\/","logo":{"@type":"ImageObject","inLanguage":"fr-FR","@id":"https:\/\/labaiethai.fr\/#\/schema\/logo\/image\/","url":"https:\/\/labaiethai.fr\/wp-content\/uploads\/2024\/07\/2-removebg-preview.png","contentUrl":"https:\/\/labaiethai.fr\/wp-content\/uploads\/2024\/07\/2-removebg-preview.png","width":690,"height":362,"caption":"La Baie Thai"},"image":{"@id":"https:\/\/labaiethai.fr\/#\/schema\/logo\/image\/"}}]}},"jetpack_sharing_enabled":true,"_links":{"self":[{"href":"https:\/\/labaiethai.fr\/index.php\/wp-json\/wp\/v2\/pages\/42","targetHints":{"allow":["GET"]}}],"collection":[{"href":"https:\/\/labaiethai.fr\/index.php\/wp-json\/wp\/v2\/pages"}],"about":[{"href":"https:\/\/labaiethai.fr\/index.php\/wp-json\/wp\/v2\/types\/page"}],"author":[{"embeddable":true,"href":"https:\/\/labaiethai.fr\/index.php\/wp-json\/wp\/v2\/users\/1"}],"replies":[{"embeddable":true,"href":"https:\/\/labaiethai.fr\/index.php\/wp-json\/wp\/v2\/comments?post=42"}],"version-history":[{"count":19,"href":"https:\/\/labaiethai.fr\/index.php\/wp-json\/wp\/v2\/pages\/42\/revisions"}],"predecessor-version":[{"id":640,"href":"https:\/\/labaiethai.fr\/index.php\/wp-json\/wp\/v2\/pages\/42\/revisions\/640"}],"wp:attachment":[{"href":"https:\/\/labaiethai.fr\/index.php\/wp-json\/wp\/v2\/media?parent=42"}],"curies":[{"name":"wp","href":"https:\/\/api.w.org\/{rel}","templated":true}]}}