{"id":244,"date":"2024-07-18T21:27:26","date_gmt":"2024-07-18T21:27:26","guid":{"rendered":"https:\/\/labaiethai.fr\/?page_id=244"},"modified":"2024-09-12T12:47:13","modified_gmt":"2024-09-12T12:47:13","slug":"partenaires","status":"publish","type":"page","link":"https:\/\/labaiethai.fr\/index.php\/partenaires\/","title":{"rendered":"Partenaires"},"content":{"rendered":"<p>[vc_section full_width=\u00a0\u00bbstretch_row\u00a0\u00bb css_animation=\u00a0\u00bbfadeInDown\u00a0\u00bb css=\u00a0\u00bb.vc_custom_1721339337208{background-image: url(https:\/\/labaiethai.fr\/wp-content\/uploads\/2024\/07\/381009437_823011869611861_700917929158842284_n.jpg?id=268) !important;background-position: 0 0 !important;background-repeat: repeat !important;}\u00a0\u00bb][vc_row][vc_column][vc_column_text el_class=\u00a0\u00bbtitle\u00a0\u00bb]<\/p>\n<h1 style=\"text-align: center;\">Nos partenaires<\/h1>\n<p>[\/vc_column_text][\/vc_column][\/vc_row][vc_row el_class=\u00a0\u00bbstm\u00a0\u00bb][vc_column width=\u00a0\u00bb1\/2&Prime;][vc_column_text css_animation=\u00a0\u00bbfadeIn\u00a0\u00bb]<\/p>\n<h1 style=\"text-align: center;\"><span style=\"color: #ffffff; font-family: 'Segoe UI Historic', 'Segoe UI', Helvetica, Arial, sans-serif; font-size: large;\">La Paysanne Rit Tauriac<\/span><\/h1>\n<p>[\/vc_column_text][vc_column_text]<\/p>\n<p style=\"text-align: center;\"><strong>Paniers de l\u00e9gumes &amp; fruits biologiques cultiv\u00e9s sur place et r\u00e9colt\u00e9s du jour.<\/strong><br \/>\n<strong>Produits d&rsquo;\u00e9picerie fine 100% certifi\u00e9s bio et 100% issus de petites fermes locales.<\/strong><br \/>\n<strong>Ouverture les mercredis de 17h00 \u00e0 18h30<\/strong><br \/>\n<strong>et les samedis de 15h00 \u00e0 18h00.<\/strong>[\/vc_column_text][vc_column_text]<\/p>\n<div>\n<div dir=\"auto\" style=\"text-align: center;\">\n<p><span style=\"color: #ffffff;\"><span style=\"font-family: Arial,sans-serif;\">Leurs paniers sont propos\u00e9s sur r\u00e9servation uniquement, car ils r\u00e9coltent tout le matin-m\u00eame en fonction des commandes pour garantir des l\u00e9gumes extras frais et riches en vitamines.\u00a0<\/span>Ils choisissent de travailler sans chambre froide afin d&rsquo;offrir des v\u00e9g\u00e9taux savoureux et de haute qualit\u00e9 qui se conservent parfaitement puisqu&rsquo;ils n&rsquo;ont pas \u00e9t\u00e9 alt\u00e9r\u00e9s par des chocs thermiques.<\/span><\/p>\n<p>&nbsp;<\/p>\n<\/div>\n<div dir=\"auto\"><\/div>\n<\/div>\n<div>\n<p dir=\"auto\" style=\"text-align: center;\">\u00ab\u00a0J&rsquo;ai eu un r\u00e9el coup de c\u0153ur pour cette exploitation agricole. Leur engagement envers la nature, le bien-\u00eatre et l&rsquo;authenticit\u00e9 du go\u00fbt est vraiment louable. Sans parler de ma ch\u00e8re Alyne et Christophe qui sont \u00e0 pr\u00e9sent devenus de vrais amis. Le fait qu&rsquo;ils privil\u00e9gient le bio pour pr\u00e9server la terre est une valeur importante de nos jours. Il est inspirant de voir des entreprises qui mettent en avant le courage et la passion pour offrir des produits de qualit\u00e9 tout en respectant l&rsquo;environnement. C&rsquo;est un bel exemple \u00e0 suivre pour une consommation plus responsable. Nos l\u00e9gumes viennent de chez eux bien \u00e9videmment !\u00a0\u00bb<\/p>\n<\/div>\n<p>[\/vc_column_text][vc_column_text]<\/p>\n<p style=\"text-align: center;\"><a href=\"https:\/\/www.facebook.com\/profile.php?id=100087759796124\" target=\"_blank\" rel=\"noopener noreferrer\" data-auth=\"NotApplicable\" data-linkindex=\"0\">Facebook<\/a><\/p>\n<p>[\/vc_column_text][\/vc_column][vc_column width=\u00a0\u00bb1\/2&Prime;][vc_row_inner][vc_column_inner width=\u00a0\u00bb1\/2&Prime;][vc_single_image image=\u00a0\u00bb253&Prime; img_size=\u00a0\u00bbmedium\u00a0\u00bb alignment=\u00a0\u00bbright\u00a0\u00bb][vc_single_image image=\u00a0\u00bb254&Prime; img_size=\u00a0\u00bbmedium\u00a0\u00bb alignment=\u00a0\u00bbright\u00a0\u00bb][vc_single_image image=\u00a0\u00bb256&Prime; img_size=\u00a0\u00bbmedium\u00a0\u00bb][\/vc_column_inner][vc_column_inner width=\u00a0\u00bb1\/2&Prime;][vc_single_image image=\u00a0\u00bb251&Prime; img_size=\u00a0\u00bbmedium\u00a0\u00bb][vc_single_image image=\u00a0\u00bb250&Prime; img_size=\u00a0\u00bbmedium\u00a0\u00bb][vc_single_image image=\u00a0\u00bb255&Prime; img_size=\u00a0\u00bbmedium\u00a0\u00bb][\/vc_column_inner][\/vc_row_inner][\/vc_column][\/vc_row][vc_row el_class=\u00a0\u00bbstm\u00a0\u00bb css=\u00a0\u00bb.vc_custom_1721337566118{background-color: #4f4e01 !important;}\u00a0\u00bb][vc_column width=\u00a0\u00bb1\/2&Prime;][vc_row_inner][vc_column_inner width=\u00a0\u00bb1\/2&Prime;][vc_single_image image=\u00a0\u00bb258&Prime; img_size=\u00a0\u00bbmedium\u00a0\u00bb alignment=\u00a0\u00bbright\u00a0\u00bb][vc_single_image image=\u00a0\u00bb260&Prime; img_size=\u00a0\u00bbmedium\u00a0\u00bb][vc_single_image image=\u00a0\u00bb261&Prime; img_size=\u00a0\u00bbmedium\u00a0\u00bb alignment=\u00a0\u00bbcenter\u00a0\u00bb][\/vc_column_inner][vc_column_inner width=\u00a0\u00bb1\/2&Prime;][vc_single_image image=\u00a0\u00bb259&Prime; img_size=\u00a0\u00bbfull\u00a0\u00bb][vc_single_image image=\u00a0\u00bb263&Prime; img_size=\u00a0\u00bbmedium\u00a0\u00bb alignment=\u00a0\u00bbright\u00a0\u00bb][vc_single_image image=\u00a0\u00bb264&Prime; img_size=\u00a0\u00bbmedium\u00a0\u00bb][\/vc_column_inner][\/vc_row_inner][\/vc_column][vc_column width=\u00a0\u00bb1\/2&Prime;][vc_column_text css_animation=\u00a0\u00bbfadeIn\u00a0\u00bb]<\/p>\n<h1 style=\"text-align: center;\"><span style=\"color: #ffffff; font-family: 'Segoe UI Historic', 'Segoe UI', Helvetica, Arial, sans-serif; font-size: large;\">La ferme d&rsquo;Elodie et Julien<\/span><\/h1>\n<p>[\/vc_column_text][vc_column_text]<\/p>\n<div style=\"text-align: center;\"><span style=\"color: #ffffff;\">Exploitation agricole biologique \u00e0 B\u00e9taille.\u00a0<span style=\"font-family: 'Segoe UI Historic', 'Segoe UI', Helvetica, Arial, sans-serif;\"><br \/>\n<\/span><\/span><\/div>\n<div style=\"text-align: center;\"><span style=\"color: #ffffff;\">Producteurs bovins, de noix, tomates, framboises, courges, asperges, pommes de\u00a0terre, bl\u00e9 et farine.\u00a0<\/span><\/div>\n<div style=\"text-align: center;\"><span style=\"color: #ffffff;\"><span style=\"font-family: 'Segoe UI Historic', 'Segoe UI', Helvetica, Arial, sans-serif;\">La plupart de leurs produits sont disponibles dans les magasins de producteurs\u00a0auxquels ils sont associ\u00e9s. (<\/span><span style=\"font-family: 'Segoe UI Historic', 'Segoe UI', Helvetica, Arial, sans-serif;\">Les fermiers du Haut Quercy)\u00a0<\/span><\/span><\/div>\n<div style=\"text-align: center;\"><span style=\"color: #ffffff;\">Ils vous accueillent sur leur exploitation, sur commande, les contacter par mail ou t\u00e9l\u00e9phone.<\/span><\/div>\n<p>[\/vc_column_text][vc_column_text]<\/p>\n<p style=\"text-align: center;\" class=\"ftp\">\u00ab\u00a0J&rsquo;ai d&rsquo;abord connu Elodie car c&rsquo;est une maman d&rsquo;une copine \u00e0 ma fille, nous avons sympathis\u00e9 la 1ere fois sur le parking ou nos filles prennent le car pour l&rsquo;\u00e9cole le matin, discussion passionnante dont je me souviens avait dur\u00e9 plus d&rsquo;une heure. Lors de l&rsquo;installation de la Baie Tha\u00ef, j&rsquo;ai tout de suite penser \u00e0 elle pour leur dessert \u00e0 base de noix, dont ils sont producteurs BIO, Elodie et Julien ont d\u00e9cliner plusieurs desserts, dont le cookinoix que vous retrouvez \u00e0 la vente chez la Baie tha\u00ef, ainsi que leurs pommes de terre pour certains de nos plats, et leur farine. Voisins dans le village de B\u00e9taille, que demander de mieux pour travailler ensemble en local ?\u00a0\u00bb<\/p>\n<p>[\/vc_column_text][vc_column_text]<\/p>\n<p style=\"text-align: center;\"><a href=\"https:\/\/www.facebook.com\/fermedelodieetjulien\" target=\"_blank\" rel=\"noopener noreferrer\" data-auth=\"NotApplicable\" data-linkindex=\"0\">Facebook<\/a><\/p>\n<p>[\/vc_column_text][\/vc_column][\/vc_row][vc_row el_class=\u00a0\u00bbstm\u00a0\u00bb][vc_column width=\u00a0\u00bb1\/2&Prime;][vc_column_text css_animation=\u00a0\u00bbfadeIn\u00a0\u00bb]<\/p>\n<h1 style=\"text-align: center;\"><span style=\"font-size: large;\">Des Demois&rsquo; Ailes\u00a0<\/span><\/h1>\n<p>[\/vc_column_text][vc_column_text]<\/p>\n<div style=\"text-align: center;\"><span style=\"color: #ffffff;\">Producteurs de lait AOP Rocamadour, de poulets biologiques et d&rsquo;\u0153ufs biologiques, agneaux Bio..<span style=\"font-size: large;\"><br \/>\n<\/span><\/span><\/div>\n<div>\n<div dir=\"auto\" style=\"text-align: center;\"><span style=\"color: #ffffff;\">Retrouvez leurs \u0153ufs frais en bo\u00eetes de 6 \u0153ufs Au Gamm vert de Cahors, A l&rsquo;\u00e9picerie de Vers, Chez Gasc Valette , A tout en local , Chez\u00a0Proxi st G\u00e9ry, A la SNC Berenbaum, Mangez lotois et bien d&rsquo;autres encore&#8230;<\/span><\/div>\n<\/div>\n<p>[\/vc_column_text][vc_column_text]<\/p>\n<p style=\"text-align: center;\" class=\"ftp\">\u00ab\u00a0Dans la cuisine asiatique, en plats chauds mijot\u00e9s, ou frits en accompagnement d&rsquo;un plat, on y retrouve beaucoup d&rsquo;oeufs, je tenais donc absolument \u00e0 trouver un partenaire r\u00e9gulier pour des oeufs bien frais BIO toujours en local. J&rsquo;ai connu Des Demois&rsquo;Ailes par le biais de ma ch\u00e8re Alyne, agricultrice de la Paysanne Rit Tauriac. \u00ab\u00a0Comme le dit l&rsquo;expression, seul on avance, \u00e0 plusieurs on avance plus vite et plus loins\u00a0\u00bb<\/p>\n<p>[\/vc_column_text][\/vc_column][vc_column width=\u00a0\u00bb1\/2&Prime;][vc_row_inner][vc_column_inner width=\u00a0\u00bb1\/2&Prime;][vc_single_image image=\u00a0\u00bb268&Prime; img_size=\u00a0\u00bbmedium\u00a0\u00bb alignment=\u00a0\u00bbright\u00a0\u00bb][vc_single_image image=\u00a0\u00bb269&Prime; img_size=\u00a0\u00bbmedium\u00a0\u00bb][vc_single_image image=\u00a0\u00bb270&Prime; img_size=\u00a0\u00bbmedium\u00a0\u00bb alignment=\u00a0\u00bbcenter\u00a0\u00bb][\/vc_column_inner][vc_column_inner width=\u00a0\u00bb1\/2&Prime;][vc_single_image image=\u00a0\u00bb267&Prime; img_size=\u00a0\u00bbfull\u00a0\u00bb][vc_single_image image=\u00a0\u00bb272&Prime; img_size=\u00a0\u00bbmedium\u00a0\u00bb alignment=\u00a0\u00bbright\u00a0\u00bb][\/vc_column_inner][\/vc_row_inner][\/vc_column][\/vc_row][\/vc_section]<\/p>\n","protected":false},"excerpt":{"rendered":"<p>[vc_section full_width=\u00a0\u00bbstretch_row\u00a0\u00bb css_animation=\u00a0\u00bbfadeInDown\u00a0\u00bb css=\u00a0\u00bb.vc_custom_1721339337208{background-image: url(https:\/\/labaiethai.fr\/wp-content\/uploads\/2024\/07\/381009437_823011869611861_700917929158842284_n.jpg?id=268) !important;background-position: 0 0 !important;background-repeat: repeat !important;}\u00a0\u00bb][vc_row][vc_column][vc_column_text el_class=\u00a0\u00bbtitle\u00a0\u00bb] Nos partenaires [\/vc_column_text][\/vc_column][\/vc_row][vc_row el_class=\u00a0\u00bbstm\u00a0\u00bb][vc_column width=\u00a0\u00bb1\/2&Prime;][vc_column_text css_animation=\u00a0\u00bbfadeIn\u00a0\u00bb] La Paysanne Rit Tauriac [\/vc_column_text][vc_column_text] Paniers de l\u00e9gumes &amp; fruits biologiques cultiv\u00e9s sur place et r\u00e9colt\u00e9s du jour. Produits d&rsquo;\u00e9picerie fine 100% certifi\u00e9s bio et 100% issus de petites fermes locales. Ouverture les mercredis de 17h00 \u00e0 &hellip;<\/p>\n","protected":false},"author":1,"featured_media":0,"parent":0,"menu_order":0,"comment_status":"closed","ping_status":"closed","template":"","meta":{"footnotes":""},"class_list":["post-244","page","type-page","status-publish","hentry"],"yoast_head":"<!-- This site is optimized with the Yoast SEO plugin v23.0 - https:\/\/yoast.com\/wordpress\/plugins\/seo\/ -->\n<title>Partenaires - La Baie Thai<\/title>\n<meta name=\"robots\" content=\"index, follow, max-snippet:-1, max-image-preview:large, max-video-preview:-1\" \/>\n<link rel=\"canonical\" href=\"https:\/\/labaiethai.fr\/index.php\/partenaires\/\" \/>\n<meta property=\"og:locale\" content=\"fr_FR\" \/>\n<meta property=\"og:type\" content=\"article\" \/>\n<meta property=\"og:title\" content=\"Partenaires - La Baie Thai\" \/>\n<meta property=\"og:description\" content=\"[vc_section full_width=\u00a0\u00bbstretch_row\u00a0\u00bb css_animation=\u00a0\u00bbfadeInDown\u00a0\u00bb css=\u00a0\u00bb.vc_custom_1721339337208{background-image: url(https:\/\/labaiethai.fr\/wp-content\/uploads\/2024\/07\/381009437_823011869611861_700917929158842284_n.jpg?id=268) !important;background-position: 0 0 !important;background-repeat: repeat !important;}\u00a0\u00bb][vc_row][vc_column][vc_column_text el_class=\u00a0\u00bbtitle\u00a0\u00bb] Nos partenaires [\/vc_column_text][\/vc_column][\/vc_row][vc_row el_class=\u00a0\u00bbstm\u00a0\u00bb][vc_column width=\u00a0\u00bb1\/2&Prime;][vc_column_text css_animation=\u00a0\u00bbfadeIn\u00a0\u00bb] La Paysanne Rit Tauriac [\/vc_column_text][vc_column_text] Paniers de l\u00e9gumes &amp; fruits biologiques cultiv\u00e9s sur place et r\u00e9colt\u00e9s du jour. Produits d&rsquo;\u00e9picerie fine 100% certifi\u00e9s bio et 100% issus de petites fermes locales. Ouverture les mercredis de 17h00 \u00e0 &hellip;\" \/>\n<meta property=\"og:url\" content=\"https:\/\/labaiethai.fr\/index.php\/partenaires\/\" \/>\n<meta property=\"og:site_name\" content=\"La Baie Thai\" \/>\n<meta property=\"article:modified_time\" content=\"2024-09-12T12:47:13+00:00\" \/>\n<meta name=\"twitter:card\" content=\"summary_large_image\" \/>\n<meta name=\"twitter:label1\" content=\"Dur\u00e9e de lecture estim\u00e9e\" \/>\n\t<meta name=\"twitter:data1\" content=\"3 minutes\" \/>\n<script type=\"application\/ld+json\" class=\"yoast-schema-graph\">{\"@context\":\"https:\/\/schema.org\",\"@graph\":[{\"@type\":\"WebPage\",\"@id\":\"https:\/\/labaiethai.fr\/index.php\/partenaires\/\",\"url\":\"https:\/\/labaiethai.fr\/index.php\/partenaires\/\",\"name\":\"Partenaires - La Baie Thai\",\"isPartOf\":{\"@id\":\"https:\/\/labaiethai.fr\/#website\"},\"datePublished\":\"2024-07-18T21:27:26+00:00\",\"dateModified\":\"2024-09-12T12:47:13+00:00\",\"breadcrumb\":{\"@id\":\"https:\/\/labaiethai.fr\/index.php\/partenaires\/#breadcrumb\"},\"inLanguage\":\"fr-FR\",\"potentialAction\":[{\"@type\":\"ReadAction\",\"target\":[\"https:\/\/labaiethai.fr\/index.php\/partenaires\/\"]}]},{\"@type\":\"BreadcrumbList\",\"@id\":\"https:\/\/labaiethai.fr\/index.php\/partenaires\/#breadcrumb\",\"itemListElement\":[{\"@type\":\"ListItem\",\"position\":1,\"name\":\"Accueil\",\"item\":\"https:\/\/labaiethai.fr\/\"},{\"@type\":\"ListItem\",\"position\":2,\"name\":\"Partenaires\"}]},{\"@type\":\"WebSite\",\"@id\":\"https:\/\/labaiethai.fr\/#website\",\"url\":\"https:\/\/labaiethai.fr\/\",\"name\":\"La Baie Thai\",\"description\":\"\",\"publisher\":{\"@id\":\"https:\/\/labaiethai.fr\/#organization\"},\"potentialAction\":[{\"@type\":\"SearchAction\",\"target\":{\"@type\":\"EntryPoint\",\"urlTemplate\":\"https:\/\/labaiethai.fr\/?s={search_term_string}\"},\"query-input\":\"required name=search_term_string\"}],\"inLanguage\":\"fr-FR\"},{\"@type\":\"Organization\",\"@id\":\"https:\/\/labaiethai.fr\/#organization\",\"name\":\"La Baie Thai\",\"url\":\"https:\/\/labaiethai.fr\/\",\"logo\":{\"@type\":\"ImageObject\",\"inLanguage\":\"fr-FR\",\"@id\":\"https:\/\/labaiethai.fr\/#\/schema\/logo\/image\/\",\"url\":\"https:\/\/labaiethai.fr\/wp-content\/uploads\/2024\/07\/2-removebg-preview.png\",\"contentUrl\":\"https:\/\/labaiethai.fr\/wp-content\/uploads\/2024\/07\/2-removebg-preview.png\",\"width\":690,\"height\":362,\"caption\":\"La Baie Thai\"},\"image\":{\"@id\":\"https:\/\/labaiethai.fr\/#\/schema\/logo\/image\/\"}}]}<\/script>\n<!-- \/ Yoast SEO plugin. -->","yoast_head_json":{"title":"Partenaires - La Baie Thai","robots":{"index":"index","follow":"follow","max-snippet":"max-snippet:-1","max-image-preview":"max-image-preview:large","max-video-preview":"max-video-preview:-1"},"canonical":"https:\/\/labaiethai.fr\/index.php\/partenaires\/","og_locale":"fr_FR","og_type":"article","og_title":"Partenaires - La Baie Thai","og_description":"[vc_section full_width=\u00a0\u00bbstretch_row\u00a0\u00bb css_animation=\u00a0\u00bbfadeInDown\u00a0\u00bb css=\u00a0\u00bb.vc_custom_1721339337208{background-image: url(https:\/\/labaiethai.fr\/wp-content\/uploads\/2024\/07\/381009437_823011869611861_700917929158842284_n.jpg?id=268) !important;background-position: 0 0 !important;background-repeat: repeat !important;}\u00a0\u00bb][vc_row][vc_column][vc_column_text el_class=\u00a0\u00bbtitle\u00a0\u00bb] Nos partenaires [\/vc_column_text][\/vc_column][\/vc_row][vc_row el_class=\u00a0\u00bbstm\u00a0\u00bb][vc_column width=\u00a0\u00bb1\/2&Prime;][vc_column_text css_animation=\u00a0\u00bbfadeIn\u00a0\u00bb] La Paysanne Rit Tauriac [\/vc_column_text][vc_column_text] Paniers de l\u00e9gumes &amp; fruits biologiques cultiv\u00e9s sur place et r\u00e9colt\u00e9s du jour. Produits d&rsquo;\u00e9picerie fine 100% certifi\u00e9s bio et 100% issus de petites fermes locales. Ouverture les mercredis de 17h00 \u00e0 &hellip;","og_url":"https:\/\/labaiethai.fr\/index.php\/partenaires\/","og_site_name":"La Baie Thai","article_modified_time":"2024-09-12T12:47:13+00:00","twitter_card":"summary_large_image","twitter_misc":{"Dur\u00e9e de lecture estim\u00e9e":"3 minutes"},"schema":{"@context":"https:\/\/schema.org","@graph":[{"@type":"WebPage","@id":"https:\/\/labaiethai.fr\/index.php\/partenaires\/","url":"https:\/\/labaiethai.fr\/index.php\/partenaires\/","name":"Partenaires - La Baie Thai","isPartOf":{"@id":"https:\/\/labaiethai.fr\/#website"},"datePublished":"2024-07-18T21:27:26+00:00","dateModified":"2024-09-12T12:47:13+00:00","breadcrumb":{"@id":"https:\/\/labaiethai.fr\/index.php\/partenaires\/#breadcrumb"},"inLanguage":"fr-FR","potentialAction":[{"@type":"ReadAction","target":["https:\/\/labaiethai.fr\/index.php\/partenaires\/"]}]},{"@type":"BreadcrumbList","@id":"https:\/\/labaiethai.fr\/index.php\/partenaires\/#breadcrumb","itemListElement":[{"@type":"ListItem","position":1,"name":"Accueil","item":"https:\/\/labaiethai.fr\/"},{"@type":"ListItem","position":2,"name":"Partenaires"}]},{"@type":"WebSite","@id":"https:\/\/labaiethai.fr\/#website","url":"https:\/\/labaiethai.fr\/","name":"La Baie Thai","description":"","publisher":{"@id":"https:\/\/labaiethai.fr\/#organization"},"potentialAction":[{"@type":"SearchAction","target":{"@type":"EntryPoint","urlTemplate":"https:\/\/labaiethai.fr\/?s={search_term_string}"},"query-input":"required name=search_term_string"}],"inLanguage":"fr-FR"},{"@type":"Organization","@id":"https:\/\/labaiethai.fr\/#organization","name":"La Baie Thai","url":"https:\/\/labaiethai.fr\/","logo":{"@type":"ImageObject","inLanguage":"fr-FR","@id":"https:\/\/labaiethai.fr\/#\/schema\/logo\/image\/","url":"https:\/\/labaiethai.fr\/wp-content\/uploads\/2024\/07\/2-removebg-preview.png","contentUrl":"https:\/\/labaiethai.fr\/wp-content\/uploads\/2024\/07\/2-removebg-preview.png","width":690,"height":362,"caption":"La Baie Thai"},"image":{"@id":"https:\/\/labaiethai.fr\/#\/schema\/logo\/image\/"}}]}},"jetpack_sharing_enabled":true,"_links":{"self":[{"href":"https:\/\/labaiethai.fr\/index.php\/wp-json\/wp\/v2\/pages\/244","targetHints":{"allow":["GET"]}}],"collection":[{"href":"https:\/\/labaiethai.fr\/index.php\/wp-json\/wp\/v2\/pages"}],"about":[{"href":"https:\/\/labaiethai.fr\/index.php\/wp-json\/wp\/v2\/types\/page"}],"author":[{"embeddable":true,"href":"https:\/\/labaiethai.fr\/index.php\/wp-json\/wp\/v2\/users\/1"}],"replies":[{"embeddable":true,"href":"https:\/\/labaiethai.fr\/index.php\/wp-json\/wp\/v2\/comments?post=244"}],"version-history":[{"count":12,"href":"https:\/\/labaiethai.fr\/index.php\/wp-json\/wp\/v2\/pages\/244\/revisions"}],"predecessor-version":[{"id":622,"href":"https:\/\/labaiethai.fr\/index.php\/wp-json\/wp\/v2\/pages\/244\/revisions\/622"}],"wp:attachment":[{"href":"https:\/\/labaiethai.fr\/index.php\/wp-json\/wp\/v2\/media?parent=244"}],"curies":[{"name":"wp","href":"https:\/\/api.w.org\/{rel}","templated":true}]}}